{"id":110231,"date":"2025-05-29T11:42:25","date_gmt":"2025-05-29T09:42:25","guid":{"rendered":"https:\/\/abinox-chr-clim.com\/index.php\/product\/conteneur-isotherme-gn-a-chargement-frontal-vogue-thermo-box-600\/"},"modified":"2026-04-24T11:10:52","modified_gmt":"2026-04-24T09:10:52","slug":"conteneur-isotherme-gn-a-chargement-frontal-vogue-thermo-box-600","status":"publish","type":"product","link":"https:\/\/abinox-chr-clim.com\/index.php\/product\/conteneur-isotherme-gn-a-chargement-frontal-vogue-thermo-box-600\/","title":{"rendered":"Conteneur isotherme GN \u00e0 chargement frontal Vogue Thermo-Box 600"},"content":{"rendered":"<p>Syst\u00e8me de stockage et de transport des aliments exceptionnellement robuste, de construction l\u00e9g\u00e8re mais durable. Convient aux formats GN 1\/1, avec un chargement frontal \u00e0 charni\u00e8re pour un acc\u00e8s facile. Convient aux aliments chauds, froids et ambiants. Conception empilable permettant de gagner de la place.<\/p>\n<p>\u2022 Le mat\u00e9riau LDPE est r\u00e9sistant aux chocs et tr\u00e8s isolant &#8211; id\u00e9al pour le transport d&rsquo;aliments chauds, froids et ambiants<br \/>\u2022 Compatible avec les plateaux gastronormes<br \/>\u2022 Chariot de transport disponible pour faciliter le transport &#8211; code DX993<br \/>\u2022 Compatible GN 1\/1 profondeur 65-200mm &#8211; le nombre de bacs d\u00e9pend de la profondeur<br \/>\u2022 La porte battante permet un chargement et un d\u00e9chargement faciles<br \/>\u2022 Conception empilable peu encombrante<br \/>\u2022 A titre indicatif, ce produit peut contenir 6x GN 1\/1 de 65mm ou 2x GN 1\/1 de 200mm<br \/>\u2022 Conception \u00e0 chargement frontal facile<br \/>\u2022 Id\u00e9al pour la restauration \u00e9v\u00e9nementielle<br \/>\u2022 D&rsquo;excellentes propri\u00e9t\u00e9s isolantes maintiennent les aliments au chaud pendant le stockage et le transport. Parfait pour les aliments chauds, froids et frais<br \/>\u2022 Joint silicone porte ronde<\/p>\n<p><b><u>Caract\u00e9ristiques du produit :<\/u><\/b><br \/>\u2022 Mati\u00e8re : Poly\u00e9thyl\u00e8ne basse densit\u00e9<br \/>\u2022 Couleur : Noir.<\/p>\n","protected":false},"excerpt":{"rendered":"<p>465x610x630mm<\/p>\n","protected":false},"featured_media":106736,"comment_status":"open","ping_status":"closed","template":"","meta":[],"product_brand":[],"product_cat":[1280,1064,1296,1074],"product_tag":[],"class_list":{"0":"post-110231","1":"product","2":"type-product","3":"status-publish","4":"has-post-thumbnail","6":"product_cat-conteneurs-alimentaires-et-bacs-gastronorme-cuisine","7":"product_cat-cuisine","8":"product_cat-palettisable","9":"product_cat-thermobox-et-sacs","10":"product_shipping_class-free-shipping","12":"first","13":"instock","14":"featured","15":"taxable","16":"shipping-taxable","17":"purchasable","18":"product-type-simple"},"_links":{"self":[{"href":"https:\/\/abinox-chr-clim.com\/index.php\/wp-json\/wp\/v2\/product\/110231","targetHints":{"allow":["GET"]}}],"collection":[{"href":"https:\/\/abinox-chr-clim.com\/index.php\/wp-json\/wp\/v2\/product"}],"about":[{"href":"https:\/\/abinox-chr-clim.com\/index.php\/wp-json\/wp\/v2\/types\/product"}],"replies":[{"embeddable":true,"href":"https:\/\/abinox-chr-clim.com\/index.php\/wp-json\/wp\/v2\/comments?post=110231"}],"wp:featuredmedia":[{"embeddable":true,"href":"https:\/\/abinox-chr-clim.com\/index.php\/wp-json\/wp\/v2\/media\/106736"}],"wp:attachment":[{"href":"https:\/\/abinox-chr-clim.com\/index.php\/wp-json\/wp\/v2\/media?parent=110231"}],"wp:term":[{"taxonomy":"product_brand","embeddable":true,"href":"https:\/\/abinox-chr-clim.com\/index.php\/wp-json\/wp\/v2\/product_brand?post=110231"},{"taxonomy":"product_cat","embeddable":true,"href":"https:\/\/abinox-chr-clim.com\/index.php\/wp-json\/wp\/v2\/product_cat?post=110231"},{"taxonomy":"product_tag","embeddable":true,"href":"https:\/\/abinox-chr-clim.com\/index.php\/wp-json\/wp\/v2\/product_tag?post=110231"}],"curies":[{"name":"wp","href":"https:\/\/api.w.org\/{rel}","templated":true}]}}