{"id":110225,"date":"2025-05-29T11:42:13","date_gmt":"2025-05-29T09:42:13","guid":{"rendered":"https:\/\/abinox-chr-clim.com\/index.php\/product\/conteneur-gn-isotherme-epp-vogue-86l\/"},"modified":"2026-04-24T10:46:37","modified_gmt":"2026-04-24T08:46:37","slug":"conteneur-gn-isotherme-epp-vogue-86l","status":"publish","type":"product","link":"https:\/\/abinox-chr-clim.com\/index.php\/product\/conteneur-gn-isotherme-epp-vogue-86l\/","title":{"rendered":"Conteneur GN isotherme EPP Vogue 86L"},"content":{"rendered":"<p>Conteneur grande capacit\u00e9 pour le transport des aliments, id\u00e9al pour garder les aliments au chaud pendant de longues p\u00e9riodes. Convient aux bacs GN 1\/1, derri\u00e8re une porte \u00e0 chargement frontal pratique. Conception empilable pour un gain de place lors de l&rsquo;utilisation ou du stockage.<\/p>\n<p>\u2022 Le mat\u00e9riau EPP est r\u00e9sistant aux chocs et tr\u00e8s isolant &#8211; id\u00e9al pour le transport d&rsquo;aliments chauds et froids<br \/>\u2022 Convient au GN 1\/1 d&rsquo;une profondeur de 65 \u00e0 200 mm<br \/>\u2022 Le PPE passe \u00e9galement au lave-vaisselle convient aux lave-vaisselle commerciaux.<br \/>\u2022 Conception empilable peu encombrante<br \/>\u2022 Couvercle \u00e0 fermeture herm\u00e9tique pour une meilleure r\u00e9tention de la temp\u00e9rature<br \/>\u2022 Conception \u00e0 chargement frontal facile<br \/>\u2022 En fin de vie, la bo\u00eete peut \u00eatre enti\u00e8rement recycl\u00e9e<br \/>\u2022 Convient au transport de produits alimentaires de -40\u00b0C \u00e0 +120\u00b0C<br \/>\u2022 Compatible avec les bacs gastronormes<\/p>\n<p><b><u>Caract\u00e9ristiques du produit :<\/u><\/b><br \/>\u2022 Capacit\u00e9 : 86 L<br \/>\u2022 Mati\u00e8re : Polypropyl\u00e8ne expans\u00e9<br \/>\u2022 Couleur : Noir.<\/p>\n","protected":false},"excerpt":{"rendered":"<p>645x440x630mm<\/p>\n","protected":false},"featured_media":108585,"comment_status":"open","ping_status":"closed","template":"","meta":[],"product_brand":[],"product_cat":[1280,1064,1296,1074],"product_tag":[],"class_list":{"0":"post-110225","1":"product","2":"type-product","3":"status-publish","4":"has-post-thumbnail","6":"product_cat-conteneurs-alimentaires-et-bacs-gastronorme-cuisine","7":"product_cat-cuisine","8":"product_cat-palettisable","9":"product_cat-thermobox-et-sacs","10":"product_shipping_class-free-shipping","12":"first","13":"instock","14":"featured","15":"taxable","16":"shipping-taxable","17":"purchasable","18":"product-type-simple"},"_links":{"self":[{"href":"https:\/\/abinox-chr-clim.com\/index.php\/wp-json\/wp\/v2\/product\/110225","targetHints":{"allow":["GET"]}}],"collection":[{"href":"https:\/\/abinox-chr-clim.com\/index.php\/wp-json\/wp\/v2\/product"}],"about":[{"href":"https:\/\/abinox-chr-clim.com\/index.php\/wp-json\/wp\/v2\/types\/product"}],"replies":[{"embeddable":true,"href":"https:\/\/abinox-chr-clim.com\/index.php\/wp-json\/wp\/v2\/comments?post=110225"}],"wp:featuredmedia":[{"embeddable":true,"href":"https:\/\/abinox-chr-clim.com\/index.php\/wp-json\/wp\/v2\/media\/108585"}],"wp:attachment":[{"href":"https:\/\/abinox-chr-clim.com\/index.php\/wp-json\/wp\/v2\/media?parent=110225"}],"wp:term":[{"taxonomy":"product_brand","embeddable":true,"href":"https:\/\/abinox-chr-clim.com\/index.php\/wp-json\/wp\/v2\/product_brand?post=110225"},{"taxonomy":"product_cat","embeddable":true,"href":"https:\/\/abinox-chr-clim.com\/index.php\/wp-json\/wp\/v2\/product_cat?post=110225"},{"taxonomy":"product_tag","embeddable":true,"href":"https:\/\/abinox-chr-clim.com\/index.php\/wp-json\/wp\/v2\/product_tag?post=110225"}],"curies":[{"name":"wp","href":"https:\/\/api.w.org\/{rel}","templated":true}]}}