{"id":110223,"date":"2025-05-29T11:42:10","date_gmt":"2025-05-29T09:42:10","guid":{"rendered":"https:\/\/abinox-chr-clim.com\/index.php\/product\/fauteuils-bolero-mateo-cafe-vert-menthe-lot-de-2\/"},"modified":"2026-04-14T11:27:38","modified_gmt":"2026-04-14T09:27:38","slug":"fauteuils-bolero-mateo-cafe-vert-menthe-lot-de-2","status":"publish","type":"product","link":"https:\/\/abinox-chr-clim.com\/index.php\/product\/fauteuils-bolero-mateo-cafe-vert-menthe-lot-de-2\/","title":{"rendered":"Fauteuils Bolero Mateo Caf\u00e9 vert menthe (lot de 2)"},"content":{"rendered":"<p>Ces chaises de style caf\u00e9, disponibles dans une vari\u00e9t\u00e9 de couleurs vives, allient confort et durabilit\u00e9. Leur design \u00e9pur\u00e9 et leur construction robuste les rendent id\u00e9ales pour cr\u00e9er un environnement de caf\u00e9 \u00e9l\u00e9gant et accueillant.<\/p>\n<p>\u2022 Les fauteuils sont empilables, id\u00e9al pour le stockage et gain d&rsquo;espace lorsqu&rsquo;ils ne sont pas utilis\u00e9s<br \/>\u2022 Convient pour une utilisation en int\u00e9rieur et ext\u00e9rieur<br \/>\u2022 Les embouts des pieds de chaises aident \u00e0 \u00e9viter les marques sur les sols<br \/>\u2022 Fournis enti\u00e8rement assembl\u00e9s en lot de 2<br \/>\u2022 R\u00e9sistant aux UV<br \/>\u2022 Facile \u00e0 essuyer et \u00e0 nettoyer<br \/>\u2022 Fabriqu\u00e9 en mat\u00e9riau plastique durable<br \/>\u2022 L\u00e9ger et facile \u00e0 d\u00e9placer<\/p>\n<p><b><u>Caract\u00e9ristiques du produit :<\/u><\/b><br \/>\u2022 Lot : 2.0<br \/>\u2022 Dim. : 760(H) x 525(L) mm<br \/>\u2022 Mati\u00e8re : Polypropyl\u00e8ne<br \/>\u2022 Poids : 4,5 kg<br \/>\u2022 Couleur : Vert.<\/p>\n","protected":false},"excerpt":{"rendered":"<p>Quantit\u00e9 par lot : 2<\/p>\n","protected":false},"featured_media":108584,"comment_status":"open","ping_status":"closed","template":"","meta":[],"product_brand":[],"product_cat":[1209,1208,1201,1297],"product_tag":[],"class_list":{"0":"post-110223","1":"product","2":"type-product","3":"status-publish","4":"has-post-thumbnail","6":"product_cat-chaises-interieur","7":"product_cat-interieur","8":"product_cat-mobilier","9":"product_cat-non-palettisable","10":"product_shipping_class-free-shipping","12":"first","13":"instock","14":"featured","15":"taxable","16":"shipping-taxable","17":"purchasable","18":"product-type-simple"},"_links":{"self":[{"href":"https:\/\/abinox-chr-clim.com\/index.php\/wp-json\/wp\/v2\/product\/110223","targetHints":{"allow":["GET"]}}],"collection":[{"href":"https:\/\/abinox-chr-clim.com\/index.php\/wp-json\/wp\/v2\/product"}],"about":[{"href":"https:\/\/abinox-chr-clim.com\/index.php\/wp-json\/wp\/v2\/types\/product"}],"replies":[{"embeddable":true,"href":"https:\/\/abinox-chr-clim.com\/index.php\/wp-json\/wp\/v2\/comments?post=110223"}],"wp:featuredmedia":[{"embeddable":true,"href":"https:\/\/abinox-chr-clim.com\/index.php\/wp-json\/wp\/v2\/media\/108584"}],"wp:attachment":[{"href":"https:\/\/abinox-chr-clim.com\/index.php\/wp-json\/wp\/v2\/media?parent=110223"}],"wp:term":[{"taxonomy":"product_brand","embeddable":true,"href":"https:\/\/abinox-chr-clim.com\/index.php\/wp-json\/wp\/v2\/product_brand?post=110223"},{"taxonomy":"product_cat","embeddable":true,"href":"https:\/\/abinox-chr-clim.com\/index.php\/wp-json\/wp\/v2\/product_cat?post=110223"},{"taxonomy":"product_tag","embeddable":true,"href":"https:\/\/abinox-chr-clim.com\/index.php\/wp-json\/wp\/v2\/product_tag?post=110223"}],"curies":[{"name":"wp","href":"https:\/\/api.w.org\/{rel}","templated":true}]}}