{"id":110215,"date":"2025-05-29T11:41:55","date_gmt":"2025-05-29T09:41:55","guid":{"rendered":"https:\/\/abinox-chr-clim.com\/index.php\/product\/chopes-utopia-rhine-410-ml-lot-de-6\/"},"modified":"2026-04-24T11:07:52","modified_gmt":"2026-04-24T09:07:52","slug":"chopes-utopia-rhine-410-ml-lot-de-6","status":"publish","type":"product","link":"https:\/\/abinox-chr-clim.com\/index.php\/product\/chopes-utopia-rhine-410-ml-lot-de-6\/","title":{"rendered":"Chopes Utopia Rhine 410 ml (lot de 6)"},"content":{"rendered":"<p>Fabriqu\u00e9 \u00e0 la perfection par Crown Glassware, ces verres hiball Rhine sont d\u00e9cor\u00e9s d&rsquo;un motif traditionnel \u00e0 carreaux qui brille et scintille sous n&rsquo;importe quelle lumi\u00e8re. Les verres de 410 ml sont fabriqu\u00e9s en cristal sans plomb \u00e0 100 % et sont compatibles avec le lave-verres pour garantir un nettoyage facile et un retour rapide en service.<\/p>\n<p>\u2022 Verres \u00e9tincelants<br \/>\u2022 Cristal 100 % sans plomb<br \/>\u2022 Parfait pour rehausser le service de cocktail avec ses motifs saisissants<br \/>\u2022 Passe au lave-verres<\/p>\n<p><b><u>Caract\u00e9ristiques du produit :<\/u><\/b><br \/>\u2022 Lot : 6.0<br \/>\u2022 Poids : 413g.<\/p>\n","protected":false},"excerpt":{"rendered":"<p>410 ml. Lot de 6<\/p>\n","protected":false},"featured_media":108580,"comment_status":"open","ping_status":"closed","template":"","meta":[],"product_brand":[],"product_cat":[1023,1055,1297,1051],"product_tag":[],"class_list":{"0":"post-110215","1":"product","2":"type-product","3":"status-publish","4":"has-post-thumbnail","6":"product_cat-art-de-la-table","7":"product_cat-chopes-et-gobelets","8":"product_cat-non-palettisable","9":"product_cat-verrerie","10":"product_shipping_class-free-shipping","12":"first","13":"outofstock","14":"featured","15":"taxable","16":"shipping-taxable","17":"purchasable","18":"product-type-simple"},"_links":{"self":[{"href":"https:\/\/abinox-chr-clim.com\/index.php\/wp-json\/wp\/v2\/product\/110215","targetHints":{"allow":["GET"]}}],"collection":[{"href":"https:\/\/abinox-chr-clim.com\/index.php\/wp-json\/wp\/v2\/product"}],"about":[{"href":"https:\/\/abinox-chr-clim.com\/index.php\/wp-json\/wp\/v2\/types\/product"}],"replies":[{"embeddable":true,"href":"https:\/\/abinox-chr-clim.com\/index.php\/wp-json\/wp\/v2\/comments?post=110215"}],"wp:featuredmedia":[{"embeddable":true,"href":"https:\/\/abinox-chr-clim.com\/index.php\/wp-json\/wp\/v2\/media\/108580"}],"wp:attachment":[{"href":"https:\/\/abinox-chr-clim.com\/index.php\/wp-json\/wp\/v2\/media?parent=110215"}],"wp:term":[{"taxonomy":"product_brand","embeddable":true,"href":"https:\/\/abinox-chr-clim.com\/index.php\/wp-json\/wp\/v2\/product_brand?post=110215"},{"taxonomy":"product_cat","embeddable":true,"href":"https:\/\/abinox-chr-clim.com\/index.php\/wp-json\/wp\/v2\/product_cat?post=110215"},{"taxonomy":"product_tag","embeddable":true,"href":"https:\/\/abinox-chr-clim.com\/index.php\/wp-json\/wp\/v2\/product_tag?post=110215"}],"curies":[{"name":"wp","href":"https:\/\/api.w.org\/{rel}","templated":true}]}}