{"id":110208,"date":"2025-05-29T11:41:40","date_gmt":"2025-05-29T09:41:40","guid":{"rendered":"https:\/\/abinox-chr-clim.com\/index.php\/product\/verres-a-vin-utopia-seine-450-ml-pack-de-6\/"},"modified":"2026-04-21T11:18:21","modified_gmt":"2026-04-21T09:18:21","slug":"verres-a-vin-utopia-seine-450-ml-pack-de-6","status":"publish","type":"product","link":"https:\/\/abinox-chr-clim.com\/index.php\/product\/verres-a-vin-utopia-seine-450-ml-pack-de-6\/","title":{"rendered":"Verres \u00e0 Vin Utopia Seine 450 ml (Pack de 6)"},"content":{"rendered":"<p>Con\u00e7u \u00e0 la perfection par Crown Glassware, ces verres \u00e0 vin haut de gamme de la collection Seine ont des bols angulaires doux et un style simple. Les verres de 450 ml sont fabriqu\u00e9s \u00e0 partir de cristal 100% sans plomb et sont compatibles avec le lave-verres pour assurer un nettoyage facile et un retour rapide en service.<\/p>\n<p>\u2022 Offrant un style contemporain polyvalent et sophistiqu\u00e9<br \/>\u2022 Fabriqu\u00e9 \u00e0 partir de cristal 100 % sans plomb<br \/>\u2022 Forme de bol \u00e0 angle doux avec une tige \u00e9l\u00e9gante<br \/>\u2022 Passe au lave-verres<\/p>\n<p><b><u>Caract\u00e9ristiques du produit :<\/u><\/b><br \/>\u2022 Lot : 6.0<br \/>\u2022 Poids : 196g.<\/p>\n","protected":false},"excerpt":{"rendered":"<p>450 ml. Lot de 6<\/p>\n","protected":false},"featured_media":107105,"comment_status":"open","ping_status":"closed","template":"","meta":[],"product_brand":[],"product_cat":[1023,1297,1051,1063],"product_tag":[],"class_list":{"0":"post-110208","1":"product","2":"type-product","3":"status-publish","4":"has-post-thumbnail","6":"product_cat-art-de-la-table","7":"product_cat-non-palettisable","8":"product_cat-verrerie","9":"product_cat-vin","10":"product_shipping_class-free-shipping","12":"first","13":"outofstock","14":"featured","15":"taxable","16":"shipping-taxable","17":"purchasable","18":"product-type-simple"},"_links":{"self":[{"href":"https:\/\/abinox-chr-clim.com\/index.php\/wp-json\/wp\/v2\/product\/110208","targetHints":{"allow":["GET"]}}],"collection":[{"href":"https:\/\/abinox-chr-clim.com\/index.php\/wp-json\/wp\/v2\/product"}],"about":[{"href":"https:\/\/abinox-chr-clim.com\/index.php\/wp-json\/wp\/v2\/types\/product"}],"replies":[{"embeddable":true,"href":"https:\/\/abinox-chr-clim.com\/index.php\/wp-json\/wp\/v2\/comments?post=110208"}],"wp:featuredmedia":[{"embeddable":true,"href":"https:\/\/abinox-chr-clim.com\/index.php\/wp-json\/wp\/v2\/media\/107105"}],"wp:attachment":[{"href":"https:\/\/abinox-chr-clim.com\/index.php\/wp-json\/wp\/v2\/media?parent=110208"}],"wp:term":[{"taxonomy":"product_brand","embeddable":true,"href":"https:\/\/abinox-chr-clim.com\/index.php\/wp-json\/wp\/v2\/product_brand?post=110208"},{"taxonomy":"product_cat","embeddable":true,"href":"https:\/\/abinox-chr-clim.com\/index.php\/wp-json\/wp\/v2\/product_cat?post=110208"},{"taxonomy":"product_tag","embeddable":true,"href":"https:\/\/abinox-chr-clim.com\/index.php\/wp-json\/wp\/v2\/product_tag?post=110208"}],"curies":[{"name":"wp","href":"https:\/\/api.w.org\/{rel}","templated":true}]}}