{"id":110207,"date":"2025-05-29T11:41:38","date_gmt":"2025-05-29T09:41:38","guid":{"rendered":"https:\/\/abinox-chr-clim.com\/index.php\/product\/flutes-a-seine-utopia-260-ml-pack-de-6\/"},"modified":"2026-04-21T11:18:20","modified_gmt":"2026-04-21T09:18:20","slug":"flutes-a-seine-utopia-260-ml-pack-de-6","status":"publish","type":"product","link":"https:\/\/abinox-chr-clim.com\/index.php\/product\/flutes-a-seine-utopia-260-ml-pack-de-6\/","title":{"rendered":"Fl\u00fbtes \u00e0 Seine Utopia 260 ml (Pack de 6)"},"content":{"rendered":"<p>Con\u00e7u \u00e0 la perfection par Crown Glassware, ces fl\u00fbtes premium de la collection Seine ont des bols angulaires doux et un style simple. Les fl\u00fbtes de 260 ml sont fabriqu\u00e9es en cristal sans plomb \u00e0 100% et sont compatibles avec le lave-verre pour assurer un nettoyage facile et un retour rapide en service.<\/p>\n<p>\u2022 Offrant un style contemporain polyvalent et sophistiqu\u00e9<br \/>\u2022 Fabriqu\u00e9 \u00e0 partir de cristal 100 % sans plomb<br \/>\u2022 Forme de bol \u00e0 angle doux avec une tige \u00e9l\u00e9gante<br \/>\u2022 Passe au lave-verres<\/p>\n<p><b><u>Caract\u00e9ristiques du produit :<\/u><\/b><br \/>\u2022 Lot : 6.0<br \/>\u2022 Poids : 152g.<\/p>\n","protected":false},"excerpt":{"rendered":"<p>260 ml. Lot de 6<\/p>\n","protected":false},"featured_media":105570,"comment_status":"open","ping_status":"closed","template":"","meta":[],"product_brand":[],"product_cat":[1023,1297,1051,1063],"product_tag":[],"class_list":{"0":"post-110207","1":"product","2":"type-product","3":"status-publish","4":"has-post-thumbnail","6":"product_cat-art-de-la-table","7":"product_cat-non-palettisable","8":"product_cat-verrerie","9":"product_cat-vin","10":"product_shipping_class-free-shipping","12":"first","13":"outofstock","14":"featured","15":"taxable","16":"shipping-taxable","17":"purchasable","18":"product-type-simple"},"_links":{"self":[{"href":"https:\/\/abinox-chr-clim.com\/index.php\/wp-json\/wp\/v2\/product\/110207","targetHints":{"allow":["GET"]}}],"collection":[{"href":"https:\/\/abinox-chr-clim.com\/index.php\/wp-json\/wp\/v2\/product"}],"about":[{"href":"https:\/\/abinox-chr-clim.com\/index.php\/wp-json\/wp\/v2\/types\/product"}],"replies":[{"embeddable":true,"href":"https:\/\/abinox-chr-clim.com\/index.php\/wp-json\/wp\/v2\/comments?post=110207"}],"wp:featuredmedia":[{"embeddable":true,"href":"https:\/\/abinox-chr-clim.com\/index.php\/wp-json\/wp\/v2\/media\/105570"}],"wp:attachment":[{"href":"https:\/\/abinox-chr-clim.com\/index.php\/wp-json\/wp\/v2\/media?parent=110207"}],"wp:term":[{"taxonomy":"product_brand","embeddable":true,"href":"https:\/\/abinox-chr-clim.com\/index.php\/wp-json\/wp\/v2\/product_brand?post=110207"},{"taxonomy":"product_cat","embeddable":true,"href":"https:\/\/abinox-chr-clim.com\/index.php\/wp-json\/wp\/v2\/product_cat?post=110207"},{"taxonomy":"product_tag","embeddable":true,"href":"https:\/\/abinox-chr-clim.com\/index.php\/wp-json\/wp\/v2\/product_tag?post=110207"}],"curies":[{"name":"wp","href":"https:\/\/api.w.org\/{rel}","templated":true}]}}