{"id":110201,"date":"2025-05-29T11:41:26","date_gmt":"2025-05-29T09:41:26","guid":{"rendered":"https:\/\/abinox-chr-clim.com\/index.php\/product\/flutes-du-mississippi-utopia-210-ml-paquet-de-6\/"},"modified":"2026-04-24T11:07:38","modified_gmt":"2026-04-24T09:07:38","slug":"flutes-du-mississippi-utopia-210-ml-paquet-de-6","status":"publish","type":"product","link":"https:\/\/abinox-chr-clim.com\/index.php\/product\/flutes-du-mississippi-utopia-210-ml-paquet-de-6\/","title":{"rendered":"Fl\u00fbtes du Mississippi Utopia 210 ml (paquet de 6)"},"content":{"rendered":"<p>Con\u00e7u \u00e0 la perfection par Crown Glassware, ces fl\u00fbtes de la gamme Mississippi pr\u00e9sentent une tige haute et \u00e9lanc\u00e9e qui ajoute \u00e9l\u00e9gance et finesse. Les fl\u00fbtes de 210 ml sont fabriqu\u00e9es en cristal sans plomb \u00e0 100% et sont compatibles avec le lave-verres pour garantir un nettoyage facile et un retour rapide en service.<\/p>\n<p>\u2022 Tige \u00e9lanc\u00e9e et dessin\u00e9e qui ajoute finesse et caract\u00e8re<br \/>\u2022 Fabriqu\u00e9 \u00e0 partir de cristal 100 % sans plomb<br \/>\u2022 Bol arrondi \u00e9l\u00e9gant<br \/>\u2022 Passe au lave-verres<\/p>\n<p><b><u>Caract\u00e9ristiques du produit :<\/u><\/b><br \/>\u2022 Lot : 6.0<br \/>\u2022 Poids : 130g.<\/p>\n","protected":false},"excerpt":{"rendered":"<p>210 ml. Lot de 6<\/p>\n","protected":false},"featured_media":106564,"comment_status":"open","ping_status":"closed","template":"","meta":[],"product_brand":[],"product_cat":[1023,1054,1297,1051],"product_tag":[],"class_list":{"0":"post-110201","1":"product","2":"type-product","3":"status-publish","4":"has-post-thumbnail","6":"product_cat-art-de-la-table","7":"product_cat-champagne","8":"product_cat-non-palettisable","9":"product_cat-verrerie","10":"product_shipping_class-free-shipping","12":"first","13":"outofstock","14":"featured","15":"taxable","16":"shipping-taxable","17":"purchasable","18":"product-type-simple"},"_links":{"self":[{"href":"https:\/\/abinox-chr-clim.com\/index.php\/wp-json\/wp\/v2\/product\/110201","targetHints":{"allow":["GET"]}}],"collection":[{"href":"https:\/\/abinox-chr-clim.com\/index.php\/wp-json\/wp\/v2\/product"}],"about":[{"href":"https:\/\/abinox-chr-clim.com\/index.php\/wp-json\/wp\/v2\/types\/product"}],"replies":[{"embeddable":true,"href":"https:\/\/abinox-chr-clim.com\/index.php\/wp-json\/wp\/v2\/comments?post=110201"}],"wp:featuredmedia":[{"embeddable":true,"href":"https:\/\/abinox-chr-clim.com\/index.php\/wp-json\/wp\/v2\/media\/106564"}],"wp:attachment":[{"href":"https:\/\/abinox-chr-clim.com\/index.php\/wp-json\/wp\/v2\/media?parent=110201"}],"wp:term":[{"taxonomy":"product_brand","embeddable":true,"href":"https:\/\/abinox-chr-clim.com\/index.php\/wp-json\/wp\/v2\/product_brand?post=110201"},{"taxonomy":"product_cat","embeddable":true,"href":"https:\/\/abinox-chr-clim.com\/index.php\/wp-json\/wp\/v2\/product_cat?post=110201"},{"taxonomy":"product_tag","embeddable":true,"href":"https:\/\/abinox-chr-clim.com\/index.php\/wp-json\/wp\/v2\/product_tag?post=110201"}],"curies":[{"name":"wp","href":"https:\/\/api.w.org\/{rel}","templated":true}]}}