{"id":110199,"date":"2025-05-29T11:41:22","date_gmt":"2025-05-29T09:41:22","guid":{"rendered":"https:\/\/abinox-chr-clim.com\/index.php\/product\/verres-a-vin-utopia-mississippi-650-ml-lot-de-6\/"},"modified":"2026-04-23T10:20:09","modified_gmt":"2026-04-23T08:20:09","slug":"verres-a-vin-utopia-mississippi-650-ml-lot-de-6","status":"publish","type":"product","link":"https:\/\/abinox-chr-clim.com\/index.php\/product\/verres-a-vin-utopia-mississippi-650-ml-lot-de-6\/","title":{"rendered":"Verres \u00e0 vin Utopia Mississippi 650 ml (lot de 6)"},"content":{"rendered":"<p>Con\u00e7us \u00e0 la perfection par Crown Glassware, ces verres \u00e0 vin premium de la gamme Mississippi pr\u00e9sentent un grand bol rond et une tige haute et \u00e9lanc\u00e9e qui ajoutent \u00e9l\u00e9gance et finesse. Les verres de 650 ml sont fabriqu\u00e9s en cristal sans plomb \u00e0 100% et sont r\u00e9sistants au lave-vaisselle pour garantir un nettoyage facile et un retour rapide en service.<\/p>\n<p>\u2022 Tige \u00e9lanc\u00e9e et dessin\u00e9e qui ajoute finesse et caract\u00e8re<br \/>\u2022 Fabriqu\u00e9 \u00e0 partir de cristal 100 % sans plomb<br \/>\u2022 Bol arrondi \u00e9l\u00e9gant<br \/>\u2022 Passe au lave-verres<\/p>\n<p><b><u>Caract\u00e9ristiques du produit :<\/u><\/b><br \/>\u2022 Lot : 6.0<br \/>\u2022 Poids : 215g.<\/p>\n","protected":false},"excerpt":{"rendered":"<p>650 ml. Lot de 6<\/p>\n","protected":false},"featured_media":108575,"comment_status":"open","ping_status":"closed","template":"","meta":[],"product_brand":[],"product_cat":[1023,1297,1051,1063],"product_tag":[],"class_list":{"0":"post-110199","1":"product","2":"type-product","3":"status-publish","4":"has-post-thumbnail","6":"product_cat-art-de-la-table","7":"product_cat-non-palettisable","8":"product_cat-verrerie","9":"product_cat-vin","10":"product_shipping_class-free-shipping","12":"first","13":"outofstock","14":"featured","15":"taxable","16":"shipping-taxable","17":"purchasable","18":"product-type-simple"},"_links":{"self":[{"href":"https:\/\/abinox-chr-clim.com\/index.php\/wp-json\/wp\/v2\/product\/110199","targetHints":{"allow":["GET"]}}],"collection":[{"href":"https:\/\/abinox-chr-clim.com\/index.php\/wp-json\/wp\/v2\/product"}],"about":[{"href":"https:\/\/abinox-chr-clim.com\/index.php\/wp-json\/wp\/v2\/types\/product"}],"replies":[{"embeddable":true,"href":"https:\/\/abinox-chr-clim.com\/index.php\/wp-json\/wp\/v2\/comments?post=110199"}],"wp:featuredmedia":[{"embeddable":true,"href":"https:\/\/abinox-chr-clim.com\/index.php\/wp-json\/wp\/v2\/media\/108575"}],"wp:attachment":[{"href":"https:\/\/abinox-chr-clim.com\/index.php\/wp-json\/wp\/v2\/media?parent=110199"}],"wp:term":[{"taxonomy":"product_brand","embeddable":true,"href":"https:\/\/abinox-chr-clim.com\/index.php\/wp-json\/wp\/v2\/product_brand?post=110199"},{"taxonomy":"product_cat","embeddable":true,"href":"https:\/\/abinox-chr-clim.com\/index.php\/wp-json\/wp\/v2\/product_cat?post=110199"},{"taxonomy":"product_tag","embeddable":true,"href":"https:\/\/abinox-chr-clim.com\/index.php\/wp-json\/wp\/v2\/product_tag?post=110199"}],"curies":[{"name":"wp","href":"https:\/\/api.w.org\/{rel}","templated":true}]}}