{"id":110194,"date":"2025-05-29T11:41:12","date_gmt":"2025-05-29T09:41:12","guid":{"rendered":"https:\/\/abinox-chr-clim.com\/index.php\/product\/verres-hauts-utopia-murray-480-ml-lot-de-6\/"},"modified":"2026-04-24T11:07:31","modified_gmt":"2026-04-24T09:07:31","slug":"verres-hauts-utopia-murray-480-ml-lot-de-6","status":"publish","type":"product","link":"https:\/\/abinox-chr-clim.com\/index.php\/product\/verres-hauts-utopia-murray-480-ml-lot-de-6\/","title":{"rendered":"Verres hauts Utopia Murray 480 ml (lot de 6)"},"content":{"rendered":"<p>Fabriqu\u00e9s \u00e0 la perfection par Crown Glassware, ces verres hiball premium de la collection Murray sont le r\u00e9cipient id\u00e9al pour les cocktails et les boissons non alcoolis\u00e9es. Les verres sont en cristal 100% sans plomb et peuvent \u00eatre nettoy\u00e9s au lave-verres pour garantir un nettoyage facile et un retour rapide en service.<\/p>\n<p>\u2022 Ajoute une touche moderne \u00e0 n&rsquo;importe quel \u00e9tablissement<br \/>\u2022 Fabriqu\u00e9 \u00e0 partir de cristal 100 % sans plomb<br \/>\u2022 Design angulaire \u00e9l\u00e9gant<br \/>\u2022 Id\u00e9al pour les h\u00f4tels, restaurants et bars<br \/>\u2022 Passe au lave-verres<\/p>\n<p><b><u>Caract\u00e9ristiques du produit :<\/u><\/b><br \/>\u2022 Lot : 6.0<br \/>\u2022 Poids : 215g.<\/p>\n","protected":false},"excerpt":{"rendered":"<p>480 ml. Lot de 6<\/p>\n","protected":false},"featured_media":106145,"comment_status":"open","ping_status":"closed","template":"","meta":[],"product_brand":[],"product_cat":[1023,1055,1297,1051],"product_tag":[],"class_list":{"0":"post-110194","1":"product","2":"type-product","3":"status-publish","4":"has-post-thumbnail","6":"product_cat-art-de-la-table","7":"product_cat-chopes-et-gobelets","8":"product_cat-non-palettisable","9":"product_cat-verrerie","10":"product_shipping_class-free-shipping","12":"first","13":"outofstock","14":"featured","15":"taxable","16":"shipping-taxable","17":"purchasable","18":"product-type-simple"},"_links":{"self":[{"href":"https:\/\/abinox-chr-clim.com\/index.php\/wp-json\/wp\/v2\/product\/110194","targetHints":{"allow":["GET"]}}],"collection":[{"href":"https:\/\/abinox-chr-clim.com\/index.php\/wp-json\/wp\/v2\/product"}],"about":[{"href":"https:\/\/abinox-chr-clim.com\/index.php\/wp-json\/wp\/v2\/types\/product"}],"replies":[{"embeddable":true,"href":"https:\/\/abinox-chr-clim.com\/index.php\/wp-json\/wp\/v2\/comments?post=110194"}],"wp:featuredmedia":[{"embeddable":true,"href":"https:\/\/abinox-chr-clim.com\/index.php\/wp-json\/wp\/v2\/media\/106145"}],"wp:attachment":[{"href":"https:\/\/abinox-chr-clim.com\/index.php\/wp-json\/wp\/v2\/media?parent=110194"}],"wp:term":[{"taxonomy":"product_brand","embeddable":true,"href":"https:\/\/abinox-chr-clim.com\/index.php\/wp-json\/wp\/v2\/product_brand?post=110194"},{"taxonomy":"product_cat","embeddable":true,"href":"https:\/\/abinox-chr-clim.com\/index.php\/wp-json\/wp\/v2\/product_cat?post=110194"},{"taxonomy":"product_tag","embeddable":true,"href":"https:\/\/abinox-chr-clim.com\/index.php\/wp-json\/wp\/v2\/product_tag?post=110194"}],"curies":[{"name":"wp","href":"https:\/\/api.w.org\/{rel}","templated":true}]}}