{"id":110188,"date":"2025-05-29T11:40:59","date_gmt":"2025-05-29T09:40:59","guid":{"rendered":"https:\/\/abinox-chr-clim.com\/index.php\/product\/verres-a-vin-blanc-utopia-nile-350-ml-lot-de-6\/"},"modified":"2026-04-23T10:19:59","modified_gmt":"2026-04-23T08:19:59","slug":"verres-a-vin-blanc-utopia-nile-350-ml-lot-de-6","status":"publish","type":"product","link":"https:\/\/abinox-chr-clim.com\/index.php\/product\/verres-a-vin-blanc-utopia-nile-350-ml-lot-de-6\/","title":{"rendered":"Verres \u00e0 vin blanc Utopia Nile 350 ml (lot de 6)"},"content":{"rendered":"<p>Id\u00e9al pour tous les lieux et \u00e9v\u00e9nements d&rsquo;accueil, ces verres \u00e0 vin blanc Utopia Nile sont fabriqu\u00e9s en cristal sans plomb \u00e0 100%. Les verres de 350 ml ont une taille de bol g\u00e9n\u00e9reuse pour un remuage et une a\u00e9ration optimaux et sont compatibles avec les lave-verres pour garantir un nettoyage facile et un retour rapide en service.<\/p>\n<p>\u2022 Un choix polyvalent pour les \u00e9v\u00e9nements formels et les r\u00e9unions d\u00e9contract\u00e9es, ajoutant une touche d&rsquo;\u00e9l\u00e9gance \u00e0 n&rsquo;importe quel environnement.<br \/>\u2022 La taille g\u00e9n\u00e9reuse du bol permet un tourbillonnement et une a\u00e9ration optimaux<br \/>\u2022 Cristal 100 % sans plomb<br \/>\u2022 Id\u00e9al pour tous les lieux d&rsquo;accueil et \u00e9v\u00e9nements<br \/>\u2022 Passe au lave-verres<\/p>\n<p><b><u>Caract\u00e9ristiques du produit :<\/u><\/b><br \/>\u2022 Lot : 6.0<br \/>\u2022 Poids : 180g.<\/p>\n","protected":false},"excerpt":{"rendered":"<p>350 ml. Lot de 6<\/p>\n","protected":false},"featured_media":106143,"comment_status":"open","ping_status":"closed","template":"","meta":[],"product_brand":[],"product_cat":[1023,1297,1051,1063],"product_tag":[],"class_list":{"0":"post-110188","1":"product","2":"type-product","3":"status-publish","4":"has-post-thumbnail","6":"product_cat-art-de-la-table","7":"product_cat-non-palettisable","8":"product_cat-verrerie","9":"product_cat-vin","10":"product_shipping_class-free-shipping","12":"first","13":"outofstock","14":"featured","15":"taxable","16":"shipping-taxable","17":"purchasable","18":"product-type-simple"},"_links":{"self":[{"href":"https:\/\/abinox-chr-clim.com\/index.php\/wp-json\/wp\/v2\/product\/110188","targetHints":{"allow":["GET"]}}],"collection":[{"href":"https:\/\/abinox-chr-clim.com\/index.php\/wp-json\/wp\/v2\/product"}],"about":[{"href":"https:\/\/abinox-chr-clim.com\/index.php\/wp-json\/wp\/v2\/types\/product"}],"replies":[{"embeddable":true,"href":"https:\/\/abinox-chr-clim.com\/index.php\/wp-json\/wp\/v2\/comments?post=110188"}],"wp:featuredmedia":[{"embeddable":true,"href":"https:\/\/abinox-chr-clim.com\/index.php\/wp-json\/wp\/v2\/media\/106143"}],"wp:attachment":[{"href":"https:\/\/abinox-chr-clim.com\/index.php\/wp-json\/wp\/v2\/media?parent=110188"}],"wp:term":[{"taxonomy":"product_brand","embeddable":true,"href":"https:\/\/abinox-chr-clim.com\/index.php\/wp-json\/wp\/v2\/product_brand?post=110188"},{"taxonomy":"product_cat","embeddable":true,"href":"https:\/\/abinox-chr-clim.com\/index.php\/wp-json\/wp\/v2\/product_cat?post=110188"},{"taxonomy":"product_tag","embeddable":true,"href":"https:\/\/abinox-chr-clim.com\/index.php\/wp-json\/wp\/v2\/product_tag?post=110188"}],"curies":[{"name":"wp","href":"https:\/\/api.w.org\/{rel}","templated":true}]}}