{"id":110129,"date":"2025-05-29T11:38:59","date_gmt":"2025-05-29T09:38:59","guid":{"rendered":"https:\/\/abinox-chr-clim.com\/index.php\/product\/chaises-en-aluminium-bolero-windsor-noires-lot-de-4\/"},"modified":"2026-04-14T10:54:00","modified_gmt":"2026-04-14T08:54:00","slug":"chaises-en-aluminium-bolero-windsor-noires-lot-de-4","status":"publish","type":"product","link":"https:\/\/abinox-chr-clim.com\/index.php\/product\/chaises-en-aluminium-bolero-windsor-noires-lot-de-4\/","title":{"rendered":"Chaises en aluminium Bolero Windsor noires (lot de 4)"},"content":{"rendered":"<p>Si\u00e8ges en aluminium solides et robustes convenant \u00e0 un usage quotidien dans des environnements de restauration tr\u00e8s fr\u00e9quent\u00e9s. Les si\u00e8ges sont l\u00e9gers et empilables. Les pieds sont munis de patins pour \u00e9viter les rayures et les marques des sols.<\/p>\n<p>\u2022 Convient pour une utilisation int\u00e9rieure et ext\u00e9rieure<br \/>\u2022 Diff\u00e9rents coloris disponibles<br \/>\u2022 Tabourets hauts assortis disponibles<br \/>\u2022 Facile \u00e0 nettoyer<br \/>\u2022 Tubes en aluminium avec rev\u00eatement poudr\u00e9 solide<br \/>\u2022 Conception solide et robuste, adapt\u00e9e \u00e0 une utilisation quotidienne dans un environnement CHR tr\u00e8s fr\u00e9quent\u00e9<br \/>\u2022 R\u00e9sistant aux UV et aux rayures<br \/>\u2022 Empilable pour un rangement facile<br \/>\u2022 Construction l\u00e9g\u00e8re<\/p>\n<p><b><u>Caract\u00e9ristiques du produit :<\/u><\/b><br \/>\u2022 Lot : 4.0<br \/>\u2022 Dim. : 880(H) x 510(L) mm<br \/>\u2022 Mati\u00e8re : Aluminium<br \/>\u2022 Poids : 2,9 kg<br \/>\u2022 Couleur : Noir.<\/p>\n","protected":false},"excerpt":{"rendered":"<p>Lot de 4<\/p>\n","protected":false},"featured_media":107094,"comment_status":"open","ping_status":"closed","template":"","meta":[],"product_brand":[],"product_cat":[1209,1208,1201,1297],"product_tag":[],"class_list":{"0":"post-110129","1":"product","2":"type-product","3":"status-publish","4":"has-post-thumbnail","6":"product_cat-chaises-interieur","7":"product_cat-interieur","8":"product_cat-mobilier","9":"product_cat-non-palettisable","10":"product_shipping_class-free-shipping","12":"first","13":"instock","14":"featured","15":"taxable","16":"shipping-taxable","17":"purchasable","18":"product-type-simple"},"_links":{"self":[{"href":"https:\/\/abinox-chr-clim.com\/index.php\/wp-json\/wp\/v2\/product\/110129","targetHints":{"allow":["GET"]}}],"collection":[{"href":"https:\/\/abinox-chr-clim.com\/index.php\/wp-json\/wp\/v2\/product"}],"about":[{"href":"https:\/\/abinox-chr-clim.com\/index.php\/wp-json\/wp\/v2\/types\/product"}],"replies":[{"embeddable":true,"href":"https:\/\/abinox-chr-clim.com\/index.php\/wp-json\/wp\/v2\/comments?post=110129"}],"wp:featuredmedia":[{"embeddable":true,"href":"https:\/\/abinox-chr-clim.com\/index.php\/wp-json\/wp\/v2\/media\/107094"}],"wp:attachment":[{"href":"https:\/\/abinox-chr-clim.com\/index.php\/wp-json\/wp\/v2\/media?parent=110129"}],"wp:term":[{"taxonomy":"product_brand","embeddable":true,"href":"https:\/\/abinox-chr-clim.com\/index.php\/wp-json\/wp\/v2\/product_brand?post=110129"},{"taxonomy":"product_cat","embeddable":true,"href":"https:\/\/abinox-chr-clim.com\/index.php\/wp-json\/wp\/v2\/product_cat?post=110129"},{"taxonomy":"product_tag","embeddable":true,"href":"https:\/\/abinox-chr-clim.com\/index.php\/wp-json\/wp\/v2\/product_tag?post=110129"}],"curies":[{"name":"wp","href":"https:\/\/api.w.org\/{rel}","templated":true}]}}