{"id":110124,"date":"2025-05-29T11:38:50","date_gmt":"2025-05-29T09:38:50","guid":{"rendered":"https:\/\/abinox-chr-clim.com\/index.php\/product\/appareil-a-raclette-breziere-louis-tellier-noir\/"},"modified":"2026-04-15T10:28:40","modified_gmt":"2026-04-15T08:28:40","slug":"appareil-a-raclette-breziere-louis-tellier-noir","status":"publish","type":"product","link":"https:\/\/abinox-chr-clim.com\/index.php\/product\/appareil-a-raclette-breziere-louis-tellier-noir\/","title":{"rendered":"Appareil \u00e0 raclette Br\u00e9zi\u00e8re Louis Tellier noir"},"content":{"rendered":"<p>La Raclette Br\u00e9zi\u00e8re Louis Tellier est le produit parfait pour fondre les fromages de mani\u00e8re traditionnelle. Elle permet de suspendre une portion de meule de fromage et de la chauffer en continu gr\u00e2ce \u00e0 des rampes de chauffage r\u00e9glables. Lorsque vous \u00eates pr\u00eat, la rampe peut \u00eatre lev\u00e9e pour un acc\u00e8s facile.Le design r\u00e9glable de la raclette br\u00e9zi\u00e8re Louis Tellier vous permet d&rsquo;augmenter la hauteur pour les fromages plus grands, ainsi que de rapprocher les rampes \u00e0 mesure que le fromage est utilis\u00e9. Elle dispose d&rsquo;un interrupteur marche\/arr\u00eat pour plus de s\u00e9curit\u00e9 et les rampes peuvent \u00eatre repli\u00e9es pour un rangement et un transport faciles si n\u00e9cessaire. Parfait pour la restauration mobile ou les \u00e9v\u00e9nements.<\/p>\n<p>\u2022 Convient pour 1\/4 ou 1\/6 de meule de fromage (1 \u00e0 4 personnes)<br \/>\u2022 Deux rampes de chauffe r\u00e9glables en hauteur pour s&rsquo;adapter \u00e0 la taille du fromage<br \/>\u2022 Les deux rampes se plient et le porte-fromage peut \u00eatre retir\u00e9 pour un rangement facile<br \/>\u2022 Longueur du c\u00e2ble : 2,20 m<br \/>\u2022 Le porte-fromage amovible en acier inoxydable va au lave-vaisselle<br \/>\u2022 L&rsquo;acier peint \u00e9poxy est robuste et facile \u00e0 nettoyer<br \/>\u2022 Acier peint \u00e9poxy : robuste et facile \u00e0 nettoyer<br \/>\u2022 L&rsquo;authentique appareil \u00e0 raclette des restaurants de montagne !<\/p>\n<p><b><u>Caract\u00e9ristiques du produit :<\/u><\/b><br \/>\u2022 Dim. : 445(H) x 215(L) x 300(P) mm<br \/>\u2022 Mati\u00e8re : Inox<br \/>\u2022 Voltage : 220V<br \/>\u2022 Poids : 3,45 kg<br \/>\u2022 Couleur : Argent.<\/p>\n","protected":false},"excerpt":{"rendered":"<p>850W<\/p>\n","protected":false},"featured_media":108543,"comment_status":"open","ping_status":"closed","template":"","meta":[],"product_brand":[],"product_cat":[1199,1160,1297,1197],"product_tag":[],"class_list":{"0":"post-110124","1":"product","2":"type-product","3":"status-publish","4":"has-post-thumbnail","6":"product_cat-buffet-chaud","7":"product_cat-materiel-electrique-et-de-cuisson","8":"product_cat-non-palettisable","9":"product_cat-service-presentation","10":"product_shipping_class-free-shipping","12":"first","13":"instock","14":"featured","15":"taxable","16":"shipping-taxable","17":"purchasable","18":"product-type-simple"},"_links":{"self":[{"href":"https:\/\/abinox-chr-clim.com\/index.php\/wp-json\/wp\/v2\/product\/110124","targetHints":{"allow":["GET"]}}],"collection":[{"href":"https:\/\/abinox-chr-clim.com\/index.php\/wp-json\/wp\/v2\/product"}],"about":[{"href":"https:\/\/abinox-chr-clim.com\/index.php\/wp-json\/wp\/v2\/types\/product"}],"replies":[{"embeddable":true,"href":"https:\/\/abinox-chr-clim.com\/index.php\/wp-json\/wp\/v2\/comments?post=110124"}],"wp:featuredmedia":[{"embeddable":true,"href":"https:\/\/abinox-chr-clim.com\/index.php\/wp-json\/wp\/v2\/media\/108543"}],"wp:attachment":[{"href":"https:\/\/abinox-chr-clim.com\/index.php\/wp-json\/wp\/v2\/media?parent=110124"}],"wp:term":[{"taxonomy":"product_brand","embeddable":true,"href":"https:\/\/abinox-chr-clim.com\/index.php\/wp-json\/wp\/v2\/product_brand?post=110124"},{"taxonomy":"product_cat","embeddable":true,"href":"https:\/\/abinox-chr-clim.com\/index.php\/wp-json\/wp\/v2\/product_cat?post=110124"},{"taxonomy":"product_tag","embeddable":true,"href":"https:\/\/abinox-chr-clim.com\/index.php\/wp-json\/wp\/v2\/product_tag?post=110124"}],"curies":[{"name":"wp","href":"https:\/\/api.w.org\/{rel}","templated":true}]}}