{"id":110123,"date":"2025-05-29T11:38:48","date_gmt":"2025-05-29T09:38:48","guid":{"rendered":"https:\/\/abinox-chr-clim.com\/index.php\/product\/plats-a-four-carres-avec-poignees-olympia-whiteware-200x180x40mm-lot-de-3\/"},"modified":"2026-01-12T09:23:07","modified_gmt":"2026-01-12T08:23:07","slug":"plats-a-four-carres-avec-poignees-olympia-whiteware-200x180x40mm-lot-de-3","status":"publish","type":"product","link":"https:\/\/abinox-chr-clim.com\/index.php\/product\/plats-a-four-carres-avec-poignees-olympia-whiteware-200x180x40mm-lot-de-3\/","title":{"rendered":"Plats \u00e0 four carr\u00e9s avec poign\u00e9es Olympia Whiteware 200x180x40mm (Lot de 3)"},"content":{"rendered":"<p>Plat \u00e0 four ou pour servir des plats d&rsquo;accompagnement \u00e0 table. Fabriqu\u00e9 en porcelaine blanche pure et r\u00e9sistante, avec des bords roul\u00e9s renforc\u00e9s pour une meilleure r\u00e9sistance aux \u00e9clats.<\/p>\n<p>\u2022 R\u00e9sistant \u00e0 la chaleur et aux chocs<br \/>\u2022 Porcelaine blanche pure pour la restauration<br \/>\u2022 Conforme \u00e0 la norme de vitrification pour la restauration\u00a0BS4034<br \/>\u2022 Bords renforc\u00e9s et roul\u00e9s pour plus de durabilit\u00e9<br \/>\u2022 R\u00e9sistant au four, micro-ondes, lave-vaisselle et cong\u00e9lateur<\/p>\n<p><b><u>Caract\u00e9ristiques du produit :<\/u><\/b><br \/>\u2022 Lot : 3.0<br \/>\u2022 Capacit\u00e9 : 74 cl<br \/>\u2022 Dim. : 200(H) x 180(L) mm<br \/>\u2022 Mati\u00e8re : Porcelaine<br \/>\u2022 Poids : 664 g<br \/>\u2022 Couleur : Blanc.<\/p>\n","protected":false},"excerpt":{"rendered":"<p>40(H) x 200(L) x 180(P)mm. Quantit\u00e9 du lot : 3<\/p>\n","protected":false},"featured_media":108542,"comment_status":"open","ping_status":"closed","template":"","meta":[],"product_brand":[],"product_cat":[1064,1297,1098,1104],"product_tag":[],"class_list":{"0":"post-110123","1":"product","2":"type-product","3":"status-publish","4":"has-post-thumbnail","6":"product_cat-cuisine","7":"product_cat-non-palettisable","8":"product_cat-ustensiles-cuisine","9":"product_cat-ustensiles-de-cuisine","10":"product_shipping_class-free-shipping","12":"first","13":"outofstock","14":"featured","15":"taxable","16":"shipping-taxable","17":"purchasable","18":"product-type-simple"},"_links":{"self":[{"href":"https:\/\/abinox-chr-clim.com\/index.php\/wp-json\/wp\/v2\/product\/110123","targetHints":{"allow":["GET"]}}],"collection":[{"href":"https:\/\/abinox-chr-clim.com\/index.php\/wp-json\/wp\/v2\/product"}],"about":[{"href":"https:\/\/abinox-chr-clim.com\/index.php\/wp-json\/wp\/v2\/types\/product"}],"replies":[{"embeddable":true,"href":"https:\/\/abinox-chr-clim.com\/index.php\/wp-json\/wp\/v2\/comments?post=110123"}],"wp:featuredmedia":[{"embeddable":true,"href":"https:\/\/abinox-chr-clim.com\/index.php\/wp-json\/wp\/v2\/media\/108542"}],"wp:attachment":[{"href":"https:\/\/abinox-chr-clim.com\/index.php\/wp-json\/wp\/v2\/media?parent=110123"}],"wp:term":[{"taxonomy":"product_brand","embeddable":true,"href":"https:\/\/abinox-chr-clim.com\/index.php\/wp-json\/wp\/v2\/product_brand?post=110123"},{"taxonomy":"product_cat","embeddable":true,"href":"https:\/\/abinox-chr-clim.com\/index.php\/wp-json\/wp\/v2\/product_cat?post=110123"},{"taxonomy":"product_tag","embeddable":true,"href":"https:\/\/abinox-chr-clim.com\/index.php\/wp-json\/wp\/v2\/product_tag?post=110123"}],"curies":[{"name":"wp","href":"https:\/\/api.w.org\/{rel}","templated":true}]}}