{"id":110121,"date":"2025-05-29T11:38:44","date_gmt":"2025-05-29T09:38:44","guid":{"rendered":"https:\/\/abinox-chr-clim.com\/index.php\/product\/ciseaux-multi-usage-kitchenaid-noirs\/"},"modified":"2026-04-15T10:54:20","modified_gmt":"2026-04-15T08:54:20","slug":"ciseaux-multi-usage-kitchenaid-noirs","status":"publish","type":"product","link":"https:\/\/abinox-chr-clim.com\/index.php\/product\/ciseaux-multi-usage-kitchenaid-noirs\/","title":{"rendered":"Ciseaux multi-usage KitchenAid noirs"},"content":{"rendered":"<p>Les ciseaux utilitaires KitchenAid sont utiles pour tailler la viande, couper des herbes et plus encore. Ils disposent de lames en acier inoxydable extra-\u00e9paisses, r\u00e9sistantes \u00e0 la rouille, avec des micro-sillons pour une prise suppl\u00e9mentaire et une performance de coupe am\u00e9lior\u00e9e.Le rev\u00eatement noir \u00e0 prise souple des poign\u00e9es offre une prise en main s\u00fbre et confortable. Les ciseaux KitchenAid sont \u00e9galement fournis avec un prot\u00e8ge-lame pour conserver le tranchant et assurer un rangement s\u00e9curis\u00e9.<\/p>\n<p>\u2022 Lames \u00e9paisses en acier inoxydable r\u00e9sistant \u00e0 la rouille pour une performance de coupe am\u00e9lior\u00e9e<br \/>\u2022 Dispose d&rsquo;un rev\u00eatement noir \u00e0 prise douce pour garantir la manipulation dans toutes les situations culinaires<br \/>\u2022 Prot\u00e8ge-lame pour pr\u00e9server l&rsquo;aff\u00fbtage et assurer un rangement s\u00e9curis\u00e9<\/p>\n<p><b><u>Caract\u00e9ristiques du produit :<\/u><\/b><br \/>\u2022 Couleur : Noir.<\/p>\n","protected":false},"excerpt":{"rendered":"<p>KQG351OHOBE<\/p>\n","protected":false},"featured_media":105567,"comment_status":"open","ping_status":"closed","template":"","meta":[],"product_brand":[],"product_cat":[1277,1297],"product_tag":[],"class_list":{"0":"post-110121","1":"product","2":"type-product","3":"status-publish","4":"has-post-thumbnail","6":"product_cat-divers-principal","7":"product_cat-non-palettisable","8":"product_shipping_class-free-shipping","10":"first","11":"instock","12":"featured","13":"taxable","14":"shipping-taxable","15":"purchasable","16":"product-type-simple"},"_links":{"self":[{"href":"https:\/\/abinox-chr-clim.com\/index.php\/wp-json\/wp\/v2\/product\/110121","targetHints":{"allow":["GET"]}}],"collection":[{"href":"https:\/\/abinox-chr-clim.com\/index.php\/wp-json\/wp\/v2\/product"}],"about":[{"href":"https:\/\/abinox-chr-clim.com\/index.php\/wp-json\/wp\/v2\/types\/product"}],"replies":[{"embeddable":true,"href":"https:\/\/abinox-chr-clim.com\/index.php\/wp-json\/wp\/v2\/comments?post=110121"}],"wp:featuredmedia":[{"embeddable":true,"href":"https:\/\/abinox-chr-clim.com\/index.php\/wp-json\/wp\/v2\/media\/105567"}],"wp:attachment":[{"href":"https:\/\/abinox-chr-clim.com\/index.php\/wp-json\/wp\/v2\/media?parent=110121"}],"wp:term":[{"taxonomy":"product_brand","embeddable":true,"href":"https:\/\/abinox-chr-clim.com\/index.php\/wp-json\/wp\/v2\/product_brand?post=110121"},{"taxonomy":"product_cat","embeddable":true,"href":"https:\/\/abinox-chr-clim.com\/index.php\/wp-json\/wp\/v2\/product_cat?post=110121"},{"taxonomy":"product_tag","embeddable":true,"href":"https:\/\/abinox-chr-clim.com\/index.php\/wp-json\/wp\/v2\/product_tag?post=110121"}],"curies":[{"name":"wp","href":"https:\/\/api.w.org\/{rel}","templated":true}]}}