{"id":110117,"date":"2025-05-29T11:38:36","date_gmt":"2025-05-29T09:38:36","guid":{"rendered":"https:\/\/abinox-chr-clim.com\/index.php\/product\/bols-de-preparation-avec-couvercles-kitchenaid-rouge-empire-lot-de-4\/"},"modified":"2026-04-15T10:54:16","modified_gmt":"2026-04-15T08:54:16","slug":"bols-de-preparation-avec-couvercles-kitchenaid-rouge-empire-lot-de-4","status":"publish","type":"product","link":"https:\/\/abinox-chr-clim.com\/index.php\/product\/bols-de-preparation-avec-couvercles-kitchenaid-rouge-empire-lot-de-4\/","title":{"rendered":"Bols de pr\u00e9paration avec couvercles KitchenAid rouge empire (lot de 4)"},"content":{"rendered":"<p>Cet ensemble de bols de pr\u00e9paration KitchenAid est id\u00e9al pour pr\u00e9parer et conserver les l\u00e9gumes, les herbes et autres ingr\u00e9dients avant de commencer \u00e0 cuisiner. Cet ensemble de quatre bols de pr\u00e9paration comprend des capacit\u00e9s de 1&#189;, 2&#189;, 3&#189; et 4&#189; tasses (\u00e9quivalent \u00e0 355ml, 591ml, 828ml et 1065ml).Les bols sont fournis avec des couvercles afin que vous puissiez pr\u00e9parer et conserver les ingr\u00e9dients \u00e0 l&rsquo;avance, et ils s&#8217;embo\u00eetent pour \u00e9conomiser de l&rsquo;espace entre les utilisations. Ils vont au lave-vaisselle pour un nettoyage facile, et au micro-ondes jusqu&rsquo;\u00e0 cinq minutes.<\/p>\n<p>\u2022 Comprend quatre bols de pr\u00e9paration avec couvercles<br \/>\u2022 Id\u00e9al pour les ingr\u00e9dients humides et secs<br \/>\u2022 Comprend des bols de 355ml, 591ml, 828ml et 1065ml<br \/>\u2022 Les bols et couvercles s&#8217;embo\u00eetent pour un rangement pratique<br \/>\u2022 Les bols mesurent 16 x 16 x 7,5cm lorsqu&rsquo;ils sont embo\u00eet\u00e9s<\/p>\n<p><b><u>Caract\u00e9ristiques du produit :<\/u><\/b><br \/>\u2022 Couleur : Rouge.<\/p>\n","protected":false},"excerpt":{"rendered":"<p>Ensemble de 4. KQG176OSERE<\/p>\n","protected":false},"featured_media":106132,"comment_status":"open","ping_status":"closed","template":"","meta":[],"product_brand":[],"product_cat":[1277,1297],"product_tag":[],"class_list":{"0":"post-110117","1":"product","2":"type-product","3":"status-publish","4":"has-post-thumbnail","6":"product_cat-divers-principal","7":"product_cat-non-palettisable","8":"product_shipping_class-free-shipping","10":"first","11":"instock","12":"featured","13":"taxable","14":"shipping-taxable","15":"purchasable","16":"product-type-simple"},"_links":{"self":[{"href":"https:\/\/abinox-chr-clim.com\/index.php\/wp-json\/wp\/v2\/product\/110117","targetHints":{"allow":["GET"]}}],"collection":[{"href":"https:\/\/abinox-chr-clim.com\/index.php\/wp-json\/wp\/v2\/product"}],"about":[{"href":"https:\/\/abinox-chr-clim.com\/index.php\/wp-json\/wp\/v2\/types\/product"}],"replies":[{"embeddable":true,"href":"https:\/\/abinox-chr-clim.com\/index.php\/wp-json\/wp\/v2\/comments?post=110117"}],"wp:featuredmedia":[{"embeddable":true,"href":"https:\/\/abinox-chr-clim.com\/index.php\/wp-json\/wp\/v2\/media\/106132"}],"wp:attachment":[{"href":"https:\/\/abinox-chr-clim.com\/index.php\/wp-json\/wp\/v2\/media?parent=110117"}],"wp:term":[{"taxonomy":"product_brand","embeddable":true,"href":"https:\/\/abinox-chr-clim.com\/index.php\/wp-json\/wp\/v2\/product_brand?post=110117"},{"taxonomy":"product_cat","embeddable":true,"href":"https:\/\/abinox-chr-clim.com\/index.php\/wp-json\/wp\/v2\/product_cat?post=110117"},{"taxonomy":"product_tag","embeddable":true,"href":"https:\/\/abinox-chr-clim.com\/index.php\/wp-json\/wp\/v2\/product_tag?post=110117"}],"curies":[{"name":"wp","href":"https:\/\/api.w.org\/{rel}","templated":true}]}}