{"id":110116,"date":"2025-05-29T11:38:35","date_gmt":"2025-05-29T09:38:35","guid":{"rendered":"https:\/\/abinox-chr-clim.com\/index.php\/product\/bols-a-melange-kitchenaid-rouge-empire-lot-de-3\/"},"modified":"2026-04-15T10:54:15","modified_gmt":"2026-04-15T08:54:15","slug":"bols-a-melange-kitchenaid-rouge-empire-lot-de-3","status":"publish","type":"product","link":"https:\/\/abinox-chr-clim.com\/index.php\/product\/bols-a-melange-kitchenaid-rouge-empire-lot-de-3\/","title":{"rendered":"Bols \u00e0 m\u00e9lange KitchenAid rouge empire (lot de 3)"},"content":{"rendered":"<p>Le jeu de 3 bols \u00e0 m\u00e9langer KitchenAid comprend un bol de 2,4 litres, un bol de 3,3 litres et un bol de 4,3 litres. Tous sont dot\u00e9s de bases antid\u00e9rapantes qui augmentent la stabilit\u00e9 lors du m\u00e9lange, plus des becs verseurs pour r\u00e9duire les \u00e9claboussures lors du transfert d&rsquo;ingr\u00e9dients.Les bols s&#8217;embo\u00eetent les uns dans les autres lorsqu&rsquo;ils ne sont pas utilis\u00e9s pour un rangement facile et passent au lave-vaisselle pour un nettoyage facile. Ils sont \u00e9galement adapt\u00e9s au micro-ondes pendant jusqu&rsquo;\u00e0 cinq minutes.<\/p>\n<p>\u2022 3 bols \u00e0 m\u00e9lange pour la p\u00e2tisserie et la cuisine<br \/>\u2022 Durable pour un usage quotidien<br \/>\u2022 Les bols s&#8217;embo\u00eetent quand ils ne sont pas utilis\u00e9s<br \/>\u2022 Les bases antid\u00e9rapantes augmentent la stabilit\u00e9 lors du m\u00e9lange<br \/>\u2022 Le bec verseur aide \u00e0 r\u00e9duire les risques d&rsquo;\u00e9claboussures<\/p>\n<p><b><u>Caract\u00e9ristiques du produit :<\/u><\/b><br \/>\u2022 Couleur : Rouge.<\/p>\n","protected":false},"excerpt":{"rendered":"<p>Lot de 3. KQG175OSERE<\/p>\n","protected":false},"featured_media":107090,"comment_status":"open","ping_status":"closed","template":"","meta":[],"product_brand":[],"product_cat":[1277,1297],"product_tag":[],"class_list":{"0":"post-110116","1":"product","2":"type-product","3":"status-publish","4":"has-post-thumbnail","6":"product_cat-divers-principal","7":"product_cat-non-palettisable","8":"product_shipping_class-free-shipping","10":"first","11":"instock","12":"featured","13":"taxable","14":"shipping-taxable","15":"purchasable","16":"product-type-simple"},"_links":{"self":[{"href":"https:\/\/abinox-chr-clim.com\/index.php\/wp-json\/wp\/v2\/product\/110116","targetHints":{"allow":["GET"]}}],"collection":[{"href":"https:\/\/abinox-chr-clim.com\/index.php\/wp-json\/wp\/v2\/product"}],"about":[{"href":"https:\/\/abinox-chr-clim.com\/index.php\/wp-json\/wp\/v2\/types\/product"}],"replies":[{"embeddable":true,"href":"https:\/\/abinox-chr-clim.com\/index.php\/wp-json\/wp\/v2\/comments?post=110116"}],"wp:featuredmedia":[{"embeddable":true,"href":"https:\/\/abinox-chr-clim.com\/index.php\/wp-json\/wp\/v2\/media\/107090"}],"wp:attachment":[{"href":"https:\/\/abinox-chr-clim.com\/index.php\/wp-json\/wp\/v2\/media?parent=110116"}],"wp:term":[{"taxonomy":"product_brand","embeddable":true,"href":"https:\/\/abinox-chr-clim.com\/index.php\/wp-json\/wp\/v2\/product_brand?post=110116"},{"taxonomy":"product_cat","embeddable":true,"href":"https:\/\/abinox-chr-clim.com\/index.php\/wp-json\/wp\/v2\/product_cat?post=110116"},{"taxonomy":"product_tag","embeddable":true,"href":"https:\/\/abinox-chr-clim.com\/index.php\/wp-json\/wp\/v2\/product_tag?post=110116"}],"curies":[{"name":"wp","href":"https:\/\/api.w.org\/{rel}","templated":true}]}}