{"id":110114,"date":"2025-05-29T11:38:31","date_gmt":"2025-05-29T09:38:31","guid":{"rendered":"https:\/\/abinox-chr-clim.com\/index.php\/product\/tranche-oeufs-kitchenaid\/"},"modified":"2026-04-20T10:57:07","modified_gmt":"2026-04-20T08:57:07","slug":"tranche-oeufs-kitchenaid","status":"publish","type":"product","link":"https:\/\/abinox-chr-clim.com\/index.php\/product\/tranche-oeufs-kitchenaid\/","title":{"rendered":"Tranche-\u0153ufs KitchenAid"},"content":{"rendered":"<p>Cet \u00e9plucheur d&rsquo;\u0153ufs essentiel de KitchenAid est parfait pour r\u00e9aliser des tranches fines et uniformes d&rsquo;\u0153ufs durs, de champignons, de fromages \u00e0 p\u00e2te molle et plus encore. Il est facile \u00e0 utiliser &#8211; il suffit de placer les aliments dans le plateau et d&rsquo;appuyer doucement le dessus sur les aliments.La base antid\u00e9rapante garantit que l&rsquo;\u00e9plucheur reste en place pendant l&rsquo;utilisation. Cet outil solide et fiable est durablement fabriqu\u00e9, avec un coupe-fil d&rsquo;acier qui assure une coupe nette \u00e0 chaque fois et n&rsquo;a jamais besoin d&rsquo;\u00eatre aiguis\u00e9.<\/p>\n<p>\u2022 Parfait pour r\u00e9aliser des tranches fines et uniformes<br \/>\u2022 Fabriqu\u00e9 avec des fils d&rsquo;acier durables et fiables<br \/>\u2022 La base antid\u00e9rapante assure que le trancheur reste en place<br \/>\u2022 \u00c0 utiliser pour les \u0153ufs durs, les fromages \u00e0 p\u00e2te molle et plus<br \/>\u2022 Coupe nette \u00e0 chaque fois, sans besoin d&rsquo;aiguiser<\/p>\n<p><b><u>Caract\u00e9ristiques du produit :<\/u><\/b><br \/>\u2022 Couleur : Blanc.<\/p>\n","protected":false},"excerpt":{"rendered":"<p>KQG135OHWHE<\/p>\n","protected":false},"featured_media":108541,"comment_status":"open","ping_status":"closed","template":"","meta":[],"product_brand":[],"product_cat":[1277,1297],"product_tag":[],"class_list":{"0":"post-110114","1":"product","2":"type-product","3":"status-publish","4":"has-post-thumbnail","6":"product_cat-divers-principal","7":"product_cat-non-palettisable","8":"product_shipping_class-free-shipping","10":"first","11":"instock","12":"featured","13":"taxable","14":"shipping-taxable","15":"purchasable","16":"product-type-simple"},"_links":{"self":[{"href":"https:\/\/abinox-chr-clim.com\/index.php\/wp-json\/wp\/v2\/product\/110114","targetHints":{"allow":["GET"]}}],"collection":[{"href":"https:\/\/abinox-chr-clim.com\/index.php\/wp-json\/wp\/v2\/product"}],"about":[{"href":"https:\/\/abinox-chr-clim.com\/index.php\/wp-json\/wp\/v2\/types\/product"}],"replies":[{"embeddable":true,"href":"https:\/\/abinox-chr-clim.com\/index.php\/wp-json\/wp\/v2\/comments?post=110114"}],"wp:featuredmedia":[{"embeddable":true,"href":"https:\/\/abinox-chr-clim.com\/index.php\/wp-json\/wp\/v2\/media\/108541"}],"wp:attachment":[{"href":"https:\/\/abinox-chr-clim.com\/index.php\/wp-json\/wp\/v2\/media?parent=110114"}],"wp:term":[{"taxonomy":"product_brand","embeddable":true,"href":"https:\/\/abinox-chr-clim.com\/index.php\/wp-json\/wp\/v2\/product_brand?post=110114"},{"taxonomy":"product_cat","embeddable":true,"href":"https:\/\/abinox-chr-clim.com\/index.php\/wp-json\/wp\/v2\/product_cat?post=110114"},{"taxonomy":"product_tag","embeddable":true,"href":"https:\/\/abinox-chr-clim.com\/index.php\/wp-json\/wp\/v2\/product_tag?post=110114"}],"curies":[{"name":"wp","href":"https:\/\/api.w.org\/{rel}","templated":true}]}}