{"id":110112,"date":"2025-05-29T11:38:27","date_gmt":"2025-05-29T09:38:27","guid":{"rendered":"https:\/\/abinox-chr-clim.com\/index.php\/product\/tasses-doseuses-kitchenaid-rouge-empire-lot-de-4\/"},"modified":"2026-04-20T10:57:06","modified_gmt":"2026-04-20T08:57:06","slug":"tasses-doseuses-kitchenaid-rouge-empire-lot-de-4","status":"publish","type":"product","link":"https:\/\/abinox-chr-clim.com\/index.php\/product\/tasses-doseuses-kitchenaid-rouge-empire-lot-de-4\/","title":{"rendered":"Tasses doseuses KitchenAid rouge empire (lot de 4)"},"content":{"rendered":"<p>Le set de tasses \u00e0 mesurer KitchenAid comprend quatre tailles de tasses diff\u00e9rentes : 1 Tasse (237ml), &#189; Tasse (118ml), &#8531; Tasse (79ml) et &#188; Tasse (59ml). Ces tasses conviennent aux ingr\u00e9dients liquides et secs.Durables et sans BPA, chaque tasse a sa taille imprim\u00e9e en lettres faciles \u00e0 lire sur son manche, en unit\u00e9s m\u00e9triques et am\u00e9ricaines. Les tasses sont con\u00e7ues pour s&#8217;embo\u00eeter, avec un anneau \u00e9pais pour les maintenir ensemble pour une organisation et un rangement faciles. Lavables au lave-vaisselle (panier sup\u00e9rieur recommand\u00e9) pour un nettoyage facile.<\/p>\n<p>\u2022 Comprend 4 tasses de mesures pour la cuisson et la p\u00e2tisserie<br \/>\u2022 Marquages clairs de taille en unit\u00e9s m\u00e9triques et am\u00e9ricaines<br \/>\u2022 Les tasses s&#8217;embo\u00eetent facilement pour le rangement<br \/>\u2022 Les tasses sont maintenues ensemble avec un anneau \u00e9pais<br \/>\u2022 Mesurez avec pr\u00e9cision les ingr\u00e9dients liquides et secs<\/p>\n<p><b><u>Caract\u00e9ristiques du produit :<\/u><\/b><br \/>\u2022 Couleur : Rouge.<\/p>\n","protected":false},"excerpt":{"rendered":"<p>KQG058OHERE<\/p>\n","protected":false},"featured_media":108540,"comment_status":"open","ping_status":"closed","template":"","meta":[],"product_brand":[],"product_cat":[1277,1297],"product_tag":[],"class_list":{"0":"post-110112","1":"product","2":"type-product","3":"status-publish","4":"has-post-thumbnail","6":"product_cat-divers-principal","7":"product_cat-non-palettisable","8":"product_shipping_class-free-shipping","10":"first","11":"instock","12":"featured","13":"taxable","14":"shipping-taxable","15":"purchasable","16":"product-type-simple"},"_links":{"self":[{"href":"https:\/\/abinox-chr-clim.com\/index.php\/wp-json\/wp\/v2\/product\/110112","targetHints":{"allow":["GET"]}}],"collection":[{"href":"https:\/\/abinox-chr-clim.com\/index.php\/wp-json\/wp\/v2\/product"}],"about":[{"href":"https:\/\/abinox-chr-clim.com\/index.php\/wp-json\/wp\/v2\/types\/product"}],"replies":[{"embeddable":true,"href":"https:\/\/abinox-chr-clim.com\/index.php\/wp-json\/wp\/v2\/comments?post=110112"}],"wp:featuredmedia":[{"embeddable":true,"href":"https:\/\/abinox-chr-clim.com\/index.php\/wp-json\/wp\/v2\/media\/108540"}],"wp:attachment":[{"href":"https:\/\/abinox-chr-clim.com\/index.php\/wp-json\/wp\/v2\/media?parent=110112"}],"wp:term":[{"taxonomy":"product_brand","embeddable":true,"href":"https:\/\/abinox-chr-clim.com\/index.php\/wp-json\/wp\/v2\/product_brand?post=110112"},{"taxonomy":"product_cat","embeddable":true,"href":"https:\/\/abinox-chr-clim.com\/index.php\/wp-json\/wp\/v2\/product_cat?post=110112"},{"taxonomy":"product_tag","embeddable":true,"href":"https:\/\/abinox-chr-clim.com\/index.php\/wp-json\/wp\/v2\/product_tag?post=110112"}],"curies":[{"name":"wp","href":"https:\/\/api.w.org\/{rel}","templated":true}]}}