{"id":110109,"date":"2025-05-29T11:38:21","date_gmt":"2025-05-29T09:38:21","guid":{"rendered":"https:\/\/abinox-chr-clim.com\/index.php\/product\/coupe-pate-polyvalent-kitchenaid-noir-152mm\/"},"modified":"2026-04-24T11:13:49","modified_gmt":"2026-04-24T09:13:49","slug":"coupe-pate-polyvalent-kitchenaid-noir-152mm","status":"publish","type":"product","link":"https:\/\/abinox-chr-clim.com\/index.php\/product\/coupe-pate-polyvalent-kitchenaid-noir-152mm\/","title":{"rendered":"Coupe-p\u00e2te polyvalent KitchenAid noir 152mm"},"content":{"rendered":"<p>Le grattoir polyvalent KitchenAid est extr\u00eamement utile pour couper et mesurer la p\u00e2te, \u00e9craser l&rsquo;ail, hacher les l\u00e9gumes et nettoyer les surfaces. Un c\u00f4t\u00e9 comporte des marquages de mesure (jusqu&rsquo;\u00e0 six pouces) pour une coupe pr\u00e9cise, tandis que l&rsquo;autre c\u00f4t\u00e9 est imprim\u00e9 avec des conversions de volumes pratiques.Une poign\u00e9e confortable antid\u00e9rapante permet une utilisation fluide sous une utilisation intensive. Compatible avec le lave-vaisselle pour un nettoyage facile.<\/p>\n<p>\u2022 Couper et mesurer les ingr\u00e9dients sans effort<br \/>\u2022 Fabriqu\u00e9 en acier inoxydable r\u00e9sistant \u00e0 la rouille<br \/>\u2022 Mesures marqu\u00e9es pour une pr\u00e9cision totale<br \/>\u2022 Poign\u00e9e confortable antid\u00e9rapante pour une utilisation en douceur<br \/>\u2022 Passe au lave-vaisselle pour un nettoyage facile<\/p>\n<p><b><u>Caract\u00e9ristiques du produit :<\/u><\/b><br \/>\u2022 Couleur : Noir.<\/p>\n","protected":false},"excerpt":{"rendered":"<p>152mm. KQG050OHOBE<\/p>\n","protected":false},"featured_media":108537,"comment_status":"open","ping_status":"closed","template":"","meta":[],"product_brand":[],"product_cat":[1064,1297,1087,1093],"product_tag":[],"class_list":{"0":"post-110109","1":"product","2":"type-product","3":"status-publish","4":"has-post-thumbnail","6":"product_cat-cuisine","7":"product_cat-non-palettisable","8":"product_cat-patisserie","9":"product_cat-ustensiles","10":"product_shipping_class-free-shipping","12":"first","13":"instock","14":"featured","15":"taxable","16":"shipping-taxable","17":"purchasable","18":"product-type-simple"},"_links":{"self":[{"href":"https:\/\/abinox-chr-clim.com\/index.php\/wp-json\/wp\/v2\/product\/110109","targetHints":{"allow":["GET"]}}],"collection":[{"href":"https:\/\/abinox-chr-clim.com\/index.php\/wp-json\/wp\/v2\/product"}],"about":[{"href":"https:\/\/abinox-chr-clim.com\/index.php\/wp-json\/wp\/v2\/types\/product"}],"replies":[{"embeddable":true,"href":"https:\/\/abinox-chr-clim.com\/index.php\/wp-json\/wp\/v2\/comments?post=110109"}],"wp:featuredmedia":[{"embeddable":true,"href":"https:\/\/abinox-chr-clim.com\/index.php\/wp-json\/wp\/v2\/media\/108537"}],"wp:attachment":[{"href":"https:\/\/abinox-chr-clim.com\/index.php\/wp-json\/wp\/v2\/media?parent=110109"}],"wp:term":[{"taxonomy":"product_brand","embeddable":true,"href":"https:\/\/abinox-chr-clim.com\/index.php\/wp-json\/wp\/v2\/product_brand?post=110109"},{"taxonomy":"product_cat","embeddable":true,"href":"https:\/\/abinox-chr-clim.com\/index.php\/wp-json\/wp\/v2\/product_cat?post=110109"},{"taxonomy":"product_tag","embeddable":true,"href":"https:\/\/abinox-chr-clim.com\/index.php\/wp-json\/wp\/v2\/product_tag?post=110109"}],"curies":[{"name":"wp","href":"https:\/\/api.w.org\/{rel}","templated":true}]}}