{"id":110105,"date":"2025-05-29T11:38:13","date_gmt":"2025-05-29T09:38:13","guid":{"rendered":"https:\/\/abinox-chr-clim.com\/index.php\/product\/thermometre-de-cuisson-incurve-avec-clip-kitchenaid-global\/"},"modified":"2026-04-13T08:23:33","modified_gmt":"2026-04-13T06:23:33","slug":"thermometre-de-cuisson-incurve-avec-clip-kitchenaid-global","status":"publish","type":"product","link":"https:\/\/abinox-chr-clim.com\/index.php\/product\/thermometre-de-cuisson-incurve-avec-clip-kitchenaid-global\/","title":{"rendered":"Thermom\u00e8tre de cuisson incurv\u00e9 avec clip KitchenAid Global"},"content":{"rendered":"<p>Un design de palette classique est id\u00e9al pour faire des bonbons ou suivre les temp\u00e9ratures d&rsquo;huile pour la friture en profondeur. Le thermom\u00e8tre de cuisson \u00e0 clipser KitchenAid a un corps en acier inoxydable incurv\u00e9 qui \u00e9pouse les c\u00f4t\u00e9s des ustensiles de cuisine pour un brassage plus facile et des r\u00e9sultats plus uniform\u00e9ment chauff\u00e9s et constants.Comprend une pince ajustable pour po\u00eale avec un rev\u00eatement en silicone qui fixe solidement le thermom\u00e8tre \u00e0 presque tous les types de po\u00eales et \u00e9vite les rayures. Une poign\u00e9e surdimensionn\u00e9e et qui reste froide facilite le retrait de la po\u00eale apr\u00e8s utilisation.Des chiffres grands et gras sont faciles \u00e0 lire. Les plages de temp\u00e9rature cl\u00e9s sont imprim\u00e9es directement sur l&rsquo;acier inoxydable pour aider \u00e0 surveiller les temp\u00e9ratures de cuisson. Important : le thermom\u00e8tre sera chaud apr\u00e8s utilisation. Utilisez des gants de four lors de la manipulation du thermom\u00e8tre chaud.<\/p>\n<p>\u2022 Id\u00e9al pour faire des sucreries ou suivre les temp\u00e9ratures de l&rsquo;huile pour la friture<br \/>\u2022 Incurv\u00e9 pour \u00e9pouser les parois des ustensiles de cuisson et faciliter le m\u00e9lange<br \/>\u2022 Clip r\u00e9glable avec rev\u00eatement en silicone adapt\u00e9 \u00e0 la plupart des ustensiles de cuisson<br \/>\u2022 Imprim\u00e9 avec les temp\u00e9ratures cl\u00e9s pour le sucre<br \/>\u2022 Forme paddle en acier inoxydable de qualit\u00e9 alimentaire<\/p>\n<p><b><u>Caract\u00e9ristiques du produit :<\/u><\/b><br \/>\u2022 Couleur : Argent.<\/p>\n","protected":false},"excerpt":{"rendered":"<p>KQ907G. Noir<\/p>\n","protected":false},"featured_media":106730,"comment_status":"open","ping_status":"closed","template":"","meta":[],"product_brand":[],"product_cat":[1064,1297,1103,1098],"product_tag":[],"class_list":{"0":"post-110105","1":"product","2":"type-product","3":"status-publish","4":"has-post-thumbnail","6":"product_cat-cuisine","7":"product_cat-non-palettisable","8":"product_cat-thermometres","9":"product_cat-ustensiles-cuisine","10":"product_shipping_class-free-shipping","12":"first","13":"outofstock","14":"featured","15":"taxable","16":"shipping-taxable","17":"purchasable","18":"product-type-simple"},"_links":{"self":[{"href":"https:\/\/abinox-chr-clim.com\/index.php\/wp-json\/wp\/v2\/product\/110105","targetHints":{"allow":["GET"]}}],"collection":[{"href":"https:\/\/abinox-chr-clim.com\/index.php\/wp-json\/wp\/v2\/product"}],"about":[{"href":"https:\/\/abinox-chr-clim.com\/index.php\/wp-json\/wp\/v2\/types\/product"}],"replies":[{"embeddable":true,"href":"https:\/\/abinox-chr-clim.com\/index.php\/wp-json\/wp\/v2\/comments?post=110105"}],"wp:featuredmedia":[{"embeddable":true,"href":"https:\/\/abinox-chr-clim.com\/index.php\/wp-json\/wp\/v2\/media\/106730"}],"wp:attachment":[{"href":"https:\/\/abinox-chr-clim.com\/index.php\/wp-json\/wp\/v2\/media?parent=110105"}],"wp:term":[{"taxonomy":"product_brand","embeddable":true,"href":"https:\/\/abinox-chr-clim.com\/index.php\/wp-json\/wp\/v2\/product_brand?post=110105"},{"taxonomy":"product_cat","embeddable":true,"href":"https:\/\/abinox-chr-clim.com\/index.php\/wp-json\/wp\/v2\/product_cat?post=110105"},{"taxonomy":"product_tag","embeddable":true,"href":"https:\/\/abinox-chr-clim.com\/index.php\/wp-json\/wp\/v2\/product_tag?post=110105"}],"curies":[{"name":"wp","href":"https:\/\/api.w.org\/{rel}","templated":true}]}}