{"id":110104,"date":"2025-05-29T11:38:11","date_gmt":"2025-05-29T09:38:11","guid":{"rendered":"https:\/\/abinox-chr-clim.com\/index.php\/product\/thermometre-a-sonde-numerique-filaire-noir-kitchenaid-global\/"},"modified":"2026-04-13T08:23:32","modified_gmt":"2026-04-13T06:23:32","slug":"thermometre-a-sonde-numerique-filaire-noir-kitchenaid-global","status":"publish","type":"product","link":"https:\/\/abinox-chr-clim.com\/index.php\/product\/thermometre-a-sonde-numerique-filaire-noir-kitchenaid-global\/","title":{"rendered":"Thermom\u00e8tre \u00e0 sonde num\u00e9rique filaire noir KitchenAid Global"},"content":{"rendered":"<p>Surveillez facilement la temp\u00e9rature des aliments \u00e0 l&rsquo;int\u00e9rieur du four avec le thermom\u00e8tre de cuisine num\u00e9rique KitchenAid. Avec son minuteur int\u00e9gr\u00e9 et sa sonde pour four, le KitchenAid vous aide \u00e0 suivre la progression de la cuisson sans ouvrir la porte ou le couvercle afin de maintenir une temp\u00e9rature d&rsquo;air uniforme pour des r\u00e9sultats optimaux.Ce thermom\u00e8tre est pr\u00e9r\u00e9gl\u00e9 avec 8 r\u00e9glages de prot\u00e9ines et plusieurs options de cuisson. Un \u00e9cran lumineux r\u00e9tro\u00e9clair\u00e9 facile \u00e0 lire. Le thermom\u00e8tre est livr\u00e9 avec une sonde en acier inoxydable durable de 15 cm et un cordon en silicone de 1,2 m avec un syst\u00e8me de rangement pratique pour le cordon.Lorsque les aliments atteignent l&rsquo;heure pr\u00e9r\u00e9gl\u00e9e ou la temp\u00e9rature interne souhait\u00e9e, un signal d&rsquo;alarme se d\u00e9clenche pour assurer d&rsquo;excellents r\u00e9sultats.Remarque: ce thermom\u00e8tre n&rsquo;est PAS destin\u00e9 \u00e0 \u00eatre laiss\u00e9 dans les aliments pendant la cuisson. Les composants en plastique et \u00e9lectroniques pourraient \u00eatre endommag\u00e9s par une chaleur excessive. Seule la sonde c\u00e2bl\u00e9e doit \u00eatre dans le four mais ne doit pas \u00eatre expos\u00e9e \u00e0 des temp\u00e9ratures d\u00e9passant 250\u00b0C\/482\u00b0F ou mise en contact avec des flammes directes. Le thermom\u00e8tre et le minuteur fonctionnent ind\u00e9pendamment et ne peuvent pas \u00eatre utilis\u00e9s ensemble. Programmer l&rsquo;un d\u00e9sactivera l&rsquo;autre. IMPORTANT: Le thermom\u00e8tre sera chaud apr\u00e8s utilisation. Utilisez des gants de four lors de la manipulation de thermom\u00e8tres chauds.<\/p>\n<p>\u2022 Thermom\u00e8tre avec minuteur et sonde pour four<br \/>\u2022 L&rsquo;enrouleur de cordon en silicone s\u00e9curise le fil pour le rangement<br \/>\u2022 Utiliser pour le b\u0153uf, le porc, le poulet, les hamburgers et plus<br \/>\u2022 Plage de temp\u00e9rature -20 \u00e0 250\u00b0C<br \/>\u2022 Le minuteur compte jusqu&rsquo;\u00e0 99 minutes, 59 secondes<\/p>\n<p><b><u>Caract\u00e9ristiques du produit :<\/u><\/b><br \/>\u2022 Couleur : Noir.<\/p>\n","protected":false},"excerpt":{"rendered":"<p>KQ906G<\/p>\n","protected":false},"featured_media":105650,"comment_status":"open","ping_status":"closed","template":"","meta":[],"product_brand":[],"product_cat":[1064,1297,1103,1098],"product_tag":[],"class_list":{"0":"post-110104","1":"product","2":"type-product","3":"status-publish","4":"has-post-thumbnail","6":"product_cat-cuisine","7":"product_cat-non-palettisable","8":"product_cat-thermometres","9":"product_cat-ustensiles-cuisine","10":"product_shipping_class-free-shipping","12":"first","13":"instock","14":"featured","15":"taxable","16":"shipping-taxable","17":"purchasable","18":"product-type-simple"},"_links":{"self":[{"href":"https:\/\/abinox-chr-clim.com\/index.php\/wp-json\/wp\/v2\/product\/110104","targetHints":{"allow":["GET"]}}],"collection":[{"href":"https:\/\/abinox-chr-clim.com\/index.php\/wp-json\/wp\/v2\/product"}],"about":[{"href":"https:\/\/abinox-chr-clim.com\/index.php\/wp-json\/wp\/v2\/types\/product"}],"replies":[{"embeddable":true,"href":"https:\/\/abinox-chr-clim.com\/index.php\/wp-json\/wp\/v2\/comments?post=110104"}],"wp:featuredmedia":[{"embeddable":true,"href":"https:\/\/abinox-chr-clim.com\/index.php\/wp-json\/wp\/v2\/media\/105650"}],"wp:attachment":[{"href":"https:\/\/abinox-chr-clim.com\/index.php\/wp-json\/wp\/v2\/media?parent=110104"}],"wp:term":[{"taxonomy":"product_brand","embeddable":true,"href":"https:\/\/abinox-chr-clim.com\/index.php\/wp-json\/wp\/v2\/product_brand?post=110104"},{"taxonomy":"product_cat","embeddable":true,"href":"https:\/\/abinox-chr-clim.com\/index.php\/wp-json\/wp\/v2\/product_cat?post=110104"},{"taxonomy":"product_tag","embeddable":true,"href":"https:\/\/abinox-chr-clim.com\/index.php\/wp-json\/wp\/v2\/product_tag?post=110104"}],"curies":[{"name":"wp","href":"https:\/\/api.w.org\/{rel}","templated":true}]}}