{"id":110103,"date":"2025-05-29T11:38:09","date_gmt":"2025-05-29T09:38:09","guid":{"rendered":"https:\/\/abinox-chr-clim.com\/index.php\/product\/thermometre-numerique-kitchenaid-global-noir\/"},"modified":"2026-04-13T08:23:31","modified_gmt":"2026-04-13T06:23:31","slug":"thermometre-numerique-kitchenaid-global-noir","status":"publish","type":"product","link":"https:\/\/abinox-chr-clim.com\/index.php\/product\/thermometre-numerique-kitchenaid-global-noir\/","title":{"rendered":"Thermom\u00e8tre num\u00e9rique KitchenAid Global noir"},"content":{"rendered":"<p>Le thermom\u00e8tre de cuisine instantan\u00e9 num\u00e9rique r\u00e9tro\u00e9clair\u00e9 KitchenAid est la solution parfaite pour lire instantan\u00e9ment les temp\u00e9ratures internes des aliments.Avec son affichage LCD r\u00e9tro\u00e9clair\u00e9, le thermom\u00e8tre affiche la temp\u00e9rature de mani\u00e8re audacieuse et claire, tandis que la fonctionnalit\u00e9 unique HOLD verrouille la derni\u00e8re temp\u00e9rature enregistr\u00e9e afin que vous puissiez \u00e9loigner votre main de la chaleur encore plus rapidement.Les autres caract\u00e9ristiques incluent une pointe ultra-fine, un \u00e9tui de poche\/rangement pratique, et un bouton de conversion Celsius\/Fahrenheit. Combin\u00e9 avec une plage de temp\u00e9rature atteignant un maximum de 250\u00b0C\/482\u00b0F, ce thermom\u00e8tre deviendra l&rsquo;un des outils les plus utiles dans votre cuisine.Note : les thermom\u00e8tres num\u00e9riques ne sont pas con\u00e7us pour \u00eatre laiss\u00e9s dans les aliments pendant la cuisson. Les composants en plastique et \u00e9lectroniques pourraient \u00eatre endommag\u00e9s par une chaleur excessive. IMPORTANT : Le thermom\u00e8tre sera chaud apr\u00e8s utilisation. Utilisez des gants de cuisine lorsque vous manipulez des thermom\u00e8tres chauds.<\/p>\n<p>\u2022 L&rsquo;affichage LCD r\u00e9tro\u00e9clair\u00e9 montre la temp\u00e9rature de mani\u00e8re claire<br \/>\u2022 Le bouton HOLD verrouille la derni\u00e8re temp\u00e9rature enregistr\u00e9e<br \/>\u2022 L&rsquo;\u00e9cran r\u00e9tro\u00e9clair\u00e9 ultra-lumineux est facile \u00e0 lire<br \/>\u2022 Plage de temp\u00e9rature -20 \u00e0 250\u00b0C<br \/>\u2022 Le thermistor num\u00e9rique lit la temp\u00e9rature interne des aliments<\/p>\n<p><b><u>Caract\u00e9ristiques du produit :<\/u><\/b><br \/>\u2022 Couleur : Noir.<\/p>\n","protected":false},"excerpt":{"rendered":"<p>KQ905G<\/p>\n","protected":false},"featured_media":106561,"comment_status":"open","ping_status":"closed","template":"","meta":[],"product_brand":[],"product_cat":[1064,1297,1103,1098],"product_tag":[],"class_list":{"0":"post-110103","1":"product","2":"type-product","3":"status-publish","4":"has-post-thumbnail","6":"product_cat-cuisine","7":"product_cat-non-palettisable","8":"product_cat-thermometres","9":"product_cat-ustensiles-cuisine","10":"product_shipping_class-free-shipping","12":"first","13":"instock","14":"featured","15":"taxable","16":"shipping-taxable","17":"purchasable","18":"product-type-simple"},"_links":{"self":[{"href":"https:\/\/abinox-chr-clim.com\/index.php\/wp-json\/wp\/v2\/product\/110103","targetHints":{"allow":["GET"]}}],"collection":[{"href":"https:\/\/abinox-chr-clim.com\/index.php\/wp-json\/wp\/v2\/product"}],"about":[{"href":"https:\/\/abinox-chr-clim.com\/index.php\/wp-json\/wp\/v2\/types\/product"}],"replies":[{"embeddable":true,"href":"https:\/\/abinox-chr-clim.com\/index.php\/wp-json\/wp\/v2\/comments?post=110103"}],"wp:featuredmedia":[{"embeddable":true,"href":"https:\/\/abinox-chr-clim.com\/index.php\/wp-json\/wp\/v2\/media\/106561"}],"wp:attachment":[{"href":"https:\/\/abinox-chr-clim.com\/index.php\/wp-json\/wp\/v2\/media?parent=110103"}],"wp:term":[{"taxonomy":"product_brand","embeddable":true,"href":"https:\/\/abinox-chr-clim.com\/index.php\/wp-json\/wp\/v2\/product_brand?post=110103"},{"taxonomy":"product_cat","embeddable":true,"href":"https:\/\/abinox-chr-clim.com\/index.php\/wp-json\/wp\/v2\/product_cat?post=110103"},{"taxonomy":"product_tag","embeddable":true,"href":"https:\/\/abinox-chr-clim.com\/index.php\/wp-json\/wp\/v2\/product_tag?post=110103"}],"curies":[{"name":"wp","href":"https:\/\/api.w.org\/{rel}","templated":true}]}}