{"id":110102,"date":"2025-05-29T11:38:07","date_gmt":"2025-05-29T09:38:07","guid":{"rendered":"https:\/\/abinox-chr-clim.com\/index.php\/product\/thermometre-numerique-pivotant-kitchenaid-global-noir\/"},"modified":"2026-04-13T08:23:31","modified_gmt":"2026-04-13T06:23:31","slug":"thermometre-numerique-pivotant-kitchenaid-global-noir","status":"publish","type":"product","link":"https:\/\/abinox-chr-clim.com\/index.php\/product\/thermometre-numerique-pivotant-kitchenaid-global-noir\/","title":{"rendered":"Thermom\u00e8tre num\u00e9rique pivotant KitchenAid Global noir"},"content":{"rendered":"<p>Le thermom\u00e8tre de cuisine num\u00e9rique pivotant KitchenAid regroupe de nombreux besoins en thermom\u00e8tres en un seul produit pratique. Tout d&rsquo;abord, l&rsquo;\u00e9cran LCD surdimensionn\u00e9 de 2,5 cm affiche la temp\u00e9rature de mani\u00e8re audacieuse et claire. Vous n&rsquo;obtenez pas l&rsquo;angle de vue souhait\u00e9 &#63; La t\u00eate du thermom\u00e8tre pivote et s&rsquo;ajuste dans plusieurs angles &#8211; pas besoin de se pencher, tordre ou incliner pour lire la temp\u00e9rature.Les autres caract\u00e9ristiques incluent une pointe de thermom\u00e8tre ultra-fine, un \u00e9tui de poche\/rangement pratique et un commutateur de conversion Celsius\/Fahrenheit. Combin\u00e9 avec une plage de temp\u00e9rature atteignant un maximum de 250\u00b0C\/482\u00b0F, ce thermom\u00e8tre deviendra l&rsquo;un des outils les plus utiles dans votre cuisine.Remarque : les thermom\u00e8tres num\u00e9riques ne sont pas destin\u00e9s \u00e0 \u00eatre laiss\u00e9s dans les aliments pendant la cuisson. Les composants en plastique et \u00e9lectroniques pourraient \u00eatre endommag\u00e9s par une chaleur excessive. IMPORTANT : Le thermom\u00e8tre sera chaud apr\u00e8s utilisation. Utilisez des gants de cuisine pour manipuler des thermom\u00e8tres chauds.<\/p>\n<p>\u2022 Conception tout-en-un<br \/>\u2022 \u00c9cran r\u00e9tro\u00e9clair\u00e9 pivotant pour faciliter la visualisation<br \/>\u2022 \u00c9tui de poche pour prot\u00e9ger la pointe ultra-fine de 1,5 mm<br \/>\u2022 Plage de temp\u00e9rature -20 \u00e0 250\u00b0C<br \/>\u2022 Le thermistor num\u00e9rique lit la temp\u00e9rature interne des aliments<\/p>\n<p><b><u>Caract\u00e9ristiques du produit :<\/u><\/b><br \/>\u2022 Couleur : Noir.<\/p>\n","protected":false},"excerpt":{"rendered":"<p>KQ904G<\/p>\n","protected":false},"featured_media":105649,"comment_status":"open","ping_status":"closed","template":"","meta":[],"product_brand":[],"product_cat":[1064,1297,1103,1098],"product_tag":[],"class_list":{"0":"post-110102","1":"product","2":"type-product","3":"status-publish","4":"has-post-thumbnail","6":"product_cat-cuisine","7":"product_cat-non-palettisable","8":"product_cat-thermometres","9":"product_cat-ustensiles-cuisine","10":"product_shipping_class-free-shipping","12":"first","13":"outofstock","14":"featured","15":"taxable","16":"shipping-taxable","17":"purchasable","18":"product-type-simple"},"_links":{"self":[{"href":"https:\/\/abinox-chr-clim.com\/index.php\/wp-json\/wp\/v2\/product\/110102","targetHints":{"allow":["GET"]}}],"collection":[{"href":"https:\/\/abinox-chr-clim.com\/index.php\/wp-json\/wp\/v2\/product"}],"about":[{"href":"https:\/\/abinox-chr-clim.com\/index.php\/wp-json\/wp\/v2\/types\/product"}],"replies":[{"embeddable":true,"href":"https:\/\/abinox-chr-clim.com\/index.php\/wp-json\/wp\/v2\/comments?post=110102"}],"wp:featuredmedia":[{"embeddable":true,"href":"https:\/\/abinox-chr-clim.com\/index.php\/wp-json\/wp\/v2\/media\/105649"}],"wp:attachment":[{"href":"https:\/\/abinox-chr-clim.com\/index.php\/wp-json\/wp\/v2\/media?parent=110102"}],"wp:term":[{"taxonomy":"product_brand","embeddable":true,"href":"https:\/\/abinox-chr-clim.com\/index.php\/wp-json\/wp\/v2\/product_brand?post=110102"},{"taxonomy":"product_cat","embeddable":true,"href":"https:\/\/abinox-chr-clim.com\/index.php\/wp-json\/wp\/v2\/product_cat?post=110102"},{"taxonomy":"product_tag","embeddable":true,"href":"https:\/\/abinox-chr-clim.com\/index.php\/wp-json\/wp\/v2\/product_tag?post=110102"}],"curies":[{"name":"wp","href":"https:\/\/api.w.org\/{rel}","templated":true}]}}