{"id":110101,"date":"2025-05-29T11:38:05","date_gmt":"2025-05-29T09:38:05","guid":{"rendered":"https:\/\/abinox-chr-clim.com\/index.php\/product\/thermometre-de-four-a-cadran-kitchenaid-global-noir-762cm\/"},"modified":"2026-04-13T08:23:30","modified_gmt":"2026-04-13T06:23:30","slug":"thermometre-de-four-a-cadran-kitchenaid-global-noir-762cm","status":"publish","type":"product","link":"https:\/\/abinox-chr-clim.com\/index.php\/product\/thermometre-de-four-a-cadran-kitchenaid-global-noir-762cm\/","title":{"rendered":"Thermom\u00e8tre de four \u00e0 cadran KitchenAid Global noir 7,62cm"},"content":{"rendered":"<p>Assurez-vous que vos aliments cuisent \u00e0 la bonne temp\u00e9rature avec le thermom\u00e8tre de four \u00e0 cadran KitchenAid. Un cadran extra-large et color\u00e9 de 7,5 cm rend ce thermom\u00e8tre de four facile \u00e0 lire.Le thermom\u00e8tre est dot\u00e9 d&rsquo;une lentille en verre tremp\u00e9 r\u00e9sistant aux \u00e9clats avec un pointeur rouge pour indiquer des temp\u00e9ratures pr\u00e9cises de 40 \u00e0 320\u00b0C (100 \u00e0 600\u00b0F). La construction en acier inoxydable offre solidit\u00e9, durabilit\u00e9 et r\u00e9sistance \u00e0 la corrosion.Con\u00e7u de mani\u00e8re unique pour tous les types de fours, ce grand thermom\u00e8tre \u00e0 cadran peut \u00eatre suspendu \u00e0 une grille ou se tenir seul gr\u00e2ce au clip rotatif innovant \u00e0 l&rsquo;arri\u00e8re. Certifi\u00e9 NSF.<\/p>\n<p>\u2022 Surveillez facilement la temp\u00e9rature des aliments<br \/>\u2022 Calibration pr\u00e9cise pour des r\u00e9sultats constants<br \/>\u2022 Verre de s\u00e9curit\u00e9 pour une durabilit\u00e9 accrue<br \/>\u2022 Plage de temp\u00e9rature de 40 \u00e0 320\u00b0C<br \/>\u2022 Angle ajustable pour une visibilit\u00e9 optimale<\/p>\n<p><b><u>Caract\u00e9ristiques du produit :<\/u><\/b><br \/>\u2022 Couleur : Argent.<\/p>\n","protected":false},"excerpt":{"rendered":"<p>7,62cm. KQ903G<\/p>\n","protected":false},"featured_media":107089,"comment_status":"open","ping_status":"closed","template":"","meta":[],"product_brand":[],"product_cat":[1064,1297,1103,1098],"product_tag":[],"class_list":{"0":"post-110101","1":"product","2":"type-product","3":"status-publish","4":"has-post-thumbnail","6":"product_cat-cuisine","7":"product_cat-non-palettisable","8":"product_cat-thermometres","9":"product_cat-ustensiles-cuisine","10":"product_shipping_class-free-shipping","12":"first","13":"outofstock","14":"featured","15":"taxable","16":"shipping-taxable","17":"purchasable","18":"product-type-simple"},"_links":{"self":[{"href":"https:\/\/abinox-chr-clim.com\/index.php\/wp-json\/wp\/v2\/product\/110101","targetHints":{"allow":["GET"]}}],"collection":[{"href":"https:\/\/abinox-chr-clim.com\/index.php\/wp-json\/wp\/v2\/product"}],"about":[{"href":"https:\/\/abinox-chr-clim.com\/index.php\/wp-json\/wp\/v2\/types\/product"}],"replies":[{"embeddable":true,"href":"https:\/\/abinox-chr-clim.com\/index.php\/wp-json\/wp\/v2\/comments?post=110101"}],"wp:featuredmedia":[{"embeddable":true,"href":"https:\/\/abinox-chr-clim.com\/index.php\/wp-json\/wp\/v2\/media\/107089"}],"wp:attachment":[{"href":"https:\/\/abinox-chr-clim.com\/index.php\/wp-json\/wp\/v2\/media?parent=110101"}],"wp:term":[{"taxonomy":"product_brand","embeddable":true,"href":"https:\/\/abinox-chr-clim.com\/index.php\/wp-json\/wp\/v2\/product_brand?post=110101"},{"taxonomy":"product_cat","embeddable":true,"href":"https:\/\/abinox-chr-clim.com\/index.php\/wp-json\/wp\/v2\/product_cat?post=110101"},{"taxonomy":"product_tag","embeddable":true,"href":"https:\/\/abinox-chr-clim.com\/index.php\/wp-json\/wp\/v2\/product_tag?post=110101"}],"curies":[{"name":"wp","href":"https:\/\/api.w.org\/{rel}","templated":true}]}}