{"id":110100,"date":"2025-05-29T11:38:03","date_gmt":"2025-05-29T09:38:03","guid":{"rendered":"https:\/\/abinox-chr-clim.com\/index.php\/product\/thermometre-a-viande-a-cadran-en-inox-kitchenaid-global\/"},"modified":"2026-04-13T08:23:27","modified_gmt":"2026-04-13T06:23:27","slug":"thermometre-a-viande-a-cadran-en-inox-kitchenaid-global","status":"publish","type":"product","link":"https:\/\/abinox-chr-clim.com\/index.php\/product\/thermometre-a-viande-a-cadran-en-inox-kitchenaid-global\/","title":{"rendered":"Thermom\u00e8tre \u00e0 viande \u00e0 cadran en inox KitchenAid Global"},"content":{"rendered":"<p>La sonde de thermom\u00e8tre \u00e0 viande KitchenAid qui reste en place vous aide \u00e0 cuire la viande \u00e0 la bonne temp\u00e9rature, vous assurant ainsi la s\u00e9curit\u00e9 alimentaire. Le cadran de 7,5 cm a une lentille en verre tremp\u00e9 qui est s\u00fbre \u00e0 laisser dans le four pendant la cuisson.L&rsquo;aiguille se d\u00e9placera lentement \u00e0 mesure que la temp\u00e9rature interne du r\u00f4ti ou de la volaille augmente. La construction enti\u00e8rement en acier inoxydable est durable et de longue dur\u00e9e. Les temp\u00e9ratures de cuisson sont imprim\u00e9es directement sur le cadran pour une r\u00e9f\u00e9rence rapide. Certifi\u00e9 NSF. Important : Le thermom\u00e8tre sera chaud apr\u00e8s utilisation. Utilisez des gants de four pour manipuler le thermom\u00e8tre chaud. \u00c0 temp\u00e9rature ambiante, l&rsquo;aiguille reposera au bas du cadran. Si le morceau de viande est plus froid que la temp\u00e9rature ambiante, l&rsquo;aiguille tournera dans le sens inverse des aiguilles d&rsquo;une montre dans l&rsquo;\u00e9chelle num\u00e9rique. Comme ce thermom\u00e8tre est con\u00e7u pour \u00eatre laiss\u00e9 dans les aliments pendant la cuisson, l&rsquo;aiguille ne se d\u00e9placera pas instantan\u00e9ment et n\u00e9cessitera une p\u00e9riode plus longue pour enregistrer la temp\u00e9rature.<\/p>\n<p>\u2022 Prenez facilement la temp\u00e9rature des aliments &#8211; il suffit de l&rsquo;ins\u00e9rer dans la viande<br \/>\u2022 Calibrage de pr\u00e9cision pour des r\u00e9sultats constants<br \/>\u2022 Lentille en verre de s\u00e9curit\u00e9 pour la durabilit\u00e9<br \/>\u2022 Plage de temp\u00e9rature de 48 \u00e0 93\u00b0C<br \/>\u2022 Conception de cadran inclin\u00e9 pour une lecture facile des chiffres<\/p>\n<p><b><u>Caract\u00e9ristiques du produit :<\/u><\/b><br \/>\u2022 Couleur : Argent.<\/p>\n","protected":false},"excerpt":{"rendered":"<p>48-93\u00b0C. KQ902G<\/p>\n","protected":false},"featured_media":106130,"comment_status":"open","ping_status":"closed","template":"","meta":[],"product_brand":[],"product_cat":[1064,1297,1103,1098],"product_tag":[],"class_list":{"0":"post-110100","1":"product","2":"type-product","3":"status-publish","4":"has-post-thumbnail","6":"product_cat-cuisine","7":"product_cat-non-palettisable","8":"product_cat-thermometres","9":"product_cat-ustensiles-cuisine","10":"product_shipping_class-free-shipping","12":"first","13":"outofstock","14":"featured","15":"taxable","16":"shipping-taxable","17":"purchasable","18":"product-type-simple"},"_links":{"self":[{"href":"https:\/\/abinox-chr-clim.com\/index.php\/wp-json\/wp\/v2\/product\/110100","targetHints":{"allow":["GET"]}}],"collection":[{"href":"https:\/\/abinox-chr-clim.com\/index.php\/wp-json\/wp\/v2\/product"}],"about":[{"href":"https:\/\/abinox-chr-clim.com\/index.php\/wp-json\/wp\/v2\/types\/product"}],"replies":[{"embeddable":true,"href":"https:\/\/abinox-chr-clim.com\/index.php\/wp-json\/wp\/v2\/comments?post=110100"}],"wp:featuredmedia":[{"embeddable":true,"href":"https:\/\/abinox-chr-clim.com\/index.php\/wp-json\/wp\/v2\/media\/106130"}],"wp:attachment":[{"href":"https:\/\/abinox-chr-clim.com\/index.php\/wp-json\/wp\/v2\/media?parent=110100"}],"wp:term":[{"taxonomy":"product_brand","embeddable":true,"href":"https:\/\/abinox-chr-clim.com\/index.php\/wp-json\/wp\/v2\/product_brand?post=110100"},{"taxonomy":"product_cat","embeddable":true,"href":"https:\/\/abinox-chr-clim.com\/index.php\/wp-json\/wp\/v2\/product_cat?post=110100"},{"taxonomy":"product_tag","embeddable":true,"href":"https:\/\/abinox-chr-clim.com\/index.php\/wp-json\/wp\/v2\/product_tag?post=110100"}],"curies":[{"name":"wp","href":"https:\/\/api.w.org\/{rel}","templated":true}]}}