{"id":110099,"date":"2025-05-29T11:38:00","date_gmt":"2025-05-29T09:38:00","guid":{"rendered":"https:\/\/abinox-chr-clim.com\/index.php\/product\/thermometre-a-viande-a-lecture-rapide-kitchenaid-avec-etui-noir-254-cm\/"},"modified":"2026-04-13T08:23:26","modified_gmt":"2026-04-13T06:23:26","slug":"thermometre-a-viande-a-lecture-rapide-kitchenaid-avec-etui-noir-254-cm","status":"publish","type":"product","link":"https:\/\/abinox-chr-clim.com\/index.php\/product\/thermometre-a-viande-a-lecture-rapide-kitchenaid-avec-etui-noir-254-cm\/","title":{"rendered":"Thermom\u00e8tre \u00e0 viande \u00e0 lecture rapide KitchenAid avec \u00e9tui noir 2,54 cm"},"content":{"rendered":"<p>Cette sonde thermom\u00e8tre \u00e0 viande de KitchenAid est un excellent ajout \u00e0 tout r\u00e9pertoire d&rsquo;outils de cuisine. La robustesse de la lentille en plastique incassable ainsi que la capacit\u00e9 du thermom\u00e8tre \u00e0 r\u00e9sister aux chutes sur le sol en font une solution \u00e0 long terme pour tout besoin de cuisine ou de p\u00e2tisserie.Le thermom\u00e8tre KitchenAid est fourni avec un \u00e9tui protecteur qui peut \u00eatre utilis\u00e9 pour \u00e9talonner le thermom\u00e8tre (voir les instructions sur l&#8217;emballage) et sert \u00e9galement de poign\u00e9e prolong\u00e9e. Certifi\u00e9 NSF.Conseils utiles : Ce thermom\u00e8tre n&rsquo;est pas destin\u00e9 \u00e0 \u00eatre laiss\u00e9 dans les aliments pendant la cuisson. La lentille en plastique pourrait \u00eatre endommag\u00e9e par une chaleur excessive. Important : Le thermom\u00e8tre sera chaud apr\u00e8s usage. Utilisez des gants de cuisine pour manipuler le thermom\u00e8tre chaud.<\/p>\n<p>\u2022 Prenez facilement la temp\u00e9rature des aliments &#8211; il suffit de l&rsquo;ins\u00e9rer dans la viande<br \/>\u2022 Con\u00e7u pour fournir des lectures rapides et pr\u00e9cises<br \/>\u2022 L&rsquo;\u00e9tui prot\u00e8ge le thermom\u00e8tre lors du rangement<br \/>\u2022 Plage de temp\u00e9rature de -6 \u00e0 104\u00b0C<br \/>\u2022 Poss\u00e8de un cadran de 2,5 cm pour une visualisation facile<\/p>\n<p><b><u>Caract\u00e9ristiques du produit :<\/u><\/b><br \/>\u2022 Couleur : Argent.<\/p>\n","protected":false},"excerpt":{"rendered":"<p>Longueur : 14,5cm. KQ901G<\/p>\n","protected":false},"featured_media":107553,"comment_status":"open","ping_status":"closed","template":"","meta":[],"product_brand":[],"product_cat":[1064,1297,1103,1098],"product_tag":[],"class_list":{"0":"post-110099","1":"product","2":"type-product","3":"status-publish","4":"has-post-thumbnail","6":"product_cat-cuisine","7":"product_cat-non-palettisable","8":"product_cat-thermometres","9":"product_cat-ustensiles-cuisine","10":"product_shipping_class-free-shipping","12":"first","13":"outofstock","14":"featured","15":"taxable","16":"shipping-taxable","17":"purchasable","18":"product-type-simple"},"_links":{"self":[{"href":"https:\/\/abinox-chr-clim.com\/index.php\/wp-json\/wp\/v2\/product\/110099","targetHints":{"allow":["GET"]}}],"collection":[{"href":"https:\/\/abinox-chr-clim.com\/index.php\/wp-json\/wp\/v2\/product"}],"about":[{"href":"https:\/\/abinox-chr-clim.com\/index.php\/wp-json\/wp\/v2\/types\/product"}],"replies":[{"embeddable":true,"href":"https:\/\/abinox-chr-clim.com\/index.php\/wp-json\/wp\/v2\/comments?post=110099"}],"wp:featuredmedia":[{"embeddable":true,"href":"https:\/\/abinox-chr-clim.com\/index.php\/wp-json\/wp\/v2\/media\/107553"}],"wp:attachment":[{"href":"https:\/\/abinox-chr-clim.com\/index.php\/wp-json\/wp\/v2\/media?parent=110099"}],"wp:term":[{"taxonomy":"product_brand","embeddable":true,"href":"https:\/\/abinox-chr-clim.com\/index.php\/wp-json\/wp\/v2\/product_brand?post=110099"},{"taxonomy":"product_cat","embeddable":true,"href":"https:\/\/abinox-chr-clim.com\/index.php\/wp-json\/wp\/v2\/product_cat?post=110099"},{"taxonomy":"product_tag","embeddable":true,"href":"https:\/\/abinox-chr-clim.com\/index.php\/wp-json\/wp\/v2\/product_tag?post=110099"}],"curies":[{"name":"wp","href":"https:\/\/api.w.org\/{rel}","templated":true}]}}