{"id":110092,"date":"2025-05-29T11:37:46","date_gmt":"2025-05-29T09:37:46","guid":{"rendered":"https:\/\/abinox-chr-clim.com\/index.php\/product\/bouilloire-en-plastique-tristar-wk-3372-blanche-1l-1100w\/"},"modified":"2026-04-15T10:27:49","modified_gmt":"2026-04-15T08:27:49","slug":"bouilloire-en-plastique-tristar-wk-3372-blanche-1l-1100w","status":"publish","type":"product","link":"https:\/\/abinox-chr-clim.com\/index.php\/product\/bouilloire-en-plastique-tristar-wk-3372-blanche-1l-1100w\/","title":{"rendered":"Bouilloire en plastique Tristar WK-3372 blanche 1L 1100W"},"content":{"rendered":"<p>Bouilloire compacte facile \u00e0 utiliser avec une capacit\u00e9 de 1 litre. La bouilloire s&rsquo;arr\u00eate automatiquement lorsque la temp\u00e9rature est atteinte. Le couvercle a un verrou de s\u00e9curit\u00e9 et un filtre pour emp\u00eacher le tartre dans votre th\u00e9. Convient \u00e9galement pour une utilisation en ext\u00e9rieur.<\/p>\n<p>\u2022 Bouilloire pratique et compacte avec un bo\u00eetier en plastique blanc<br \/>\u2022 Bouilloire d&rsquo;une capacit\u00e9 de 1 litre et indicateur de capacit\u00e9 maximale<br \/>\u2022 Utilisation simple gr\u00e2ce \u00e0 l&rsquo;interrupteur marche\/arr\u00eat et \u00e0 l&rsquo;arr\u00eat automatique<br \/>\u2022 Utilisation s\u00fbre gr\u00e2ce \u00e0 la protection contre la surchauffe et aux pieds antid\u00e9rapants<br \/>\u2022 Le couvercle est dot\u00e9 d&rsquo;un filtre anticalcaire int\u00e9gr\u00e9<\/p>\n<p><b><u>Caract\u00e9ristiques du produit :<\/u><\/b><br \/>\u2022 Capacit\u00e9 : 1 L<br \/>\u2022 Dim. : 195(H) x 170(L) x 90(P) mm<br \/>\u2022 Mati\u00e8re : Plastique<br \/>\u2022 Poids : 464 g.<\/p>\n","protected":false},"excerpt":{"rendered":"<p>Plastique blanc &#8211; format compact 1L -1100W<\/p>\n","protected":false},"featured_media":107550,"comment_status":"open","ping_status":"closed","template":"","meta":[],"product_brand":[],"product_cat":[1277,1297],"product_tag":[],"class_list":{"0":"post-110092","1":"product","2":"type-product","3":"status-publish","4":"has-post-thumbnail","6":"product_cat-divers-principal","7":"product_cat-non-palettisable","8":"product_shipping_class-free-shipping","10":"first","11":"instock","12":"featured","13":"taxable","14":"shipping-taxable","15":"purchasable","16":"product-type-simple"},"_links":{"self":[{"href":"https:\/\/abinox-chr-clim.com\/index.php\/wp-json\/wp\/v2\/product\/110092","targetHints":{"allow":["GET"]}}],"collection":[{"href":"https:\/\/abinox-chr-clim.com\/index.php\/wp-json\/wp\/v2\/product"}],"about":[{"href":"https:\/\/abinox-chr-clim.com\/index.php\/wp-json\/wp\/v2\/types\/product"}],"replies":[{"embeddable":true,"href":"https:\/\/abinox-chr-clim.com\/index.php\/wp-json\/wp\/v2\/comments?post=110092"}],"wp:featuredmedia":[{"embeddable":true,"href":"https:\/\/abinox-chr-clim.com\/index.php\/wp-json\/wp\/v2\/media\/107550"}],"wp:attachment":[{"href":"https:\/\/abinox-chr-clim.com\/index.php\/wp-json\/wp\/v2\/media?parent=110092"}],"wp:term":[{"taxonomy":"product_brand","embeddable":true,"href":"https:\/\/abinox-chr-clim.com\/index.php\/wp-json\/wp\/v2\/product_brand?post=110092"},{"taxonomy":"product_cat","embeddable":true,"href":"https:\/\/abinox-chr-clim.com\/index.php\/wp-json\/wp\/v2\/product_cat?post=110092"},{"taxonomy":"product_tag","embeddable":true,"href":"https:\/\/abinox-chr-clim.com\/index.php\/wp-json\/wp\/v2\/product_tag?post=110092"}],"curies":[{"name":"wp","href":"https:\/\/api.w.org\/{rel}","templated":true}]}}