{"id":110091,"date":"2025-05-29T11:37:45","date_gmt":"2025-05-29T09:37:45","guid":{"rendered":"https:\/\/abinox-chr-clim.com\/index.php\/product\/mousseur-a-lait-et-rechauffeur-tristar-mk-2277-500w\/"},"modified":"2026-04-15T10:27:49","modified_gmt":"2026-04-15T08:27:49","slug":"mousseur-a-lait-et-rechauffeur-tristar-mk-2277-500w","status":"publish","type":"product","link":"https:\/\/abinox-chr-clim.com\/index.php\/product\/mousseur-a-lait-et-rechauffeur-tristar-mk-2277-500w\/","title":{"rendered":"Mousseur \u00e0 lait et r\u00e9chauffeur Tristar MK-2277 500W"},"content":{"rendered":"<p>Faire mousser ou chauffer le lait \u00e0 la perfection en appuyant sur un bouton ! Vous pouvez r\u00e9aliser toutes vos recettes de caf\u00e9 avec ce mousseur \u00e0 lait facile \u00e0 utiliser. Le pot d\u00e9tachable est facile \u00e0 retirer de la base et est \u00e9galement rotatif \u00e0 360&#730; degr\u00e9s.<\/p>\n<p>\u2022 Gr\u00e2ce \u00e0 la puissance \u00e9lectrique de 500 watts, vous obtiendrez en quelques secondes une belle couche de mousse de lait sur votre caf\u00e9<br \/>\u2022 Peut \u00eatre utilis\u00e9 pour faire mousser ou seulement pour r\u00e9chauffer le lait<br \/>\u2022 Gr\u00e2ce au mat\u00e9riau en acier inoxydable, il pr\u00e9sente un design \u00e9l\u00e9gant et une dur\u00e9e de vie plus longue<br \/>\u2022 La rotation \u00e0 360 degr\u00e9s permet de retirer et de placer facilement le mousseur sur sa base<\/p>\n<p><b><u>Caract\u00e9ristiques du produit :<\/u><\/b><br \/>\u2022 Capacit\u00e9 : 24 cl<br \/>\u2022 Dim. : 147(H) x 108(L) x 185(P) mm<br \/>\u2022 Mati\u00e8re : Inox<br \/>\u2022 Poids : 953 g.<\/p>\n","protected":false},"excerpt":{"rendered":"<p>\u00c9lectrique rotatif \u00e0 360 degr\u00e9s en inox &#8211; 500 watts<\/p>\n","protected":false},"featured_media":106729,"comment_status":"open","ping_status":"closed","template":"","meta":[],"product_brand":[],"product_cat":[1277,1297],"product_tag":[],"class_list":{"0":"post-110091","1":"product","2":"type-product","3":"status-publish","4":"has-post-thumbnail","6":"product_cat-divers-principal","7":"product_cat-non-palettisable","8":"product_shipping_class-free-shipping","10":"first","11":"instock","12":"featured","13":"taxable","14":"shipping-taxable","15":"purchasable","16":"product-type-simple"},"_links":{"self":[{"href":"https:\/\/abinox-chr-clim.com\/index.php\/wp-json\/wp\/v2\/product\/110091","targetHints":{"allow":["GET"]}}],"collection":[{"href":"https:\/\/abinox-chr-clim.com\/index.php\/wp-json\/wp\/v2\/product"}],"about":[{"href":"https:\/\/abinox-chr-clim.com\/index.php\/wp-json\/wp\/v2\/types\/product"}],"replies":[{"embeddable":true,"href":"https:\/\/abinox-chr-clim.com\/index.php\/wp-json\/wp\/v2\/comments?post=110091"}],"wp:featuredmedia":[{"embeddable":true,"href":"https:\/\/abinox-chr-clim.com\/index.php\/wp-json\/wp\/v2\/media\/106729"}],"wp:attachment":[{"href":"https:\/\/abinox-chr-clim.com\/index.php\/wp-json\/wp\/v2\/media?parent=110091"}],"wp:term":[{"taxonomy":"product_brand","embeddable":true,"href":"https:\/\/abinox-chr-clim.com\/index.php\/wp-json\/wp\/v2\/product_brand?post=110091"},{"taxonomy":"product_cat","embeddable":true,"href":"https:\/\/abinox-chr-clim.com\/index.php\/wp-json\/wp\/v2\/product_cat?post=110091"},{"taxonomy":"product_tag","embeddable":true,"href":"https:\/\/abinox-chr-clim.com\/index.php\/wp-json\/wp\/v2\/product_tag?post=110091"}],"curies":[{"name":"wp","href":"https:\/\/api.w.org\/{rel}","templated":true}]}}