{"id":110089,"date":"2025-05-29T11:37:41","date_gmt":"2025-05-29T09:37:41","guid":{"rendered":"https:\/\/abinox-chr-clim.com\/index.php\/product\/extracteur-de-jus-tristar-sc-2284\/"},"modified":"2025-07-10T11:52:03","modified_gmt":"2025-07-10T09:52:03","slug":"extracteur-de-jus-tristar-sc-2284","status":"publish","type":"product","link":"https:\/\/abinox-chr-clim.com\/index.php\/product\/extracteur-de-jus-tristar-sc-2284\/","title":{"rendered":"Extracteur de jus Tristar SC-2284"},"content":{"rendered":"<p>Extracteur de jus en acier inoxydable avec finition noire et filtre et lames en acier inoxydable. \u00c9galement fourni avec 2 r\u00e9glages de vitesse, syst\u00e8me anti-goutte, interrupteur de s\u00e9curit\u00e9, r\u00e9cipient \u00e0 pulpe et r\u00e9cipient \u00e0 jus avec bec (0,5 L).<\/p>\n<p>\u2022 Extracteur de jus \u00e9l\u00e9gant et pratique d&rsquo;une puissance de 400 watts<br \/>\u2022 Les ingr\u00e9dients r\u00e2p\u00e9s et centrifug\u00e9s s\u00e9parent le jus de la pulpe<br \/>\u2022 Convient aux fruits et l\u00e9gumes durs et mous gr\u00e2ce \u00e0 deux vitesses et aux lames en acier inoxydable<br \/>\u2022 Facile \u00e0 nettoyer car le presse-agrumes est facile \u00e0 d\u00e9monter<br \/>\u2022 Pratique \u00e0 utiliser gr\u00e2ce au syst\u00e8me antigoutte et au r\u00e9cipient \u00e0 jus s\u00e9par\u00e9 de 0,5 litre<\/p>\n<p><b><u>Caract\u00e9ristiques du produit :<\/u><\/b><br \/>\u2022 Capacit\u00e9 : 1,4 L<br \/>\u2022 Dim. : 290(H) x 180(L) x 270(P) mm<br \/>\u2022 Mati\u00e8re : Plastique<br \/>\u2022 Poids : 2,6199 kg.<\/p>\n","protected":false},"excerpt":{"rendered":"<p>2 vitesses r\u00e9glables<\/p>\n","protected":false},"featured_media":108531,"comment_status":"open","ping_status":"closed","template":"","meta":[],"product_brand":[],"product_cat":[1284,1160,1297,1179,1187],"product_tag":[],"class_list":{"0":"post-110089","1":"product","2":"type-product","3":"status-publish","4":"has-post-thumbnail","6":"product_cat-centrifugeuses-preparation-des-aliments","7":"product_cat-materiel-electrique-et-de-cuisson","8":"product_cat-non-palettisable","9":"product_cat-petit-materiel","10":"product_cat-preparation-des-aliments","11":"product_shipping_class-free-shipping","13":"first","14":"instock","15":"featured","16":"taxable","17":"shipping-taxable","18":"purchasable","19":"product-type-simple"},"_links":{"self":[{"href":"https:\/\/abinox-chr-clim.com\/index.php\/wp-json\/wp\/v2\/product\/110089","targetHints":{"allow":["GET"]}}],"collection":[{"href":"https:\/\/abinox-chr-clim.com\/index.php\/wp-json\/wp\/v2\/product"}],"about":[{"href":"https:\/\/abinox-chr-clim.com\/index.php\/wp-json\/wp\/v2\/types\/product"}],"replies":[{"embeddable":true,"href":"https:\/\/abinox-chr-clim.com\/index.php\/wp-json\/wp\/v2\/comments?post=110089"}],"wp:featuredmedia":[{"embeddable":true,"href":"https:\/\/abinox-chr-clim.com\/index.php\/wp-json\/wp\/v2\/media\/108531"}],"wp:attachment":[{"href":"https:\/\/abinox-chr-clim.com\/index.php\/wp-json\/wp\/v2\/media?parent=110089"}],"wp:term":[{"taxonomy":"product_brand","embeddable":true,"href":"https:\/\/abinox-chr-clim.com\/index.php\/wp-json\/wp\/v2\/product_brand?post=110089"},{"taxonomy":"product_cat","embeddable":true,"href":"https:\/\/abinox-chr-clim.com\/index.php\/wp-json\/wp\/v2\/product_cat?post=110089"},{"taxonomy":"product_tag","embeddable":true,"href":"https:\/\/abinox-chr-clim.com\/index.php\/wp-json\/wp\/v2\/product_tag?post=110089"}],"curies":[{"name":"wp","href":"https:\/\/api.w.org\/{rel}","templated":true}]}}