{"id":110051,"date":"2025-05-29T11:36:25","date_gmt":"2025-05-29T09:36:25","guid":{"rendered":"https:\/\/abinox-chr-clim.com\/index.php\/product\/tabourets-hauts-bolero-bistro-avec-coussin-dassise-en-bois-blanc-paquet-de-4\/"},"modified":"2026-03-16T12:34:00","modified_gmt":"2026-03-16T11:34:00","slug":"tabourets-hauts-bolero-bistro-avec-coussin-dassise-en-bois-blanc-paquet-de-4","status":"publish","type":"product","link":"https:\/\/abinox-chr-clim.com\/index.php\/product\/tabourets-hauts-bolero-bistro-avec-coussin-dassise-en-bois-blanc-paquet-de-4\/","title":{"rendered":"Tabourets hauts Bolero Bistro avec coussin d&rsquo;assise en bois blanc (paquet de 4)"},"content":{"rendered":"<p>Fabriqu\u00e9 en acier thermolaqu\u00e9, r\u00e9sistant aux intemp\u00e9ries, facile \u00e0 nettoyer et remarquablement l\u00e9ger. La poign\u00e9e de transport ajoute une touche suppl\u00e9mentaire de praticit\u00e9, rendant le tabouret facile \u00e0 d\u00e9placer pour un rangement simple, tandis que les pieds en caoutchouc garantissent s\u00e9curit\u00e9 et robustesse.<\/p>\n<p>\u2022 Coussin de si\u00e8ge en bois de fr\u00eane pour plus de style, de confort et de durabilit\u00e9<br \/>\u2022 Inspir\u00e9 par la tendance int\u00e9rieure industrielle<br \/>\u2022 Cadre en acier galvanis\u00e9 tr\u00e8s r\u00e9sistant<br \/>\u2022 R\u00e9f\u00e9rence soumise \u00e0 une Eco-participation de 3.71\u20ac par unit\u00e9 vendue applicable en France uniquement\u00a0<br \/>\u2022 Facile \u00e0 nettoyer<br \/>\u2022 Con\u00e7u pour une utilisation en int\u00e9rieur<\/p>\n<p><b><u>Caract\u00e9ristiques du produit :<\/u><\/b><br \/>\u2022 Lot : 4.0<br \/>\u2022 Dim. : 760(H) x 427(L) x 425(P) mm<br \/>\u2022 Mati\u00e8re : Bois d&rsquo;acier et fr\u00eane<br \/>\u2022 Poids : 5,8 kg<br \/>\u2022 Couleur : Blanc.<\/p>\n","protected":false},"excerpt":{"rendered":"<p>Acier galvanis\u00e9. Si\u00e8ge en fr\u00eane. Empilable. Hauteur du si\u00e8ge : 760 mm<\/p>\n","protected":false},"featured_media":108513,"comment_status":"open","ping_status":"closed","template":"","meta":[],"product_brand":[],"product_cat":[1208,1201,1296,1212],"product_tag":[],"class_list":{"0":"post-110051","1":"product","2":"type-product","3":"status-publish","4":"has-post-thumbnail","6":"product_cat-interieur","7":"product_cat-mobilier","8":"product_cat-palettisable","9":"product_cat-tables-interieur","10":"product_shipping_class-free-shipping","12":"first","13":"instock","14":"featured","15":"taxable","16":"shipping-taxable","17":"purchasable","18":"product-type-simple"},"_links":{"self":[{"href":"https:\/\/abinox-chr-clim.com\/index.php\/wp-json\/wp\/v2\/product\/110051","targetHints":{"allow":["GET"]}}],"collection":[{"href":"https:\/\/abinox-chr-clim.com\/index.php\/wp-json\/wp\/v2\/product"}],"about":[{"href":"https:\/\/abinox-chr-clim.com\/index.php\/wp-json\/wp\/v2\/types\/product"}],"replies":[{"embeddable":true,"href":"https:\/\/abinox-chr-clim.com\/index.php\/wp-json\/wp\/v2\/comments?post=110051"}],"wp:featuredmedia":[{"embeddable":true,"href":"https:\/\/abinox-chr-clim.com\/index.php\/wp-json\/wp\/v2\/media\/108513"}],"wp:attachment":[{"href":"https:\/\/abinox-chr-clim.com\/index.php\/wp-json\/wp\/v2\/media?parent=110051"}],"wp:term":[{"taxonomy":"product_brand","embeddable":true,"href":"https:\/\/abinox-chr-clim.com\/index.php\/wp-json\/wp\/v2\/product_brand?post=110051"},{"taxonomy":"product_cat","embeddable":true,"href":"https:\/\/abinox-chr-clim.com\/index.php\/wp-json\/wp\/v2\/product_cat?post=110051"},{"taxonomy":"product_tag","embeddable":true,"href":"https:\/\/abinox-chr-clim.com\/index.php\/wp-json\/wp\/v2\/product_tag?post=110051"}],"curies":[{"name":"wp","href":"https:\/\/api.w.org\/{rel}","templated":true}]}}