{"id":109988,"date":"2025-05-29T11:34:20","date_gmt":"2025-05-29T09:34:20","guid":{"rendered":"https:\/\/abinox-chr-clim.com\/index.php\/product\/plateau-de-table-rond-topalit-smartline-80cm-beton\/"},"modified":"2026-04-14T10:01:28","modified_gmt":"2026-04-14T08:01:28","slug":"plateau-de-table-rond-topalit-smartline-80cm-beton","status":"publish","type":"product","link":"https:\/\/abinox-chr-clim.com\/index.php\/product\/plateau-de-table-rond-topalit-smartline-80cm-beton\/","title":{"rendered":"Plateau de table rond Topalit Smartline 80cm b\u00e9ton"},"content":{"rendered":"<p>\u2022 Utilisation ext\u00e9rieure uniquement<br \/>\u2022 Robuste et r\u00e9sistant aux rayures<br \/>\u2022 R\u00e9sistant aux intemp\u00e9ries et aux UV<br \/>\u2022 R\u00e9f\u00e9rence soumise \u00e0 une Eco-participation de 0.84\u20ac par unit\u00e9 vendue applicable en France uniquement\u00a0<br \/>\u2022 R\u00e9sistant \u00e0 la chaleur (bri\u00e8vement jusqu&rsquo;\u00e0 180\u00b0C &#8211; 90 \u00b0C de fa\u00e7on permanente)<br \/>\u2022 Surface sans joint<br \/>\u2022 Hygi\u00e9nique et facile \u00e0 nettoyer<br \/>\u2022 Large choix<br \/>\u2022 Couleurs claires \u00e9galement disponibles pour une plus grande r\u00e9sistance au soleil direct<br \/>\u2022 Design mince, moderne<br \/>\u2022 R\u00e9sistant aux br\u00fblures<\/p>\n<p><b><u>Caract\u00e9ristiques du produit :<\/u><\/b><br \/>\u2022 Dim. : 19(H) mm<br \/>\u2022 Mati\u00e8re : Bois<br \/>\u2022 Poids : 6,6 kg.<\/p>\n","protected":false},"excerpt":{"rendered":"<p>DR991 | Smartline rond 80cm | b\u00e9ton<\/p>\n","protected":false},"featured_media":105589,"comment_status":"open","ping_status":"closed","template":"","meta":[],"product_brand":[],"product_cat":[1208,1201,1297,1211],"product_tag":[],"class_list":{"0":"post-109988","1":"product","2":"type-product","3":"status-publish","4":"has-post-thumbnail","6":"product_cat-interieur","7":"product_cat-mobilier","8":"product_cat-non-palettisable","9":"product_cat-plateaux-et-pieds-de-table-interieur","10":"product_shipping_class-free-shipping","12":"first","13":"instock","14":"featured","15":"taxable","16":"shipping-taxable","17":"purchasable","18":"product-type-simple"},"_links":{"self":[{"href":"https:\/\/abinox-chr-clim.com\/index.php\/wp-json\/wp\/v2\/product\/109988","targetHints":{"allow":["GET"]}}],"collection":[{"href":"https:\/\/abinox-chr-clim.com\/index.php\/wp-json\/wp\/v2\/product"}],"about":[{"href":"https:\/\/abinox-chr-clim.com\/index.php\/wp-json\/wp\/v2\/types\/product"}],"replies":[{"embeddable":true,"href":"https:\/\/abinox-chr-clim.com\/index.php\/wp-json\/wp\/v2\/comments?post=109988"}],"wp:featuredmedia":[{"embeddable":true,"href":"https:\/\/abinox-chr-clim.com\/index.php\/wp-json\/wp\/v2\/media\/105589"}],"wp:attachment":[{"href":"https:\/\/abinox-chr-clim.com\/index.php\/wp-json\/wp\/v2\/media?parent=109988"}],"wp:term":[{"taxonomy":"product_brand","embeddable":true,"href":"https:\/\/abinox-chr-clim.com\/index.php\/wp-json\/wp\/v2\/product_brand?post=109988"},{"taxonomy":"product_cat","embeddable":true,"href":"https:\/\/abinox-chr-clim.com\/index.php\/wp-json\/wp\/v2\/product_cat?post=109988"},{"taxonomy":"product_tag","embeddable":true,"href":"https:\/\/abinox-chr-clim.com\/index.php\/wp-json\/wp\/v2\/product_tag?post=109988"}],"curies":[{"name":"wp","href":"https:\/\/api.w.org\/{rel}","templated":true}]}}