{"id":109981,"date":"2025-05-29T11:34:07","date_gmt":"2025-05-29T09:34:07","guid":{"rendered":"https:\/\/abinox-chr-clim.com\/index.php\/product\/barbecue-kamado-sur-chariot-avec-tablettes-buffalo\/"},"modified":"2026-04-15T10:05:18","modified_gmt":"2026-04-15T08:05:18","slug":"barbecue-kamado-sur-chariot-avec-tablettes-buffalo","status":"publish","type":"product","link":"https:\/\/abinox-chr-clim.com\/index.php\/product\/barbecue-kamado-sur-chariot-avec-tablettes-buffalo\/","title":{"rendered":"Barbecue kamado sur chariot avec tablettes Buffalo"},"content":{"rendered":"<p>Ce barbecue c\u00e9ramique robuste, polyvalent et facile \u00e0 utiliser est id\u00e9al pour obtenir des r\u00e9sultats de cuisson de qualit\u00e9 restaurant avec toute la saveur du barbecue. Le corps en c\u00e9ramique retient la chaleur et l&rsquo;humidit\u00e9 pour obtenir des aliments moelleux et juteux. Sa polyvalence vous permettra de saisir des viandes, fumer des aliments, cuire des pizzas, etc. Fourni avec deux tablettes lat\u00e9rales en bois pour les ustensiles et l&rsquo;espace de pr\u00e9paration n\u00e9cessaire. Simple \u00e0 assembler et livr\u00e9 avec un chariot mobile, ce barbecue sera pr\u00eat \u00e0 \u00eatre utilis\u00e9 n&rsquo;importe o\u00f9, en quelques minutes.<\/p>\n<p>\u2022 La construction en c\u00e9ramique retient la chaleur et r\u00e9duit la consommation de charbon de bois<br \/>\u2022 Assemblage rapide et facile &#8211; Pr\u00eat \u00e0 l&#8217;emploi en quelques minutes<br \/>\u2022 Commandes de ventilation coulissantes en haut et en bas pour une r\u00e9gulation pr\u00e9cise de la temp\u00e9rature<br \/>\u2022 Indicateur de temp\u00e9rature ext\u00e9rieur facile \u00e0 lire<br \/>\u2022 Permet de r\u00f4tir, griller, fumer, saisir et cuire comme dans un four<br \/>\u2022 2 tablettes lat\u00e9rales en bois rabattables pour plus de flexibilit\u00e9 et faciliter le transport<br \/>\u2022 Chariot mobile avec roulettes verrouillables<br \/>\u2022 Diam\u00e8tre de la zone de cuisson du premier niveau : 475 mm<br \/>\u2022 Diam\u00e8tre de la zone de cuisson du second niveau : 485 mm<\/p>\n<p><b><u>Caract\u00e9ristiques du produit :<\/u><\/b><br \/>\u2022 Dim. : 1180(H) x 1330(L) x 760(P) mm<br \/>\u2022 Mati\u00e8re : C\u00e9ramique<br \/>\u2022 Poids : 91 kg<br \/>\u2022 Couleur : Noir.<\/p>\n","protected":false},"excerpt":{"rendered":"<p>560\u00d8mm. Temps de chauffe : 20mn<\/p>\n","protected":false},"featured_media":106397,"comment_status":"open","ping_status":"closed","template":"","meta":[],"product_brand":[],"product_cat":[1180,1160,1297,1179],"product_tag":[],"class_list":{"0":"post-109981","1":"product","2":"type-product","3":"status-publish","4":"has-post-thumbnail","6":"product_cat-chauffe-aliments","7":"product_cat-materiel-electrique-et-de-cuisson","8":"product_cat-non-palettisable","9":"product_cat-petit-materiel","10":"product_shipping_class-free-shipping","12":"first","13":"instock","14":"featured","15":"taxable","16":"shipping-taxable","17":"purchasable","18":"product-type-simple"},"_links":{"self":[{"href":"https:\/\/abinox-chr-clim.com\/index.php\/wp-json\/wp\/v2\/product\/109981","targetHints":{"allow":["GET"]}}],"collection":[{"href":"https:\/\/abinox-chr-clim.com\/index.php\/wp-json\/wp\/v2\/product"}],"about":[{"href":"https:\/\/abinox-chr-clim.com\/index.php\/wp-json\/wp\/v2\/types\/product"}],"replies":[{"embeddable":true,"href":"https:\/\/abinox-chr-clim.com\/index.php\/wp-json\/wp\/v2\/comments?post=109981"}],"wp:featuredmedia":[{"embeddable":true,"href":"https:\/\/abinox-chr-clim.com\/index.php\/wp-json\/wp\/v2\/media\/106397"}],"wp:attachment":[{"href":"https:\/\/abinox-chr-clim.com\/index.php\/wp-json\/wp\/v2\/media?parent=109981"}],"wp:term":[{"taxonomy":"product_brand","embeddable":true,"href":"https:\/\/abinox-chr-clim.com\/index.php\/wp-json\/wp\/v2\/product_brand?post=109981"},{"taxonomy":"product_cat","embeddable":true,"href":"https:\/\/abinox-chr-clim.com\/index.php\/wp-json\/wp\/v2\/product_cat?post=109981"},{"taxonomy":"product_tag","embeddable":true,"href":"https:\/\/abinox-chr-clim.com\/index.php\/wp-json\/wp\/v2\/product_tag?post=109981"}],"curies":[{"name":"wp","href":"https:\/\/api.w.org\/{rel}","templated":true}]}}