{"id":109951,"date":"2025-05-29T11:33:08","date_gmt":"2025-05-29T09:33:08","guid":{"rendered":"https:\/\/abinox-chr-clim.com\/index.php\/product\/housse-de-chaise-de-banquet-bolero-blanche\/"},"modified":"2026-04-14T08:51:07","modified_gmt":"2026-04-14T06:51:07","slug":"housse-de-chaise-de-banquet-bolero-blanche","status":"publish","type":"product","link":"https:\/\/abinox-chr-clim.com\/index.php\/product\/housse-de-chaise-de-banquet-bolero-blanche\/","title":{"rendered":"Housse de chaise de banquet Bolero blanche"},"content":{"rendered":"<p>Ajoutez une touche d&rsquo;\u00e9l\u00e9gance \u00e0 vos chaises avec ces housses sur mesure. Id\u00e9ales pour les mariages et les r\u00e9ceptions. Tissu jersey extensible 100 % polyester. Peuvent \u00eatre utilis\u00e9es avec toute chaise de banquet \u00e0 dossier ordinaire ou arrondi. Conviennent pour CE142, DL015, DL016, CG228, U525 et U526. Tissu lavable \u00e0 30\u00b0 et ne se repassant pas. Le tissu \u00e9pouse parfaitement la structure de la chaise.<\/p>\n<p>\u2022 Convient aux chaises CE142, DL015, DL016, CG228, U525 et U526.<br \/>\u2022 Lavable \u00e0 30\u00b0C<br \/>\u2022 Qualit\u00e9 du tissu 210g\/m\u00b2<br \/>\u2022 Les poches pour les pieds permettent de maintenir le tissu coll\u00e9 au cadre de la chaise<br \/>\u2022 Id\u00e9ale pour l&rsquo;\u00e9v\u00e8nementiel<\/p>\n<p><b><u>Caract\u00e9ristiques du produit :<\/u><\/b><br \/>\u2022 Mati\u00e8re : Polyester<br \/>\u2022 Poids : 300 g<br \/>\u2022 Couleur : Blanc.<\/p>\n","protected":false},"excerpt":{"rendered":"<p>Blanc uni. Mati\u00e8re : 100% polyester<\/p>\n","protected":false},"featured_media":105843,"comment_status":"open","ping_status":"closed","template":"","meta":[],"product_brand":[],"product_cat":[1210,1208,1201,1297],"product_tag":[],"class_list":{"0":"post-109951","1":"product","2":"type-product","3":"status-publish","4":"has-post-thumbnail","6":"product_cat-divers-interieur","7":"product_cat-interieur","8":"product_cat-mobilier","9":"product_cat-non-palettisable","10":"product_shipping_class-free-shipping","12":"first","13":"instock","14":"featured","15":"taxable","16":"shipping-taxable","17":"purchasable","18":"product-type-simple"},"_links":{"self":[{"href":"https:\/\/abinox-chr-clim.com\/index.php\/wp-json\/wp\/v2\/product\/109951","targetHints":{"allow":["GET"]}}],"collection":[{"href":"https:\/\/abinox-chr-clim.com\/index.php\/wp-json\/wp\/v2\/product"}],"about":[{"href":"https:\/\/abinox-chr-clim.com\/index.php\/wp-json\/wp\/v2\/types\/product"}],"replies":[{"embeddable":true,"href":"https:\/\/abinox-chr-clim.com\/index.php\/wp-json\/wp\/v2\/comments?post=109951"}],"wp:featuredmedia":[{"embeddable":true,"href":"https:\/\/abinox-chr-clim.com\/index.php\/wp-json\/wp\/v2\/media\/105843"}],"wp:attachment":[{"href":"https:\/\/abinox-chr-clim.com\/index.php\/wp-json\/wp\/v2\/media?parent=109951"}],"wp:term":[{"taxonomy":"product_brand","embeddable":true,"href":"https:\/\/abinox-chr-clim.com\/index.php\/wp-json\/wp\/v2\/product_brand?post=109951"},{"taxonomy":"product_cat","embeddable":true,"href":"https:\/\/abinox-chr-clim.com\/index.php\/wp-json\/wp\/v2\/product_cat?post=109951"},{"taxonomy":"product_tag","embeddable":true,"href":"https:\/\/abinox-chr-clim.com\/index.php\/wp-json\/wp\/v2\/product_tag?post=109951"}],"curies":[{"name":"wp","href":"https:\/\/api.w.org\/{rel}","templated":true}]}}