{"id":109947,"date":"2025-05-29T11:33:00","date_gmt":"2025-05-29T09:33:00","guid":{"rendered":"https:\/\/abinox-chr-clim.com\/index.php\/product\/casier-en-acacia-moyen-olympia-356x255mm\/"},"modified":"2026-04-13T08:20:35","modified_gmt":"2026-04-13T06:20:35","slug":"casier-en-acacia-moyen-olympia-356x255mm","status":"publish","type":"product","link":"https:\/\/abinox-chr-clim.com\/index.php\/product\/casier-en-acacia-moyen-olympia-356x255mm\/","title":{"rendered":"Casier en acacia moyen Olympia 356x255mm"},"content":{"rendered":"<p>Organisez votre cuisine avec ce casier de taille moyenne Olympia. Fabriqu\u00e9 en bois d&rsquo;acacia naturel, ce casier robuste et durable offre suffisamment d&rsquo;espace pour ranger les ingr\u00e9dients tels que les l\u00e9gumes et les fruits.<\/p>\n<p>\u2022 Capacit\u00e9 de transport jusqu&rsquo;\u00e0 5 kg<br \/>\u2022 Le bois d&rsquo;acacia donne un aspect naturel et charmant<br \/>\u2022 Le design naturel met en valeur vos ingr\u00e9dients naturels<br \/>\u2022 Ne convient pas aux aliments humides ou gras<br \/>\u2022 Lavage \u00e0 la main uniquement<\/p>\n<p><b><u>Caract\u00e9ristiques du produit :<\/u><\/b><br \/>\u2022 Dim. : 120(H) x 255<br \/>\u2022 Mati\u00e8re : Bois d&rsquo;acacia<br \/>\u2022 Poids : 600 g<br \/>\u2022 Couleur : Marron.<\/p>\n","protected":false},"excerpt":{"rendered":"<p>120(H) x 356(L) x 255(P)mm<\/p>\n","protected":false},"featured_media":108476,"comment_status":"open","ping_status":"closed","template":"","meta":[],"product_brand":[],"product_cat":[1115,1114,1297,1106],"product_tag":[],"class_list":{"0":"post-109947","1":"product","2":"type-product","3":"status-publish","4":"has-post-thumbnail","6":"product_cat-accessoires-buffet","7":"product_cat-buffet","8":"product_cat-non-palettisable","9":"product_cat-restaurant-bar-et-hotel","10":"product_shipping_class-free-shipping","12":"first","13":"outofstock","14":"featured","15":"taxable","16":"shipping-taxable","17":"purchasable","18":"product-type-simple"},"_links":{"self":[{"href":"https:\/\/abinox-chr-clim.com\/index.php\/wp-json\/wp\/v2\/product\/109947","targetHints":{"allow":["GET"]}}],"collection":[{"href":"https:\/\/abinox-chr-clim.com\/index.php\/wp-json\/wp\/v2\/product"}],"about":[{"href":"https:\/\/abinox-chr-clim.com\/index.php\/wp-json\/wp\/v2\/types\/product"}],"replies":[{"embeddable":true,"href":"https:\/\/abinox-chr-clim.com\/index.php\/wp-json\/wp\/v2\/comments?post=109947"}],"wp:featuredmedia":[{"embeddable":true,"href":"https:\/\/abinox-chr-clim.com\/index.php\/wp-json\/wp\/v2\/media\/108476"}],"wp:attachment":[{"href":"https:\/\/abinox-chr-clim.com\/index.php\/wp-json\/wp\/v2\/media?parent=109947"}],"wp:term":[{"taxonomy":"product_brand","embeddable":true,"href":"https:\/\/abinox-chr-clim.com\/index.php\/wp-json\/wp\/v2\/product_brand?post=109947"},{"taxonomy":"product_cat","embeddable":true,"href":"https:\/\/abinox-chr-clim.com\/index.php\/wp-json\/wp\/v2\/product_cat?post=109947"},{"taxonomy":"product_tag","embeddable":true,"href":"https:\/\/abinox-chr-clim.com\/index.php\/wp-json\/wp\/v2\/product_tag?post=109947"}],"curies":[{"name":"wp","href":"https:\/\/api.w.org\/{rel}","templated":true}]}}