{"id":109934,"date":"2025-05-29T11:32:34","date_gmt":"2025-05-29T09:32:34","guid":{"rendered":"https:\/\/abinox-chr-clim.com\/index.php\/product\/couteau-tout-usage-dente-dick-vivum-lame-18-cm\/"},"modified":"2026-04-14T10:52:48","modified_gmt":"2026-04-14T08:52:48","slug":"couteau-tout-usage-dente-dick-vivum-lame-18-cm","status":"publish","type":"product","link":"https:\/\/abinox-chr-clim.com\/index.php\/product\/couteau-tout-usage-dente-dick-vivum-lame-18-cm\/","title":{"rendered":"Couteau tout usage dent\u00e9 Dick Vivum lame 18 cm"},"content":{"rendered":"<p>Avec son \u00e9quilibre exceptionnel et sa performance de coupe exceptionnelle, le couteau utilitaire Dick Vivum serait un ajout fantastique \u00e0 tout r\u00e2telier de couteaux de chef. Universellement polyvalent, le couteau utilitaire a des utilisations dans toute la cuisine, de la d\u00e9coupe de fruits et l\u00e9gumes au d\u00e9coupage de viande et plus encore. Le bord dentel\u00e9 solide offre une coupe facile \u00e0 chaque fois.Le design sp\u00e9cial de la poign\u00e9e en bouleau est compl\u00e8tement unique \u00e0 chaque couteau. Avec une sensation naturelle et une forme ergonomique, le couteau tient bien en main, favorisant une utilisation s\u00fbre et confortable, m\u00eame lors de longues p\u00e9riodes de pr\u00e9paration.Laur\u00e9at du Red Dot Design Award 2024.<\/p>\n<p>\u2022 La lame est en alliage X50CrMoV15. Chaque composant individuel a une t\u00e2che sp\u00e9cifique : chrome (r\u00e9sistance \u00e0 l&rsquo;usure), molybd\u00e8ne (r\u00e9sistance \u00e0 la corrosion), carbone (r\u00e9sistance).<br \/>\u2022 Le manche en bouleau a un grain sp\u00e9cial, ce qui rend chaque manche unique ! La forme est naturelle et tient confortablement en main<br \/>\u2022 Un processus de durcissement approfondi avec traitement par cong\u00e9lation permet d&rsquo;obtenir un couteau \u00e0 58 HRC, qui est dur, r\u00e9sistant et dot\u00e9 d&rsquo;un long tranchant, mais qui peut \u00e9galement \u00eatre r\u00e9aff\u00fbt\u00e9 facilement et efficacement.<br \/>\u2022 Un bord lisse et l\u00e9g\u00e8rement incurv\u00e9 est la \u00ab norme \u00bb pour les couteaux de cuisine les plus utilis\u00e9s, car il permet une coupe nette et lisse dans des mat\u00e9riaux doux et durs.<\/p>\n<p><b><u>Caract\u00e9ristiques du produit :<\/u><\/b><br \/>\u2022 Mati\u00e8re : Acier<br \/>\u2022 Poids : 145 g<br \/>\u2022 Couleur : Marron.<\/p>\n","protected":false},"excerpt":{"rendered":"<p>Longueur de la lame : 18 cm | Poids : 145 g<\/p>\n","protected":false},"featured_media":106115,"comment_status":"open","ping_status":"closed","template":"","meta":[],"product_brand":[],"product_cat":[1023,1031,1297],"product_tag":[],"class_list":{"0":"post-109934","1":"product","2":"type-product","3":"status-publish","4":"has-post-thumbnail","6":"product_cat-art-de-la-table","7":"product_cat-couverts","8":"product_cat-non-palettisable","9":"product_shipping_class-free-shipping","11":"first","12":"instock","13":"featured","14":"taxable","15":"shipping-taxable","16":"purchasable","17":"product-type-simple"},"_links":{"self":[{"href":"https:\/\/abinox-chr-clim.com\/index.php\/wp-json\/wp\/v2\/product\/109934","targetHints":{"allow":["GET"]}}],"collection":[{"href":"https:\/\/abinox-chr-clim.com\/index.php\/wp-json\/wp\/v2\/product"}],"about":[{"href":"https:\/\/abinox-chr-clim.com\/index.php\/wp-json\/wp\/v2\/types\/product"}],"replies":[{"embeddable":true,"href":"https:\/\/abinox-chr-clim.com\/index.php\/wp-json\/wp\/v2\/comments?post=109934"}],"wp:featuredmedia":[{"embeddable":true,"href":"https:\/\/abinox-chr-clim.com\/index.php\/wp-json\/wp\/v2\/media\/106115"}],"wp:attachment":[{"href":"https:\/\/abinox-chr-clim.com\/index.php\/wp-json\/wp\/v2\/media?parent=109934"}],"wp:term":[{"taxonomy":"product_brand","embeddable":true,"href":"https:\/\/abinox-chr-clim.com\/index.php\/wp-json\/wp\/v2\/product_brand?post=109934"},{"taxonomy":"product_cat","embeddable":true,"href":"https:\/\/abinox-chr-clim.com\/index.php\/wp-json\/wp\/v2\/product_cat?post=109934"},{"taxonomy":"product_tag","embeddable":true,"href":"https:\/\/abinox-chr-clim.com\/index.php\/wp-json\/wp\/v2\/product_tag?post=109934"}],"curies":[{"name":"wp","href":"https:\/\/api.w.org\/{rel}","templated":true}]}}