{"id":109933,"date":"2025-05-29T11:32:32","date_gmt":"2025-05-29T09:32:32","guid":{"rendered":"https:\/\/abinox-chr-clim.com\/index.php\/product\/couteau-santoku-dick-vivum-18-cm\/"},"modified":"2026-04-14T10:52:45","modified_gmt":"2026-04-14T08:52:45","slug":"couteau-santoku-dick-vivum-18-cm","status":"publish","type":"product","link":"https:\/\/abinox-chr-clim.com\/index.php\/product\/couteau-santoku-dick-vivum-18-cm\/","title":{"rendered":"Couteau Santoku Dick Vivum 18 cm"},"content":{"rendered":"<p>Avec son bord cannel\u00e9, le couteau santoku Dick Vivum est un choix fantastique pour la pr\u00e9paration quotidienne de fruits et l\u00e9gumes. Fabriqu\u00e9e gr\u00e2ce \u00e0 un processus sp\u00e9cial de cong\u00e9lation profonde, la lame est ultra r\u00e9sistante et facile \u00e0 aiguiser, rendant le couteau extr\u00eamement durable &#8211; essentiel pour une utilisation professionnelle quotidienne.Le design sp\u00e9cial du manche en bouleau est compl\u00e8tement unique \u00e0 chaque couteau. Avec une sensation naturelle et une forme ergonomique, le couteau est agr\u00e9able en main, favorisant une utilisation s\u00fbre et confortable, m\u00eame pendant de longues p\u00e9riodes de pr\u00e9paration.Laur\u00e9at du Red Dot Design Award 2024.<\/p>\n<p>\u2022 La lame est en alliage X50CrMoV15. Chaque composant individuel a une t\u00e2che sp\u00e9cifique : chrome (r\u00e9sistance \u00e0 l&rsquo;usure), molybd\u00e8ne (r\u00e9sistance \u00e0 la corrosion), carbone (r\u00e9sistance).<br \/>\u2022 Le manche en bouleau a un grain sp\u00e9cial, ce qui rend chaque manche unique ! La forme est naturelle et tient confortablement en main<br \/>\u2022 Un processus de durcissement approfondi avec traitement par cong\u00e9lation permet d&rsquo;obtenir un couteau \u00e0 58 HRC, qui est dur, r\u00e9sistant et dot\u00e9 d&rsquo;un long tranchant, mais qui peut \u00e9galement \u00eatre r\u00e9aff\u00fbt\u00e9 facilement et efficacement.<br \/>\u2022 Le bord cannel\u00e9 comprend des \u00e9videments ovales dans la lame. Lors de la coupe, un coussin d&rsquo;air se cr\u00e9e entre la lame et le produit \u00e0 couper, ce qui \u00e9vite le collage<\/p>\n<p><b><u>Caract\u00e9ristiques du produit :<\/u><\/b><br \/>\u2022 Mati\u00e8re : Acier<br \/>\u2022 Poids : 141 g<br \/>\u2022 Couleur : Marron.<\/p>\n","protected":false},"excerpt":{"rendered":"<p>Longueur de la lame : 18 cm | Poids : 141 g<\/p>\n","protected":false},"featured_media":107072,"comment_status":"open","ping_status":"closed","template":"","meta":[],"product_brand":[],"product_cat":[1023,1031,1297],"product_tag":[],"class_list":{"0":"post-109933","1":"product","2":"type-product","3":"status-publish","4":"has-post-thumbnail","6":"product_cat-art-de-la-table","7":"product_cat-couverts","8":"product_cat-non-palettisable","9":"product_shipping_class-free-shipping","11":"first","12":"outofstock","13":"featured","14":"taxable","15":"shipping-taxable","16":"purchasable","17":"product-type-simple"},"_links":{"self":[{"href":"https:\/\/abinox-chr-clim.com\/index.php\/wp-json\/wp\/v2\/product\/109933","targetHints":{"allow":["GET"]}}],"collection":[{"href":"https:\/\/abinox-chr-clim.com\/index.php\/wp-json\/wp\/v2\/product"}],"about":[{"href":"https:\/\/abinox-chr-clim.com\/index.php\/wp-json\/wp\/v2\/types\/product"}],"replies":[{"embeddable":true,"href":"https:\/\/abinox-chr-clim.com\/index.php\/wp-json\/wp\/v2\/comments?post=109933"}],"wp:featuredmedia":[{"embeddable":true,"href":"https:\/\/abinox-chr-clim.com\/index.php\/wp-json\/wp\/v2\/media\/107072"}],"wp:attachment":[{"href":"https:\/\/abinox-chr-clim.com\/index.php\/wp-json\/wp\/v2\/media?parent=109933"}],"wp:term":[{"taxonomy":"product_brand","embeddable":true,"href":"https:\/\/abinox-chr-clim.com\/index.php\/wp-json\/wp\/v2\/product_brand?post=109933"},{"taxonomy":"product_cat","embeddable":true,"href":"https:\/\/abinox-chr-clim.com\/index.php\/wp-json\/wp\/v2\/product_cat?post=109933"},{"taxonomy":"product_tag","embeddable":true,"href":"https:\/\/abinox-chr-clim.com\/index.php\/wp-json\/wp\/v2\/product_tag?post=109933"}],"curies":[{"name":"wp","href":"https:\/\/api.w.org\/{rel}","templated":true}]}}