{"id":109931,"date":"2025-05-29T11:32:29","date_gmt":"2025-05-29T09:32:29","guid":{"rendered":"https:\/\/abinox-chr-clim.com\/index.php\/product\/couteau-a-barbecue-dick-vivum-asador-22-cm\/"},"modified":"2026-04-14T10:52:41","modified_gmt":"2026-04-14T08:52:41","slug":"couteau-a-barbecue-dick-vivum-asador-22-cm","status":"publish","type":"product","link":"https:\/\/abinox-chr-clim.com\/index.php\/product\/couteau-a-barbecue-dick-vivum-asador-22-cm\/","title":{"rendered":"Couteau \u00e0 barbecue Dick Vivum Asador 22 cm"},"content":{"rendered":"<p>Le couteau F.Dick Vivum Asador est l&rsquo;outil parfait pour les barbecues. Avec sa lame en alliage de haute qualit\u00e9 de 22 cm, le couteau est id\u00e9al pour pr\u00e9parer de plus grosses pi\u00e8ces de viande et de poisson pour le barbecue. Fabriqu\u00e9e avec un proc\u00e9d\u00e9 de cong\u00e9lation profonde sp\u00e9cialis\u00e9, la lame est ultra-r\u00e9sistante et facile \u00e0 aiguiser, ce qui rend le couteau parfait pour de nombreuses autres t\u00e2ches de cuisine, comme trancher du brisket de b\u0153uf.Le design sp\u00e9cial du manche en bouleau est compl\u00e8tement unique pour chaque couteau. Avec une sensation naturelle et une forme ergonomique, le couteau est agr\u00e9able en main, favorisant une utilisation s\u00fbre et confortable, m\u00eame pendant de longues p\u00e9riodes de pr\u00e9paration.Laur\u00e9at du Red Dot Design Award 2024.<\/p>\n<p>\u2022 La lame est en alliage X50CrMoV15. Chaque composant individuel a une t\u00e2che sp\u00e9cifique : chrome (r\u00e9sistance \u00e0 l&rsquo;usure), molybd\u00e8ne (r\u00e9sistance \u00e0 la corrosion), carbone (r\u00e9sistance).<br \/>\u2022 Le manche en bouleau a un grain sp\u00e9cial, ce qui rend chaque manche unique ! La forme est naturelle et tient confortablement en main<br \/>\u2022 Un processus de durcissement approfondi avec traitement par cong\u00e9lation permet d&rsquo;obtenir un couteau \u00e0 58 HRC, qui est dur, r\u00e9sistant et dot\u00e9 d&rsquo;un long tranchant, mais qui peut \u00e9galement \u00eatre r\u00e9aff\u00fbt\u00e9 facilement et efficacement.<br \/>\u2022 La forme incurv\u00e9e rend le tranchant plus long qu&rsquo;avec un couteau droit. Cela permet de r\u00e9aliser une coupe longue et tra\u00eenante<\/p>\n<p><b><u>Caract\u00e9ristiques du produit :<\/u><\/b><br \/>\u2022 Mati\u00e8re : Acier<br \/>\u2022 Poids : 189 g<br \/>\u2022 Couleur : Marron.<\/p>\n","protected":false},"excerpt":{"rendered":"<p>Longueur de la lame : 22 cm | Poids : 189 g<\/p>\n","protected":false},"featured_media":108468,"comment_status":"open","ping_status":"closed","template":"","meta":[],"product_brand":[],"product_cat":[1023,1031,1297],"product_tag":[],"class_list":{"0":"post-109931","1":"product","2":"type-product","3":"status-publish","4":"has-post-thumbnail","6":"product_cat-art-de-la-table","7":"product_cat-couverts","8":"product_cat-non-palettisable","9":"product_shipping_class-free-shipping","11":"first","12":"outofstock","13":"featured","14":"taxable","15":"shipping-taxable","16":"purchasable","17":"product-type-simple"},"_links":{"self":[{"href":"https:\/\/abinox-chr-clim.com\/index.php\/wp-json\/wp\/v2\/product\/109931","targetHints":{"allow":["GET"]}}],"collection":[{"href":"https:\/\/abinox-chr-clim.com\/index.php\/wp-json\/wp\/v2\/product"}],"about":[{"href":"https:\/\/abinox-chr-clim.com\/index.php\/wp-json\/wp\/v2\/types\/product"}],"replies":[{"embeddable":true,"href":"https:\/\/abinox-chr-clim.com\/index.php\/wp-json\/wp\/v2\/comments?post=109931"}],"wp:featuredmedia":[{"embeddable":true,"href":"https:\/\/abinox-chr-clim.com\/index.php\/wp-json\/wp\/v2\/media\/108468"}],"wp:attachment":[{"href":"https:\/\/abinox-chr-clim.com\/index.php\/wp-json\/wp\/v2\/media?parent=109931"}],"wp:term":[{"taxonomy":"product_brand","embeddable":true,"href":"https:\/\/abinox-chr-clim.com\/index.php\/wp-json\/wp\/v2\/product_brand?post=109931"},{"taxonomy":"product_cat","embeddable":true,"href":"https:\/\/abinox-chr-clim.com\/index.php\/wp-json\/wp\/v2\/product_cat?post=109931"},{"taxonomy":"product_tag","embeddable":true,"href":"https:\/\/abinox-chr-clim.com\/index.php\/wp-json\/wp\/v2\/product_tag?post=109931"}],"curies":[{"name":"wp","href":"https:\/\/api.w.org\/{rel}","templated":true}]}}