{"id":109930,"date":"2025-05-29T11:32:27","date_gmt":"2025-05-29T09:32:27","guid":{"rendered":"https:\/\/abinox-chr-clim.com\/index.php\/product\/plan-de-travail-4-tiroirs-en-inox-vogue-avec-dosseret-de-100-mm\/"},"modified":"2026-04-14T11:23:45","modified_gmt":"2026-04-14T09:23:45","slug":"plan-de-travail-4-tiroirs-en-inox-vogue-avec-dosseret-de-100-mm","status":"publish","type":"product","link":"https:\/\/abinox-chr-clim.com\/index.php\/product\/plan-de-travail-4-tiroirs-en-inox-vogue-avec-dosseret-de-100-mm\/","title":{"rendered":"Plan de travail 4 tiroirs en inox Vogue avec dosseret de 100 mm"},"content":{"rendered":"<p>Tirez le meilleur parti de votre espace cuisine avec ce poste de travail en acier inoxydable robuste et facile \u00e0 nettoyer. Pieds r\u00e9glables pour une installation facile. \u00c9quip\u00e9e de quatre tiroirs coulissants et d&rsquo;une cr\u00e9dence de 100 mm, cette unit\u00e9 est un hybride de rangement et de poste de travail tout-en-un.<\/p>\n<p>\u2022 Les tiroirs coulissants permettent un acc\u00e8s facile aux ingr\u00e9dients ou \u00e0 l&rsquo;\u00e9quipement<br \/>\u2022 Fourni avec quatre pieds pour sur\u00e9lever l&rsquo;unit\u00e9 du sol, les pieds sont r\u00e9glables, la plage de r\u00e9glage est de 140 mm \u00e0 160 mm<br \/>\u2022 Acier inoxydable de qualit\u00e9 430. \u00c9tag\u00e8re du milieu\u00a0:\u00a0SUS430 1,0\u00a0MM<br \/>\u2022 La surface en acier inoxydable peut \u00eatre utilis\u00e9e comme plan de travail suppl\u00e9mentaire<br \/>\u2022 Le dosseret de 100 mm emp\u00eache les objets de tomber derri\u00e8re l&rsquo;unit\u00e9<br \/>\u2022 Facile \u00e0 nettoyer et \u00e0 entretenir<br \/>\u2022 Possibilit\u00e9 de fixation murale (fixations non fournies)<br \/>\u2022 Serrures disponibles<\/p>\n<p><b><u>Caract\u00e9ristiques du produit :<\/u><\/b><br \/>\u2022 Dim. : 900(H) x 500(L) x 700(P)mm<br \/>\u2022 Mati\u00e8re : Inox<br \/>\u2022 Couleur : Argent.<\/p>\n","protected":false},"excerpt":{"rendered":"<p>900(H) x 500(L) x 700(P)mm. Avec dosseret de 100 mm<\/p>\n","protected":false},"featured_media":106724,"comment_status":"open","ping_status":"closed","template":"","meta":[],"product_brand":[],"product_cat":[1146,1296,1159,1155],"product_tag":[],"class_list":{"0":"post-109930","1":"product","2":"type-product","3":"status-publish","4":"has-post-thumbnail","6":"product_cat-mobilier-de-cuisine-chariots-et-echelles","7":"product_cat-palettisable","8":"product_cat-tables-de-preparation","9":"product_cat-tables-et-plonges","10":"product_shipping_class-free-shipping","12":"first","13":"instock","14":"featured","15":"taxable","16":"shipping-taxable","17":"purchasable","18":"product-type-simple"},"_links":{"self":[{"href":"https:\/\/abinox-chr-clim.com\/index.php\/wp-json\/wp\/v2\/product\/109930","targetHints":{"allow":["GET"]}}],"collection":[{"href":"https:\/\/abinox-chr-clim.com\/index.php\/wp-json\/wp\/v2\/product"}],"about":[{"href":"https:\/\/abinox-chr-clim.com\/index.php\/wp-json\/wp\/v2\/types\/product"}],"replies":[{"embeddable":true,"href":"https:\/\/abinox-chr-clim.com\/index.php\/wp-json\/wp\/v2\/comments?post=109930"}],"wp:featuredmedia":[{"embeddable":true,"href":"https:\/\/abinox-chr-clim.com\/index.php\/wp-json\/wp\/v2\/media\/106724"}],"wp:attachment":[{"href":"https:\/\/abinox-chr-clim.com\/index.php\/wp-json\/wp\/v2\/media?parent=109930"}],"wp:term":[{"taxonomy":"product_brand","embeddable":true,"href":"https:\/\/abinox-chr-clim.com\/index.php\/wp-json\/wp\/v2\/product_brand?post=109930"},{"taxonomy":"product_cat","embeddable":true,"href":"https:\/\/abinox-chr-clim.com\/index.php\/wp-json\/wp\/v2\/product_cat?post=109930"},{"taxonomy":"product_tag","embeddable":true,"href":"https:\/\/abinox-chr-clim.com\/index.php\/wp-json\/wp\/v2\/product_tag?post=109930"}],"curies":[{"name":"wp","href":"https:\/\/api.w.org\/{rel}","templated":true}]}}