{"id":109921,"date":"2025-05-29T11:32:09","date_gmt":"2025-05-29T09:32:09","guid":{"rendered":"https:\/\/abinox-chr-clim.com\/index.php\/product\/plateau-stratifie-cambro-capri-bouleau-330x430mm\/"},"modified":"2025-11-11T07:45:31","modified_gmt":"2025-11-11T06:45:31","slug":"plateau-stratifie-cambro-capri-bouleau-330x430mm","status":"publish","type":"product","link":"https:\/\/abinox-chr-clim.com\/index.php\/product\/plateau-stratifie-cambro-capri-bouleau-330x430mm\/","title":{"rendered":"Plateau stratifi\u00e9 Cambro Capri bouleau 330x430mm"},"content":{"rendered":"<p>Plateau stratifi\u00e9 lisse et solide. R\u00e9siste aux chocs, \u00e0 la casse, aux \u00e9raflures et aux taches, ainsi qu&rsquo;aux temp\u00e9ratures comprises entre &#8211; 10\u00baC et +100\u00baC.<\/p>\n<p>\u2022 R\u00e9sistance thermique de -10\u00baC \u00e0 +100\u00baC<br \/>\u2022 R\u00e9sistant aux chocs, \u00e0 la casse, aux rayures et aux taches<br \/>\u2022 Facile \u00e0 nettoyer<br \/>\u2022 Finition attrayante en grain de bois<br \/>\u2022 Empilable pour un rangement facile<br \/>\u2022 Joint de surface en m\u00e9lamine pour une excellente r\u00e9sistance aux produits chimiques et aux taches<br \/>\u2022 La construction solide emp\u00eache de s&rsquo;incliner lors du transport d&rsquo;objets lourds<br \/>\u2022 Passe au lave-vaisselle Laver une fois par jour<br \/>\u2022 Vendu \u00e0 l&rsquo;unit\u00e9<\/p>\n<p><b><u>Caract\u00e9ristiques du produit :<\/u><\/b><br \/>\u2022 Dim. : 15(H) x 430(L) x 330(P) mm<br \/>\u2022 Mati\u00e8re : Stratifi\u00e9<br \/>\u2022 Temp\u00e9rature : -10 \u00b0C \u00e0 100 \u00b0C<br \/>\u2022 Poids : 590 g<br \/>\u2022 Couleur : Marron.<\/p>\n","protected":false},"excerpt":{"rendered":"<p>430(L) x 330(P)mm<\/p>\n","protected":false},"featured_media":106555,"comment_status":"open","ping_status":"closed","template":"","meta":[],"product_brand":[],"product_cat":[1129,1297,1127,1106],"product_tag":[],"class_list":{"0":"post-109921","1":"product","2":"type-product","3":"status-publish","4":"has-post-thumbnail","6":"product_cat-cambro","7":"product_cat-non-palettisable","8":"product_cat-plateaux-de-service","9":"product_cat-restaurant-bar-et-hotel","10":"product_shipping_class-free-shipping","12":"first","13":"outofstock","14":"featured","15":"taxable","16":"shipping-taxable","17":"purchasable","18":"product-type-simple"},"_links":{"self":[{"href":"https:\/\/abinox-chr-clim.com\/index.php\/wp-json\/wp\/v2\/product\/109921","targetHints":{"allow":["GET"]}}],"collection":[{"href":"https:\/\/abinox-chr-clim.com\/index.php\/wp-json\/wp\/v2\/product"}],"about":[{"href":"https:\/\/abinox-chr-clim.com\/index.php\/wp-json\/wp\/v2\/types\/product"}],"replies":[{"embeddable":true,"href":"https:\/\/abinox-chr-clim.com\/index.php\/wp-json\/wp\/v2\/comments?post=109921"}],"wp:featuredmedia":[{"embeddable":true,"href":"https:\/\/abinox-chr-clim.com\/index.php\/wp-json\/wp\/v2\/media\/106555"}],"wp:attachment":[{"href":"https:\/\/abinox-chr-clim.com\/index.php\/wp-json\/wp\/v2\/media?parent=109921"}],"wp:term":[{"taxonomy":"product_brand","embeddable":true,"href":"https:\/\/abinox-chr-clim.com\/index.php\/wp-json\/wp\/v2\/product_brand?post=109921"},{"taxonomy":"product_cat","embeddable":true,"href":"https:\/\/abinox-chr-clim.com\/index.php\/wp-json\/wp\/v2\/product_cat?post=109921"},{"taxonomy":"product_tag","embeddable":true,"href":"https:\/\/abinox-chr-clim.com\/index.php\/wp-json\/wp\/v2\/product_tag?post=109921"}],"curies":[{"name":"wp","href":"https:\/\/api.w.org\/{rel}","templated":true}]}}