{"id":109919,"date":"2025-05-29T11:32:05","date_gmt":"2025-05-29T09:32:05","guid":{"rendered":"https:\/\/abinox-chr-clim.com\/index.php\/product\/blender-de-bar-nisbets-essentials-16-l\/"},"modified":"2026-04-15T11:04:21","modified_gmt":"2026-04-15T09:04:21","slug":"blender-de-bar-nisbets-essentials-16-l","status":"publish","type":"product","link":"https:\/\/abinox-chr-clim.com\/index.php\/product\/blender-de-bar-nisbets-essentials-16-l\/","title":{"rendered":"Blender de bar Nisbets Essentials 1,6 L"},"content":{"rendered":"<p>Puissant blender de bar de 1,6 litre, id\u00e9al pour piler la glace des cocktails. Vitesse variable et lames en acier inoxydable pour un m\u00e9lange performant.<\/p>\n<p>\u2022 Moteur puissant et longue dur\u00e9e &#8211; con\u00e7u pour un usage commercial<br \/>\u2022 Convient pour piler la glace &#8211; id\u00e9al pour les cocktails<br \/>\u2022 Lame de mixage extra-r\u00e9sistante \u00e0 6 feuilles en acier inoxydable<br \/>\u2022 Vitesse variable et fonction pulse &#8211; m\u00e9langez avec pr\u00e9cision<br \/>\u2022 Le syst\u00e8me de s\u00e9curit\u00e9 emp\u00eache le blender de fonctionner si le bol n&rsquo;est pas en place<br \/>\u2022 Protection contre la surchauffe du moteur<br \/>\u2022 Excellente conception de dissipation thermique<\/p>\n<p><b><u>Caract\u00e9ristiques du produit :<\/u><\/b><br \/>\u2022 Capacit\u00e9 : 1,6 L<br \/>\u2022 Dim. : 313(H) x 485(L) x 362(P) mm<br \/>\u2022 Mati\u00e8re : Inox<br \/>\u2022 Voltage : 220-240V<br \/>\u2022 Poids : 6,8 kg<br \/>\u2022 Couleur : Argent.<\/p>\n","protected":false},"excerpt":{"rendered":"<p>1,5 kW. Capacit\u00e9\u00a0: 1,6 litre<\/p>\n","protected":false},"featured_media":106113,"comment_status":"open","ping_status":"closed","template":"","meta":[],"product_brand":[],"product_cat":[1161,1160,1163,1297],"product_tag":[],"class_list":{"0":"post-109919","1":"product","2":"type-product","3":"status-publish","4":"has-post-thumbnail","6":"product_cat-blenders-et-mixeurs-plongeants","7":"product_cat-materiel-electrique-et-de-cuisson","8":"product_cat-mixeurs-plongeants","9":"product_cat-non-palettisable","10":"product_shipping_class-free-shipping","12":"first","13":"outofstock","14":"featured","15":"taxable","16":"shipping-taxable","17":"purchasable","18":"product-type-simple"},"_links":{"self":[{"href":"https:\/\/abinox-chr-clim.com\/index.php\/wp-json\/wp\/v2\/product\/109919","targetHints":{"allow":["GET"]}}],"collection":[{"href":"https:\/\/abinox-chr-clim.com\/index.php\/wp-json\/wp\/v2\/product"}],"about":[{"href":"https:\/\/abinox-chr-clim.com\/index.php\/wp-json\/wp\/v2\/types\/product"}],"replies":[{"embeddable":true,"href":"https:\/\/abinox-chr-clim.com\/index.php\/wp-json\/wp\/v2\/comments?post=109919"}],"wp:featuredmedia":[{"embeddable":true,"href":"https:\/\/abinox-chr-clim.com\/index.php\/wp-json\/wp\/v2\/media\/106113"}],"wp:attachment":[{"href":"https:\/\/abinox-chr-clim.com\/index.php\/wp-json\/wp\/v2\/media?parent=109919"}],"wp:term":[{"taxonomy":"product_brand","embeddable":true,"href":"https:\/\/abinox-chr-clim.com\/index.php\/wp-json\/wp\/v2\/product_brand?post=109919"},{"taxonomy":"product_cat","embeddable":true,"href":"https:\/\/abinox-chr-clim.com\/index.php\/wp-json\/wp\/v2\/product_cat?post=109919"},{"taxonomy":"product_tag","embeddable":true,"href":"https:\/\/abinox-chr-clim.com\/index.php\/wp-json\/wp\/v2\/product_tag?post=109919"}],"curies":[{"name":"wp","href":"https:\/\/api.w.org\/{rel}","templated":true}]}}