{"id":109918,"date":"2025-05-29T11:32:03","date_gmt":"2025-05-29T09:32:03","guid":{"rendered":"https:\/\/abinox-chr-clim.com\/index.php\/product\/lave-vaisselle-numerique-a-capot-buffalo-avec-pompe-de-vidange-97-kw-triphase\/"},"modified":"2026-04-15T10:52:29","modified_gmt":"2026-04-15T08:52:29","slug":"lave-vaisselle-numerique-a-capot-buffalo-avec-pompe-de-vidange-97-kw-triphase","status":"publish","type":"product","link":"https:\/\/abinox-chr-clim.com\/index.php\/product\/lave-vaisselle-numerique-a-capot-buffalo-avec-pompe-de-vidange-97-kw-triphase\/","title":{"rendered":"Lave-vaisselle num\u00e9rique \u00e0 capot Buffalo avec pompe de vidange 9,7 kW triphas\u00e9"},"content":{"rendered":"<p>Lave-vaisselle de grande capacit\u00e9 con\u00e7u pour les cuisines professionnelles \u00e0 grand volume. Contr\u00f4leur convivial avec affichage num\u00e9rique. Convient aux paniers de 500 mm. Fonctionnement en douceur. Le cycle le plus rapide permet de traiter un maximum de 69 paniers par heure. Livr\u00e9 avec pompe de rin\u00e7age, pompe de distribution de d\u00e9tergent et pompe de vidange.<\/p>\n<p>\u2022 Construction en acier inoxydable solide et facile \u00e0 nettoyer<br \/>\u2022 Pompe de vidange int\u00e9gr\u00e9e. L&rsquo;utilisation d&rsquo;un adoucisseur d&rsquo;eau est recommand\u00e9e.<br \/>\u2022 Fournie avec 3 paniers (panier \u00e0 assiettes, panier \u00e0 verres et panier \u00e0 couverts)<br \/>\u2022 \u00c9cartement d&rsquo;air de type A approuv\u00e9 WRAS<br \/>\u2022 5 programmes de lavage s\u00e9lectionnables<br \/>\u2022 Rendement \u00e9lev\u00e9 : jusqu&rsquo;\u00e0 69 cycles de lavage par heure (le nombre maximum de cycles varie en fonction de la puissance et de la temp\u00e9rature de l&rsquo;eau).<br \/>\u2022 Panneau de contr\u00f4le num\u00e9rique convivial<br \/>\u2022 Temp\u00e9ratures de rin\u00e7age et de lavage contr\u00f4l\u00e9es par thermostat<br \/>\u2022 R\u00e9duction de la consommation d&rsquo;eau &#8211; seulement 2,8L par cycle standard<br \/>\u2022 Cuve de lavage monobloc avec coins arrondis<br \/>\u2022 Hauteur de chargement de la chambre de lavage : 445 mm. Hauteur avec capot ouvert : 1960 mm<\/p>\n<p><b><u>Caract\u00e9ristiques du produit :<\/u><\/b><br \/>\u2022 Dim. : 1480(H) x 700(L) x 785(P) mm<br \/>\u2022 Mati\u00e8re : Inox<br \/>\u2022 Voltage : 400V<br \/>\u2022 Poids : 120 kg<br \/>\u2022 Couleur : Argent.<\/p>\n","protected":false},"excerpt":{"rendered":"<p>9,7 kW. 16A triphas\u00e9<\/p>\n","protected":false},"featured_media":108447,"comment_status":"open","ping_status":"closed","template":"","meta":[],"product_brand":[],"product_cat":[1277,1297],"product_tag":[],"class_list":{"0":"post-109918","1":"product","2":"type-product","3":"status-publish","4":"has-post-thumbnail","6":"product_cat-divers-principal","7":"product_cat-non-palettisable","8":"product_shipping_class-free-shipping","10":"first","11":"instock","12":"featured","13":"taxable","14":"shipping-taxable","15":"purchasable","16":"product-type-simple"},"_links":{"self":[{"href":"https:\/\/abinox-chr-clim.com\/index.php\/wp-json\/wp\/v2\/product\/109918","targetHints":{"allow":["GET"]}}],"collection":[{"href":"https:\/\/abinox-chr-clim.com\/index.php\/wp-json\/wp\/v2\/product"}],"about":[{"href":"https:\/\/abinox-chr-clim.com\/index.php\/wp-json\/wp\/v2\/types\/product"}],"replies":[{"embeddable":true,"href":"https:\/\/abinox-chr-clim.com\/index.php\/wp-json\/wp\/v2\/comments?post=109918"}],"wp:featuredmedia":[{"embeddable":true,"href":"https:\/\/abinox-chr-clim.com\/index.php\/wp-json\/wp\/v2\/media\/108447"}],"wp:attachment":[{"href":"https:\/\/abinox-chr-clim.com\/index.php\/wp-json\/wp\/v2\/media?parent=109918"}],"wp:term":[{"taxonomy":"product_brand","embeddable":true,"href":"https:\/\/abinox-chr-clim.com\/index.php\/wp-json\/wp\/v2\/product_brand?post=109918"},{"taxonomy":"product_cat","embeddable":true,"href":"https:\/\/abinox-chr-clim.com\/index.php\/wp-json\/wp\/v2\/product_cat?post=109918"},{"taxonomy":"product_tag","embeddable":true,"href":"https:\/\/abinox-chr-clim.com\/index.php\/wp-json\/wp\/v2\/product_tag?post=109918"}],"curies":[{"name":"wp","href":"https:\/\/api.w.org\/{rel}","templated":true}]}}