{"id":109912,"date":"2025-05-29T11:31:51","date_gmt":"2025-05-29T09:31:51","guid":{"rendered":"https:\/\/abinox-chr-clim.com\/index.php\/product\/moulin-a-sel-ou-a-poivre-olympia-en-bois-dhevea-125mm-gris\/"},"modified":"2026-04-23T10:19:54","modified_gmt":"2026-04-23T08:19:54","slug":"moulin-a-sel-ou-a-poivre-olympia-en-bois-dhevea-125mm-gris","status":"publish","type":"product","link":"https:\/\/abinox-chr-clim.com\/index.php\/product\/moulin-a-sel-ou-a-poivre-olympia-en-bois-dhevea-125mm-gris\/","title":{"rendered":"Moulin \u00e0 sel ou \u00e0 poivre Olympia en bois d&rsquo;h\u00e9v\u00e9a 125mm gris"},"content":{"rendered":"<p>Moulin traditionnel en bois d&rsquo;h\u00e9v\u00e9a dot\u00e9 d&rsquo;un m\u00e9canisme en c\u00e9ramique enti\u00e8rement r\u00e9glable qui permet de passer d&rsquo;une mouture grossi\u00e8re \u00e0 une mouture fine. Le capuchon se d\u00e9tache par rotation pour faciliter la recharge.<\/p>\n<p>\u2022 Convient pour le sel et le poivre.<br \/>\u2022 M\u00e9canisme de broyage en c\u00e9ramique<br \/>\u2022 L&rsquo;aspect traditionnel permet de compl\u00e9ter agr\u00e9ablement les centres de table<br \/>\u2022 Capuchon d\u00e9tachable par rotation pour une recharge facile<\/p>\n<p><b><u>Caract\u00e9ristiques du produit :<\/u><\/b><br \/>\u2022 Mati\u00e8re : H\u00e9v\u00e9a<br \/>\u2022 Poids : 127 g<br \/>\u2022 Couleur : Gris.<\/p>\n","protected":false},"excerpt":{"rendered":"<p>54(\u00d8)x122(H)mm<\/p>\n","protected":false},"featured_media":107524,"comment_status":"open","ping_status":"closed","template":"","meta":[],"product_brand":[],"product_cat":[1024,1023,1297,1030],"product_tag":[],"class_list":{"0":"post-109912","1":"product","2":"type-product","3":"status-publish","4":"has-post-thumbnail","6":"product_cat-accessoires-de-table","7":"product_cat-art-de-la-table","8":"product_cat-non-palettisable","9":"product_cat-sel-et-poivre","10":"product_shipping_class-free-shipping","12":"first","13":"outofstock","14":"featured","15":"taxable","16":"shipping-taxable","17":"purchasable","18":"product-type-simple"},"_links":{"self":[{"href":"https:\/\/abinox-chr-clim.com\/index.php\/wp-json\/wp\/v2\/product\/109912","targetHints":{"allow":["GET"]}}],"collection":[{"href":"https:\/\/abinox-chr-clim.com\/index.php\/wp-json\/wp\/v2\/product"}],"about":[{"href":"https:\/\/abinox-chr-clim.com\/index.php\/wp-json\/wp\/v2\/types\/product"}],"replies":[{"embeddable":true,"href":"https:\/\/abinox-chr-clim.com\/index.php\/wp-json\/wp\/v2\/comments?post=109912"}],"wp:featuredmedia":[{"embeddable":true,"href":"https:\/\/abinox-chr-clim.com\/index.php\/wp-json\/wp\/v2\/media\/107524"}],"wp:attachment":[{"href":"https:\/\/abinox-chr-clim.com\/index.php\/wp-json\/wp\/v2\/media?parent=109912"}],"wp:term":[{"taxonomy":"product_brand","embeddable":true,"href":"https:\/\/abinox-chr-clim.com\/index.php\/wp-json\/wp\/v2\/product_brand?post=109912"},{"taxonomy":"product_cat","embeddable":true,"href":"https:\/\/abinox-chr-clim.com\/index.php\/wp-json\/wp\/v2\/product_cat?post=109912"},{"taxonomy":"product_tag","embeddable":true,"href":"https:\/\/abinox-chr-clim.com\/index.php\/wp-json\/wp\/v2\/product_tag?post=109912"}],"curies":[{"name":"wp","href":"https:\/\/api.w.org\/{rel}","templated":true}]}}