{"id":109907,"date":"2025-05-29T11:31:42","date_gmt":"2025-05-29T09:31:42","guid":{"rendered":"https:\/\/abinox-chr-clim.com\/index.php\/product\/tabourets-hauts-bolero-bistro-en-acier-galvanise-blanc-lot-de-4\/"},"modified":"2025-07-10T11:48:28","modified_gmt":"2025-07-10T09:48:28","slug":"tabourets-hauts-bolero-bistro-en-acier-galvanise-blanc-lot-de-4","status":"publish","type":"product","link":"https:\/\/abinox-chr-clim.com\/index.php\/product\/tabourets-hauts-bolero-bistro-en-acier-galvanise-blanc-lot-de-4\/","title":{"rendered":"Tabourets hauts Bolero Bistro en acier galvanis\u00e9 blanc (lot de 4)"},"content":{"rendered":"<p>Construit avec un design moderne et simple, ce tabouret Bolero est id\u00e9al pour ajouter une touche int\u00e9ressante \u00e0 tout service. La finition blanche brillante rehausse n&rsquo;importe quel restaurant en ajoutant une touche de classe et de propret\u00e9. Le tabouret dispose d&rsquo;un repose-pieds confortable \u00e0 4 points qui vous permet de vous tourner et de vous asseoir dans diff\u00e9rentes positions tout en restant confortable; essentiel pour garder les invit\u00e9s heureux. Les pieds antid\u00e9rapants garantissent que le tabouret est stable, m\u00eame sur les surfaces les plus glissantes. Gr\u00e2ce \u00e0 son mat\u00e9riau en acier galvanis\u00e9, ce tabouret est \u00e0 la fois facile \u00e0 nettoyer et durable &#8211; vous \u00e9conomisant sur les longues t\u00e2ches de nettoyage et les co\u00fbts de remplacement co\u00fbteux. L&rsquo;acier galvanis\u00e9 est \u00e9galement l\u00e9ger, ce qui signifie que transporter ces tabourets est simple et r\u00e9duit le risque de blessure.<\/p>\n<p>\u2022 Convient pour une utilisation int\u00e9rieure et ext\u00e9rieure<br \/>\u2022 Cadre en acier galvanis\u00e9 r\u00e9sistant<br \/>\u2022 Prise en main pour un transport facile<br \/>\u2022 R\u00e9f\u00e9rence soumise \u00e0 une Eco-participation de 1.22\u20ac par unit\u00e9 vendue applicable en France uniquement\u00a0<br \/>\u2022 Con\u00e7u pour m\u00e9langer et assortir<br \/>\u2022 Empilable<br \/>\u2022 Pieds de s\u00e9curit\u00e9 antid\u00e9rapants<\/p>\n<p><b><u>Caract\u00e9ristiques du produit :<\/u><\/b><br \/>\u2022 Lot : 4.0<br \/>\u2022 Dim. : 770(H) x 425(L) x 425(P) mm<br \/>\u2022 Mati\u00e8re : Acier galvanis\u00e9<br \/>\u2022 Poids : 5,1 kg<br \/>\u2022 Couleur : Blanc.<\/p>\n","protected":false},"excerpt":{"rendered":"<p>Acier galvanis\u00e9. Empilable. Hauteur d&rsquo;assise : 770 mm<\/p>\n","protected":false},"featured_media":106112,"comment_status":"open","ping_status":"closed","template":"","meta":[],"product_brand":[],"product_cat":[1208,1201,1296,1212],"product_tag":[],"class_list":{"0":"post-109907","1":"product","2":"type-product","3":"status-publish","4":"has-post-thumbnail","6":"product_cat-interieur","7":"product_cat-mobilier","8":"product_cat-palettisable","9":"product_cat-tables-interieur","10":"product_shipping_class-free-shipping","12":"first","13":"outofstock","14":"featured","15":"taxable","16":"shipping-taxable","17":"purchasable","18":"product-type-simple"},"_links":{"self":[{"href":"https:\/\/abinox-chr-clim.com\/index.php\/wp-json\/wp\/v2\/product\/109907","targetHints":{"allow":["GET"]}}],"collection":[{"href":"https:\/\/abinox-chr-clim.com\/index.php\/wp-json\/wp\/v2\/product"}],"about":[{"href":"https:\/\/abinox-chr-clim.com\/index.php\/wp-json\/wp\/v2\/types\/product"}],"replies":[{"embeddable":true,"href":"https:\/\/abinox-chr-clim.com\/index.php\/wp-json\/wp\/v2\/comments?post=109907"}],"wp:featuredmedia":[{"embeddable":true,"href":"https:\/\/abinox-chr-clim.com\/index.php\/wp-json\/wp\/v2\/media\/106112"}],"wp:attachment":[{"href":"https:\/\/abinox-chr-clim.com\/index.php\/wp-json\/wp\/v2\/media?parent=109907"}],"wp:term":[{"taxonomy":"product_brand","embeddable":true,"href":"https:\/\/abinox-chr-clim.com\/index.php\/wp-json\/wp\/v2\/product_brand?post=109907"},{"taxonomy":"product_cat","embeddable":true,"href":"https:\/\/abinox-chr-clim.com\/index.php\/wp-json\/wp\/v2\/product_cat?post=109907"},{"taxonomy":"product_tag","embeddable":true,"href":"https:\/\/abinox-chr-clim.com\/index.php\/wp-json\/wp\/v2\/product_tag?post=109907"}],"curies":[{"name":"wp","href":"https:\/\/api.w.org\/{rel}","templated":true}]}}