{"id":109906,"date":"2025-05-29T11:31:40","date_gmt":"2025-05-29T09:31:40","guid":{"rendered":"https:\/\/abinox-chr-clim.com\/index.php\/product\/blender-brushless-compact-santos-66\/"},"modified":"2026-04-15T10:27:39","modified_gmt":"2026-04-15T08:27:39","slug":"blender-brushless-compact-santos-66","status":"publish","type":"product","link":"https:\/\/abinox-chr-clim.com\/index.php\/product\/blender-brushless-compact-santos-66\/","title":{"rendered":"Blender Brushless Compact Santos #66"},"content":{"rendered":"<p>Lame inox de 19cm de large, pr\u00e9cision de coupe r\u00e9glable de 1mm \u00e0 14mm.<\/p>\n<p>\u2022 Plateau en inox extra large : tranchez de plus gros morceaux de viande sans avoir \u00e0 les pr\u00e9-couper<br \/>\u2022 Le chariot inclin\u00e9 facile \u00e0 glisser permet de trancher rapidement, facilement et en toute s\u00e9curit\u00e9 pas besoin de pousser les mains contre les lames.<br \/>\u2022 Lame tranch\u00e9e en acier inoxydable de 190 mm &#8211; Ce trancheur fournit des r\u00e9sultats de coupe rapides et tr\u00e8s pr\u00e9cis \u00e0 chaque fois.<br \/>\u2022 R\u00e9f\u00e9rence soumise \u00e0 une Eco-participation de 0.23\u20ac par unit\u00e9 vendue applicable en France uniquement\u00a0<br \/>\u2022 Simple \u00e0 utiliser et facile \u00e0 nettoyer se d\u00e9monte enti\u00e8rement<br \/>\u2022 Con\u00e7u pour durer plus longtemps<br \/>\u2022 Conception s\u00fbre &#8211; 2 boutons interrupteurs d&rsquo;alimentation et verrou de rangement<\/p>\n<p><b><u>Caract\u00e9ristiques du produit :<\/u><\/b><br \/>\u2022 Dim. : 285(H) x 395(L) x 280(P)mm<br \/>\u2022 Puissance : 150 W<br \/>\u2022 Poids : 5,7 kg.<\/p>\n","protected":false},"excerpt":{"rendered":"<p>1 kW<\/p>\n","protected":false},"featured_media":106111,"comment_status":"open","ping_status":"closed","template":"","meta":[],"product_brand":[],"product_cat":[1161,1160,1297],"product_tag":[],"class_list":{"0":"post-109906","1":"product","2":"type-product","3":"status-publish","4":"has-post-thumbnail","6":"product_cat-blenders-et-mixeurs-plongeants","7":"product_cat-materiel-electrique-et-de-cuisson","8":"product_cat-non-palettisable","9":"product_shipping_class-free-shipping","11":"first","12":"instock","13":"featured","14":"taxable","15":"shipping-taxable","16":"purchasable","17":"product-type-simple"},"_links":{"self":[{"href":"https:\/\/abinox-chr-clim.com\/index.php\/wp-json\/wp\/v2\/product\/109906","targetHints":{"allow":["GET"]}}],"collection":[{"href":"https:\/\/abinox-chr-clim.com\/index.php\/wp-json\/wp\/v2\/product"}],"about":[{"href":"https:\/\/abinox-chr-clim.com\/index.php\/wp-json\/wp\/v2\/types\/product"}],"replies":[{"embeddable":true,"href":"https:\/\/abinox-chr-clim.com\/index.php\/wp-json\/wp\/v2\/comments?post=109906"}],"wp:featuredmedia":[{"embeddable":true,"href":"https:\/\/abinox-chr-clim.com\/index.php\/wp-json\/wp\/v2\/media\/106111"}],"wp:attachment":[{"href":"https:\/\/abinox-chr-clim.com\/index.php\/wp-json\/wp\/v2\/media?parent=109906"}],"wp:term":[{"taxonomy":"product_brand","embeddable":true,"href":"https:\/\/abinox-chr-clim.com\/index.php\/wp-json\/wp\/v2\/product_brand?post=109906"},{"taxonomy":"product_cat","embeddable":true,"href":"https:\/\/abinox-chr-clim.com\/index.php\/wp-json\/wp\/v2\/product_cat?post=109906"},{"taxonomy":"product_tag","embeddable":true,"href":"https:\/\/abinox-chr-clim.com\/index.php\/wp-json\/wp\/v2\/product_tag?post=109906"}],"curies":[{"name":"wp","href":"https:\/\/api.w.org\/{rel}","templated":true}]}}