{"id":109904,"date":"2025-05-29T11:31:36","date_gmt":"2025-05-29T09:31:36","guid":{"rendered":"https:\/\/abinox-chr-clim.com\/index.php\/product\/combine-cutter-buffalo-5l\/"},"modified":"2026-04-15T10:34:12","modified_gmt":"2026-04-15T08:34:12","slug":"combine-cutter-buffalo-5l","status":"publish","type":"product","link":"https:\/\/abinox-chr-clim.com\/index.php\/product\/combine-cutter-buffalo-5l\/","title":{"rendered":"Combin\u00e9 cutter Buffalo 5L"},"content":{"rendered":"<p>Mixeurs coupeurs professionnels \u00e9conomisant du temps avec des moteurs puissants et des lames de coupe efficaces. Conceptions \u00e0 grande capacit\u00e9 pour un rendement am\u00e9lior\u00e9.<\/p>\n<p>\u2022 Bol en acier inoxydable de grande capacit\u00e9 de 5 litres<br \/>\u2022 Puissant moteur commercial de 735 W<br \/>\u2022 Vitesse unique 1500 tr\/min et fonction impulsion<br \/>\u2022 Micro-interrupteur de s\u00e9curit\u00e9<\/p>\n<p><b><u>Caract\u00e9ristiques du produit :<\/u><\/b><br \/>\u2022 Capacit\u00e9 : 5 L<br \/>\u2022 Dim. : 470(H) x 285<br \/>\u2022 Voltage : 220-240V<br \/>\u2022 Poids : 14,65 kg<br \/>\u2022 Couleur : Noir.<\/p>\n","protected":false},"excerpt":{"rendered":"<p>735W. Capacit\u00e9 : 5L<\/p>\n","protected":false},"featured_media":105840,"comment_status":"open","ping_status":"closed","template":"","meta":[],"product_brand":[],"product_cat":[1160,1297,1187],"product_tag":[],"class_list":{"0":"post-109904","1":"product","2":"type-product","3":"status-publish","4":"has-post-thumbnail","6":"product_cat-materiel-electrique-et-de-cuisson","7":"product_cat-non-palettisable","8":"product_cat-preparation-des-aliments","9":"product_shipping_class-free-shipping","11":"first","12":"instock","13":"featured","14":"taxable","15":"shipping-taxable","16":"purchasable","17":"product-type-simple"},"_links":{"self":[{"href":"https:\/\/abinox-chr-clim.com\/index.php\/wp-json\/wp\/v2\/product\/109904","targetHints":{"allow":["GET"]}}],"collection":[{"href":"https:\/\/abinox-chr-clim.com\/index.php\/wp-json\/wp\/v2\/product"}],"about":[{"href":"https:\/\/abinox-chr-clim.com\/index.php\/wp-json\/wp\/v2\/types\/product"}],"replies":[{"embeddable":true,"href":"https:\/\/abinox-chr-clim.com\/index.php\/wp-json\/wp\/v2\/comments?post=109904"}],"wp:featuredmedia":[{"embeddable":true,"href":"https:\/\/abinox-chr-clim.com\/index.php\/wp-json\/wp\/v2\/media\/105840"}],"wp:attachment":[{"href":"https:\/\/abinox-chr-clim.com\/index.php\/wp-json\/wp\/v2\/media?parent=109904"}],"wp:term":[{"taxonomy":"product_brand","embeddable":true,"href":"https:\/\/abinox-chr-clim.com\/index.php\/wp-json\/wp\/v2\/product_brand?post=109904"},{"taxonomy":"product_cat","embeddable":true,"href":"https:\/\/abinox-chr-clim.com\/index.php\/wp-json\/wp\/v2\/product_cat?post=109904"},{"taxonomy":"product_tag","embeddable":true,"href":"https:\/\/abinox-chr-clim.com\/index.php\/wp-json\/wp\/v2\/product_tag?post=109904"}],"curies":[{"name":"wp","href":"https:\/\/api.w.org\/{rel}","templated":true}]}}