{"id":109900,"date":"2025-05-29T11:31:29","date_gmt":"2025-05-29T09:31:29","guid":{"rendered":"https:\/\/abinox-chr-clim.com\/index.php\/product\/tabouret-bas-bolero-bistro-en-acier-blanc-lot-de-4\/"},"modified":"2026-04-14T08:47:05","modified_gmt":"2026-04-14T06:47:05","slug":"tabouret-bas-bolero-bistro-en-acier-blanc-lot-de-4","status":"publish","type":"product","link":"https:\/\/abinox-chr-clim.com\/index.php\/product\/tabouret-bas-bolero-bistro-en-acier-blanc-lot-de-4\/","title":{"rendered":"Tabouret bas Bolero Bistro en acier blanc (lot de 4)"},"content":{"rendered":"<p>Fabriqu\u00e9 en acier thermolaqu\u00e9, r\u00e9sistant aux intemp\u00e9ries, facile \u00e0 nettoyer et remarquablement l\u00e9ger. La poign\u00e9e de transport ajoute une touche suppl\u00e9mentaire de praticit\u00e9, rendant le tabouret facile \u00e0 d\u00e9placer pour un rangement simple, tandis que les pieds en caoutchouc garantissent s\u00e9curit\u00e9 et robustesse.<\/p>\n<p>\u2022 Convient pour une utilisation en int\u00e9rieur et en ext\u00e9rieur<br \/>\u2022 Empilable<br \/>\u2022 Pieds en caoutchouc antid\u00e9rapants<br \/>\u2022 R\u00e9f\u00e9rence soumise \u00e0 une Eco-participation de 0.83\u20ac par unit\u00e9 vendue applicable en France uniquement\u00a0<br \/>\u2022 S&rsquo;inspire du look industriel<br \/>\u2022 M\u00e9langez et assortissez avec d&rsquo;autres couleurs de la gamme<br \/>\u2022 Livr\u00e9 enti\u00e8rement assembl\u00e9 et pr\u00eat \u00e0 l&#8217;emploi<br \/>\u2022 Livraison le lendemain<br \/>\u2022 Facile \u00e0 nettoyer<\/p>\n<p><b><u>Caract\u00e9ristiques du produit :<\/u><\/b><br \/>\u2022 Lot : 4.0<br \/>\u2022 Dim. : 460(H) x 400(L) x 400(P)mm<br \/>\u2022 Mati\u00e8re : Acier galvanis\u00e9<br \/>\u2022 Poids : 3,45 kg<br \/>\u2022 Couleur : Blanc.<\/p>\n","protected":false},"excerpt":{"rendered":"<p>Acier galvanis\u00e9. Hauteur d&rsquo;assise : 460 mm. Empilable.<\/p>\n","protected":false},"featured_media":107066,"comment_status":"open","ping_status":"closed","template":"","meta":[],"product_brand":[],"product_cat":[1208,1201,1296,1212],"product_tag":[],"class_list":{"0":"post-109900","1":"product","2":"type-product","3":"status-publish","4":"has-post-thumbnail","6":"product_cat-interieur","7":"product_cat-mobilier","8":"product_cat-palettisable","9":"product_cat-tables-interieur","10":"product_shipping_class-free-shipping","12":"first","13":"instock","14":"featured","15":"taxable","16":"shipping-taxable","17":"purchasable","18":"product-type-simple"},"_links":{"self":[{"href":"https:\/\/abinox-chr-clim.com\/index.php\/wp-json\/wp\/v2\/product\/109900","targetHints":{"allow":["GET"]}}],"collection":[{"href":"https:\/\/abinox-chr-clim.com\/index.php\/wp-json\/wp\/v2\/product"}],"about":[{"href":"https:\/\/abinox-chr-clim.com\/index.php\/wp-json\/wp\/v2\/types\/product"}],"replies":[{"embeddable":true,"href":"https:\/\/abinox-chr-clim.com\/index.php\/wp-json\/wp\/v2\/comments?post=109900"}],"wp:featuredmedia":[{"embeddable":true,"href":"https:\/\/abinox-chr-clim.com\/index.php\/wp-json\/wp\/v2\/media\/107066"}],"wp:attachment":[{"href":"https:\/\/abinox-chr-clim.com\/index.php\/wp-json\/wp\/v2\/media?parent=109900"}],"wp:term":[{"taxonomy":"product_brand","embeddable":true,"href":"https:\/\/abinox-chr-clim.com\/index.php\/wp-json\/wp\/v2\/product_brand?post=109900"},{"taxonomy":"product_cat","embeddable":true,"href":"https:\/\/abinox-chr-clim.com\/index.php\/wp-json\/wp\/v2\/product_cat?post=109900"},{"taxonomy":"product_tag","embeddable":true,"href":"https:\/\/abinox-chr-clim.com\/index.php\/wp-json\/wp\/v2\/product_tag?post=109900"}],"curies":[{"name":"wp","href":"https:\/\/api.w.org\/{rel}","templated":true}]}}