{"id":109879,"date":"2025-05-29T11:30:49","date_gmt":"2025-05-29T09:30:49","guid":{"rendered":"https:\/\/abinox-chr-clim.com\/index.php\/product\/table-de-bar-industrielle-en-acier-et-acacia-bolero-1800x900mm\/"},"modified":"2026-04-14T10:53:48","modified_gmt":"2026-04-14T08:53:48","slug":"table-de-bar-industrielle-en-acier-et-acacia-bolero-1800x900mm","status":"publish","type":"product","link":"https:\/\/abinox-chr-clim.com\/index.php\/product\/table-de-bar-industrielle-en-acier-et-acacia-bolero-1800x900mm\/","title":{"rendered":"Table de bar industrielle en acier et acacia Bolero 1800x900mm"},"content":{"rendered":"<p>Cr\u00e9ez un espace confortable et d\u00e9contract\u00e9 avec ces tables de style industriel Bolero. Fabriqu\u00e9es \u00e0 partir d&rsquo;un m\u00e9lange de bois d&rsquo;acacia et d&rsquo;acier poudr\u00e9 noir, les tables sont con\u00e7ues pour une utilisation durable. Auto-assemblage facile. Tabourets assortis \u00e0 la table basse.<\/p>\n<p>\u2022 Convient pour une utilisation int\u00e9rieure et ext\u00e9rieure<br \/>\u2022 En acacia et acier poudr\u00e9<br \/>\u2022 La finition en acier noir mat avec rev\u00eatement poudr\u00e9 ajoute une touche distincte et audacieuse aux espaces ext\u00e9rieurs<br \/>\u2022 Ameublement de style minimaliste pour am\u00e9liorer la lumi\u00e8re et l&rsquo;espace<br \/>\u2022 Auto-assemblage facile pour des tabourets pr\u00eats \u00e0 l&#8217;emploi en un rien de temps<\/p>\n<p><b><u>Caract\u00e9ristiques du produit :<\/u><\/b><br \/>\u2022 Dim. : 1050(H) x 900(L) mm<br \/>\u2022 Mati\u00e8re : Bois d&rsquo;acacia et acier rev\u00eatu de poudre<br \/>\u2022 Poids : 40,3 kg<br \/>\u2022 Couleur : Marron.<\/p>\n","protected":false},"excerpt":{"rendered":"<p>Dimensions (mm) :1050(H) x 900(L) x 1800(P)<\/p>\n","protected":false},"featured_media":106553,"comment_status":"open","ping_status":"closed","template":"","meta":[],"product_brand":[],"product_cat":[1208,1201,1297,1212],"product_tag":[],"class_list":{"0":"post-109879","1":"product","2":"type-product","3":"status-publish","4":"has-post-thumbnail","6":"product_cat-interieur","7":"product_cat-mobilier","8":"product_cat-non-palettisable","9":"product_cat-tables-interieur","10":"product_shipping_class-free-shipping","12":"first","13":"instock","14":"featured","15":"taxable","16":"shipping-taxable","17":"purchasable","18":"product-type-simple"},"_links":{"self":[{"href":"https:\/\/abinox-chr-clim.com\/index.php\/wp-json\/wp\/v2\/product\/109879","targetHints":{"allow":["GET"]}}],"collection":[{"href":"https:\/\/abinox-chr-clim.com\/index.php\/wp-json\/wp\/v2\/product"}],"about":[{"href":"https:\/\/abinox-chr-clim.com\/index.php\/wp-json\/wp\/v2\/types\/product"}],"replies":[{"embeddable":true,"href":"https:\/\/abinox-chr-clim.com\/index.php\/wp-json\/wp\/v2\/comments?post=109879"}],"wp:featuredmedia":[{"embeddable":true,"href":"https:\/\/abinox-chr-clim.com\/index.php\/wp-json\/wp\/v2\/media\/106553"}],"wp:attachment":[{"href":"https:\/\/abinox-chr-clim.com\/index.php\/wp-json\/wp\/v2\/media?parent=109879"}],"wp:term":[{"taxonomy":"product_brand","embeddable":true,"href":"https:\/\/abinox-chr-clim.com\/index.php\/wp-json\/wp\/v2\/product_brand?post=109879"},{"taxonomy":"product_cat","embeddable":true,"href":"https:\/\/abinox-chr-clim.com\/index.php\/wp-json\/wp\/v2\/product_cat?post=109879"},{"taxonomy":"product_tag","embeddable":true,"href":"https:\/\/abinox-chr-clim.com\/index.php\/wp-json\/wp\/v2\/product_tag?post=109879"}],"curies":[{"name":"wp","href":"https:\/\/api.w.org\/{rel}","templated":true}]}}