{"id":109876,"date":"2025-05-29T11:30:43","date_gmt":"2025-05-29T09:30:43","guid":{"rendered":"https:\/\/abinox-chr-clim.com\/index.php\/product\/rouleaux-thermiques-olympia-80-x-72mm-lot-de-20\/"},"modified":"2026-04-15T10:11:58","modified_gmt":"2026-04-15T08:11:58","slug":"rouleaux-thermiques-olympia-80-x-72mm-lot-de-20","status":"publish","type":"product","link":"https:\/\/abinox-chr-clim.com\/index.php\/product\/rouleaux-thermiques-olympia-80-x-72mm-lot-de-20\/","title":{"rendered":"Rouleaux thermiques Olympia 80 x 72mm (lot de 20)"},"content":{"rendered":"<p>Rouleaux thermiques dot\u00e9s d&rsquo;un rev\u00eatement sp\u00e9cial sensible \u00e0 la chaleur. Bo\u00eete de 20.<\/p>\n<p>\u2022 L&rsquo;impression thermique emp\u00eache les bavures, ce qui conserve la clart\u00e9 des re\u00e7us<br \/>\u2022 Longueur de rouleau de 64m permettant une utilisation \u00e0 travers de nombreux services sans besoin de recharger<br \/>\u2022 Mandrin en plastique pour maintenir le rouleau en place pendant l&rsquo;utilisation<br \/>\u2022 Format universel permettant une utilisation dans une grande vari\u00e9t\u00e9 d&rsquo;imprimantes thermiques<br \/>\u2022 L&rsquo;impression thermique r\u00e9duit les co\u00fbts d&rsquo;achat de recharges d&rsquo;encre<br \/>\u2022 Rouleau thermique 80(H) x 72(\u00d8)mm<br \/>\u2022 Pour imprimantes thermiques sans impact<\/p>\n<p><b><u>Caract\u00e9ristiques du produit :<\/u><\/b><br \/>\u2022 Lot : 20.0<br \/>\u2022 Dim. : 80(H) mm<br \/>\u2022 Mati\u00e8re : Papier<br \/>\u2022 Poids : 5,8 kg<br \/>\u2022 Couleur : Blanc.<\/p>\n","protected":false},"excerpt":{"rendered":"<p>80(H) x 72(\u00d8)mm. Quantit\u00e9 par bo\u00eete : 20<\/p>\n","protected":false},"featured_media":106109,"comment_status":"open","ping_status":"closed","template":"","meta":[],"product_brand":[],"product_cat":[1277,1297],"product_tag":[],"class_list":{"0":"post-109876","1":"product","2":"type-product","3":"status-publish","4":"has-post-thumbnail","6":"product_cat-divers-principal","7":"product_cat-non-palettisable","8":"product_shipping_class-free-shipping","10":"first","11":"instock","12":"featured","13":"taxable","14":"shipping-taxable","15":"purchasable","16":"product-type-simple"},"_links":{"self":[{"href":"https:\/\/abinox-chr-clim.com\/index.php\/wp-json\/wp\/v2\/product\/109876","targetHints":{"allow":["GET"]}}],"collection":[{"href":"https:\/\/abinox-chr-clim.com\/index.php\/wp-json\/wp\/v2\/product"}],"about":[{"href":"https:\/\/abinox-chr-clim.com\/index.php\/wp-json\/wp\/v2\/types\/product"}],"replies":[{"embeddable":true,"href":"https:\/\/abinox-chr-clim.com\/index.php\/wp-json\/wp\/v2\/comments?post=109876"}],"wp:featuredmedia":[{"embeddable":true,"href":"https:\/\/abinox-chr-clim.com\/index.php\/wp-json\/wp\/v2\/media\/106109"}],"wp:attachment":[{"href":"https:\/\/abinox-chr-clim.com\/index.php\/wp-json\/wp\/v2\/media?parent=109876"}],"wp:term":[{"taxonomy":"product_brand","embeddable":true,"href":"https:\/\/abinox-chr-clim.com\/index.php\/wp-json\/wp\/v2\/product_brand?post=109876"},{"taxonomy":"product_cat","embeddable":true,"href":"https:\/\/abinox-chr-clim.com\/index.php\/wp-json\/wp\/v2\/product_cat?post=109876"},{"taxonomy":"product_tag","embeddable":true,"href":"https:\/\/abinox-chr-clim.com\/index.php\/wp-json\/wp\/v2\/product_tag?post=109876"}],"curies":[{"name":"wp","href":"https:\/\/api.w.org\/{rel}","templated":true}]}}