{"id":109828,"date":"2025-05-29T11:29:08","date_gmt":"2025-05-29T09:29:08","guid":{"rendered":"https:\/\/abinox-chr-clim.com\/index.php\/product\/cuiseur-vapeur-multifonction-magimix-11852nl\/"},"modified":"2026-03-10T11:50:24","modified_gmt":"2026-03-10T10:50:24","slug":"cuiseur-vapeur-multifonction-magimix-11852nl","status":"publish","type":"product","link":"https:\/\/abinox-chr-clim.com\/index.php\/product\/cuiseur-vapeur-multifonction-magimix-11852nl\/","title":{"rendered":"Cuiseur vapeur multifonction Magimix 11852NL"},"content":{"rendered":"<p>\u2022 Facile \u00e0 utiliser avec quatre programmes de cuisson et \u00e9cran digital avec un temps pr\u00e9-programm\u00e9 et un arr\u00eat automatique<br \/>\u2022 Deux paniers vapeur en acier inoxydable de 5,5 litres. Celui du dessus est dot\u00e9 d&rsquo;un fond amovible vous permettant de doubler le volume de cuisson, tandis que celui du dessous comporte six fentes permettant de cuire facilement des \u0153ufs \u00e0 la vapeur.<br \/>\u2022 S\u00fbr et s\u00e9curis\u00e9. Le r\u00e9servoir de liquide de 1,5 litre et la base \u00ab rester froide \u00bb combin\u00e9s \u00e0 un syst\u00e8me de s\u00e9curit\u00e9 d&rsquo;\u00e9bullition \u00e0 sec un buzz pour vous alerter lorsque le niveau d&rsquo;eau est trop bas.<br \/>\u2022 R\u00e9f\u00e9rence soumise \u00e0 une Eco-participation de 0.19\u20ac par unit\u00e9 vendue applicable en France uniquement\u00a0<br \/>\u2022 Mieux con\u00e7u pour durer plus longtemps<br \/>\u2022 220 &#8211; 240V<\/p>\n<p><b><u>Caract\u00e9ristiques du produit :<\/u><\/b><br \/>\u2022 Dim. : 295(H) x 390(L) x 261(P) mm<br \/>\u2022 Puissance : 1900 W<br \/>\u2022 Poids : 4,25 kg.<\/p>\n","protected":false},"excerpt":{"rendered":"<p>1900W. Acier inoxydable<\/p>\n","protected":false},"featured_media":107056,"comment_status":"open","ping_status":"closed","template":"","meta":[],"product_brand":[],"product_cat":[1181,1160,1297,1179],"product_tag":[],"class_list":{"0":"post-109828","1":"product","2":"type-product","3":"status-publish","4":"has-post-thumbnail","6":"product_cat-cuiseurs-a-riz-et-pates","7":"product_cat-materiel-electrique-et-de-cuisson","8":"product_cat-non-palettisable","9":"product_cat-petit-materiel","10":"product_shipping_class-free-shipping","12":"first","13":"instock","14":"featured","15":"taxable","16":"shipping-taxable","17":"purchasable","18":"product-type-simple"},"_links":{"self":[{"href":"https:\/\/abinox-chr-clim.com\/index.php\/wp-json\/wp\/v2\/product\/109828","targetHints":{"allow":["GET"]}}],"collection":[{"href":"https:\/\/abinox-chr-clim.com\/index.php\/wp-json\/wp\/v2\/product"}],"about":[{"href":"https:\/\/abinox-chr-clim.com\/index.php\/wp-json\/wp\/v2\/types\/product"}],"replies":[{"embeddable":true,"href":"https:\/\/abinox-chr-clim.com\/index.php\/wp-json\/wp\/v2\/comments?post=109828"}],"wp:featuredmedia":[{"embeddable":true,"href":"https:\/\/abinox-chr-clim.com\/index.php\/wp-json\/wp\/v2\/media\/107056"}],"wp:attachment":[{"href":"https:\/\/abinox-chr-clim.com\/index.php\/wp-json\/wp\/v2\/media?parent=109828"}],"wp:term":[{"taxonomy":"product_brand","embeddable":true,"href":"https:\/\/abinox-chr-clim.com\/index.php\/wp-json\/wp\/v2\/product_brand?post=109828"},{"taxonomy":"product_cat","embeddable":true,"href":"https:\/\/abinox-chr-clim.com\/index.php\/wp-json\/wp\/v2\/product_cat?post=109828"},{"taxonomy":"product_tag","embeddable":true,"href":"https:\/\/abinox-chr-clim.com\/index.php\/wp-json\/wp\/v2\/product_tag?post=109828"}],"curies":[{"name":"wp","href":"https:\/\/api.w.org\/{rel}","templated":true}]}}