{"id":109816,"date":"2025-05-29T11:14:56","date_gmt":"2025-05-29T09:14:56","guid":{"rendered":"https:\/\/abinox-chr-clim.com\/index.php\/product\/poele-aluminium-antiadhesive-teflon-avec-manche-noir-nisbets-essentials-28-cm\/"},"modified":"2026-04-02T09:45:05","modified_gmt":"2026-04-02T07:45:05","slug":"poele-aluminium-antiadhesive-teflon-avec-manche-noir-nisbets-essentials-28-cm","status":"publish","type":"product","link":"https:\/\/abinox-chr-clim.com\/index.php\/product\/poele-aluminium-antiadhesive-teflon-avec-manche-noir-nisbets-essentials-28-cm\/","title":{"rendered":"Po\u00eale aluminium antiadh\u00e9sive t\u00e9flon avec manche noir Nisbets Essentials 28 cm"},"content":{"rendered":"<p>Po\u00eale aluminium antiadh\u00e9sive avec queue rivet\u00e9e.<\/p>\n<p>\u2022 Le rev\u00eatement antiadh\u00e9sif en t\u00e9flon emp\u00eache les aliments de br\u00fbler ou de coller \u00e0 la po\u00eale<br \/>\u2022 Am\u00e9liore la pr\u00e9sentation des aliments et les r\u00e9sultats de cuisson<br \/>\u2022 Plus facile \u00e0 nettoyer et \u00e0 conserver en parfait \u00e9tat plus longtemps<br \/>\u2022 La poign\u00e9e rivet\u00e9e robuste permet de soulever ou de transporter facilement la po\u00eale<br \/>\u2022 Le trou de la poign\u00e9e permet de la suspendre facilement<br \/>\u2022 Ne convient pas aux lave-vaisselle<br \/>\u2022 R\u00e9siste au four &#8211; peut \u00eatre transf\u00e9r\u00e9e rapidement de la table de cuisson au four<br \/>\u2022 Remarque : la poign\u00e9e en m\u00e9tal transmet la chaleur &#8211; utilisez une protection adapt\u00e9e pour vos mains<\/p>\n<p><b><u>Caract\u00e9ristiques du produit :<\/u><\/b><br \/>\u2022 Capacit\u00e9 : 1,8 L<br \/>\u2022 Dim. : 45(H) x 280(\u00d8) mm<br \/>\u2022 Mati\u00e8re : Aluminium<br \/>\u2022 Poids : 900 g<br \/>\u2022 Couleur : Argent.<\/p>\n","protected":false},"excerpt":{"rendered":"<p>Dimension : 280 (\u00d8) mm. Capacit\u00e9 : 1,8L. Mat\u00e9riau : aluminium<\/p>\n","protected":false},"featured_media":106103,"comment_status":"open","ping_status":"closed","template":"","meta":[],"product_brand":[],"product_cat":[1065,1064,1066,1297],"product_tag":[],"class_list":{"0":"post-109816","1":"product","2":"type-product","3":"status-publish","4":"has-post-thumbnail","6":"product_cat-batterie-et-platerie-de-cuisine","7":"product_cat-cuisine","8":"product_cat-marmites-et-casseroles","9":"product_cat-non-palettisable","10":"product_shipping_class-free-shipping","12":"first","13":"outofstock","14":"featured","15":"taxable","16":"shipping-taxable","17":"purchasable","18":"product-type-simple"},"_links":{"self":[{"href":"https:\/\/abinox-chr-clim.com\/index.php\/wp-json\/wp\/v2\/product\/109816","targetHints":{"allow":["GET"]}}],"collection":[{"href":"https:\/\/abinox-chr-clim.com\/index.php\/wp-json\/wp\/v2\/product"}],"about":[{"href":"https:\/\/abinox-chr-clim.com\/index.php\/wp-json\/wp\/v2\/types\/product"}],"replies":[{"embeddable":true,"href":"https:\/\/abinox-chr-clim.com\/index.php\/wp-json\/wp\/v2\/comments?post=109816"}],"wp:featuredmedia":[{"embeddable":true,"href":"https:\/\/abinox-chr-clim.com\/index.php\/wp-json\/wp\/v2\/media\/106103"}],"wp:attachment":[{"href":"https:\/\/abinox-chr-clim.com\/index.php\/wp-json\/wp\/v2\/media?parent=109816"}],"wp:term":[{"taxonomy":"product_brand","embeddable":true,"href":"https:\/\/abinox-chr-clim.com\/index.php\/wp-json\/wp\/v2\/product_brand?post=109816"},{"taxonomy":"product_cat","embeddable":true,"href":"https:\/\/abinox-chr-clim.com\/index.php\/wp-json\/wp\/v2\/product_cat?post=109816"},{"taxonomy":"product_tag","embeddable":true,"href":"https:\/\/abinox-chr-clim.com\/index.php\/wp-json\/wp\/v2\/product_tag?post=109816"}],"curies":[{"name":"wp","href":"https:\/\/api.w.org\/{rel}","templated":true}]}}